{"id":98531,"date":"2025-06-06T16:38:46","date_gmt":"2025-06-06T14:38:46","guid":{"rendered":"https:\/\/onesportmallorca.com\/?post_type=product&#038;p=98531"},"modified":"2025-06-06T16:46:36","modified_gmt":"2025-06-06T14:46:36","slug":"cinta-adidas-trx-hb6256","status":"publish","type":"product","link":"https:\/\/onesportmallorca.com\/en\/producto\/cinta-adidas-trx-hb6256\/","title":{"rendered":"Cinta Adidas TRX (HB6256)"},"content":{"rendered":"<h3 class=\"subtitle___9ljbp\">Una banda de sudor para la cabeza para llegar m\u00e1s lejos, hecha parcialmente con Parley Ocean Plastic<\/h3>\n<p class=\"gl-vspace\">Piensa con cabeza fr\u00eda. Mant\u00e9n el sudor fuera de tus ojos y tu concentraci\u00f3n en los senderos con esta banda de sudor para la cabeza adidas Terrex. Incorpora tecnolog\u00eda de absorci\u00f3n AEROREADY que se encarga del sudor para que puedas enfrentarte a cualquier reto con comodidad. Su dise\u00f1o de secado r\u00e1pido mantiene tu cabeza siempre fresca y seca. Esta prenda est\u00e1 confeccionada con hilo que contiene un 50% de Parley Ocean Plastic, un material que ha sido recuperado de residuos pl\u00e1sticos recogidos en islas remotas, playas, comunidades costeras y zonas costeras evitando que contaminen nuestros oc\u00e9anos. Esta prenda contiene al menos un 40% de contenido reciclado en total.<\/p>\n","protected":false},"excerpt":{"rendered":"<p>Una banda de sudor para la cabeza para llegar m\u00e1s lejos, hecha parcialmente con Parley Ocean Plastic Piensa con cabeza<\/p>\n","protected":false},"featured_media":98540,"template":"","meta":[],"product_brand":[7193],"product_cat":[6405,5851],"product_tag":[],"class_list":{"0":"post-98531","1":"product","2":"type-product","3":"status-publish","4":"has-post-thumbnail","6":"product_brand-adidas","7":"product_cat-adidas-en","8":"product_cat-complementos-2-en","10":"first","11":"instock","12":"taxable","13":"shipping-taxable","14":"purchasable","15":"product-type-simple"},"supplier_id":null,"supplier_sku":"","barcode":null,"atum_controlled":true,"out_stock_date":null,"out_stock_threshold":null,"inheritable":false,"inbound_stock":0,"stock_on_hold":0,"sold_today":1,"sales_last_days":1,"reserved_stock":0,"customer_returns":0,"warehouse_damage":0,"lost_in_post":0,"other_logs":0,"out_stock_days":0,"lost_sales":0,"has_location":true,"update_date":"2025-11-29T09:01:41","atum_locations":[{"id":6282,"name":"Tienda Onesport","slug":"tienda_onesport"}],"atum_stock_status":"instock","restock_status":true,"low_stock_amount":"","sales_update_date":"2025-11-29T09:01:40","calc_backorders":null,"_links":{"self":[{"href":"https:\/\/onesportmallorca.com\/en\/wp-json\/wp\/v2\/product\/98531","targetHints":{"allow":["GET"]}}],"collection":[{"href":"https:\/\/onesportmallorca.com\/en\/wp-json\/wp\/v2\/product"}],"about":[{"href":"https:\/\/onesportmallorca.com\/en\/wp-json\/wp\/v2\/types\/product"}],"wp:featuredmedia":[{"embeddable":true,"href":"https:\/\/onesportmallorca.com\/en\/wp-json\/wp\/v2\/media\/98540"}],"wp:attachment":[{"href":"https:\/\/onesportmallorca.com\/en\/wp-json\/wp\/v2\/media?parent=98531"}],"wp:term":[{"taxonomy":"product_brand","embeddable":true,"href":"https:\/\/onesportmallorca.com\/en\/wp-json\/wp\/v2\/product_brand?post=98531"},{"taxonomy":"product_cat","embeddable":true,"href":"https:\/\/onesportmallorca.com\/en\/wp-json\/wp\/v2\/product_cat?post=98531"},{"taxonomy":"product_tag","embeddable":true,"href":"https:\/\/onesportmallorca.com\/en\/wp-json\/wp\/v2\/product_tag?post=98531"}],"curies":[{"name":"wp","href":"https:\/\/api.w.org\/{rel}","templated":true}]}}