{"id":98363,"date":"2025-06-05T12:54:08","date_gmt":"2025-06-05T10:54:08","guid":{"rendered":"https:\/\/onesportmallorca.com\/?post_type=product&#038;p=98363"},"modified":"2025-06-05T13:43:43","modified_gmt":"2025-06-05T11:43:43","slug":"zapatillas-brooks-glycerin-22-w","status":"publish","type":"product","link":"https:\/\/onesportmallorca.com\/en\/producto\/zapatillas-brooks-glycerin-22-w\/","title":{"rendered":"Zapatillas Brooks Glycerin 22 W"},"content":{"rendered":"<p class=\"m-long-description-text\">La comodidad nunca ha sido tan potente gracias a nuestras zapatillas para correr para mujer. Experimenta DNA Tuned, nuestra nueva amortiguaci\u00f3n con nitr\u00f3geno infusionado en la mediasuela que proporciona aterrizajes c\u00f3modos y despegues de puntera con capacidad de respuesta en cada paso.<\/p>\n<h3 class=\"a-type-h6--big m-long-description__label u-spacing-x-small--bottom\">Sostenibilidad<\/h3>\n<div class=\"m-long-description__sustainability\">\n<div class=\"m-long-description__sustainability--container\">\n<div class=\"m-long-description__sustainability--value\">61.3 %<\/div>\n<div class=\"m-long-description__sustainability--text\">Materiales reciclados en el empeine<\/div>\n<\/div>\n<\/div>\n<h3 class=\"a-type-h6--big m-long-description__label u-spacing-x-small--bottom\">Las mejores para\u2026<\/h3>\n<ul class=\"m-long-description__best-for\">\n<li class=\"m-long-description__best-for-item\">\n<div class=\"m-long-description__best-for-text\">Correr en asfalto<\/div>\n<\/li>\n<li class=\"m-long-description__best-for-item\">\n<div class=\"m-long-description__best-for-text\">Largas distancias<\/div>\n<\/li>\n<\/ul>\n<h3 class=\"a-type-h6--big m-long-description__label u-spacing-x-small--bottom\">Caracter\u00edsticas<\/h3>\n<ul class=\"m-long-description__features\">\n<li class=\"m-long-description__feature\">\n<div class=\"m-long-description__feature-text\">Amortiguaci\u00f3n ajustada<\/div>\n<\/li>\n<li class=\"m-long-description__feature\">\n<div class=\"m-long-description__feature-text\">C\u00f3modo ajuste<\/div>\n<\/li>\n<li class=\"m-long-description__feature\">\n<div class=\"m-long-description__feature-text\">Transiciones suaves y estables<\/div>\n<\/li>\n<\/ul>\n","protected":false},"excerpt":{"rendered":"<p>La comodidad nunca ha sido tan potente gracias a nuestras zapatillas para correr para mujer. Experimenta DNA Tuned, nuestra nueva<\/p>\n","protected":false},"featured_media":98166,"template":"","meta":[],"product_brand":[7210],"product_cat":[6411,2240],"product_tag":[],"class_list":{"0":"post-98363","1":"product","2":"type-product","3":"status-publish","4":"has-post-thumbnail","6":"product_brand-brooks","7":"product_cat-brooks-en","8":"product_cat-footwear","10":"first","11":"instock","12":"taxable","13":"shipping-taxable","14":"purchasable","15":"product-type-variable","16":"has-default-attributes","17":"rtwpvg-product"},"supplier_id":null,"supplier_sku":"","barcode":null,"atum_controlled":true,"out_stock_date":null,"out_stock_threshold":null,"inheritable":true,"inbound_stock":0,"stock_on_hold":0,"sold_today":4,"sales_last_days":4,"reserved_stock":0,"customer_returns":0,"warehouse_damage":0,"lost_in_post":0,"other_logs":0,"out_stock_days":null,"lost_sales":0,"has_location":true,"update_date":"2026-03-08T10:24:06","atum_locations":[{"id":6282,"name":"Tienda Onesport","slug":"tienda_onesport"}],"atum_stock_status":"outofstock","restock_status":false,"low_stock_amount":"","sales_update_date":"2025-07-22T08:15:19","calc_backorders":null,"_links":{"self":[{"href":"https:\/\/onesportmallorca.com\/en\/wp-json\/wp\/v2\/product\/98363","targetHints":{"allow":["GET"]}}],"collection":[{"href":"https:\/\/onesportmallorca.com\/en\/wp-json\/wp\/v2\/product"}],"about":[{"href":"https:\/\/onesportmallorca.com\/en\/wp-json\/wp\/v2\/types\/product"}],"wp:featuredmedia":[{"embeddable":true,"href":"https:\/\/onesportmallorca.com\/en\/wp-json\/wp\/v2\/media\/98166"}],"wp:attachment":[{"href":"https:\/\/onesportmallorca.com\/en\/wp-json\/wp\/v2\/media?parent=98363"}],"wp:term":[{"taxonomy":"product_brand","embeddable":true,"href":"https:\/\/onesportmallorca.com\/en\/wp-json\/wp\/v2\/product_brand?post=98363"},{"taxonomy":"product_cat","embeddable":true,"href":"https:\/\/onesportmallorca.com\/en\/wp-json\/wp\/v2\/product_cat?post=98363"},{"taxonomy":"product_tag","embeddable":true,"href":"https:\/\/onesportmallorca.com\/en\/wp-json\/wp\/v2\/product_tag?post=98363"}],"curies":[{"name":"wp","href":"https:\/\/api.w.org\/{rel}","templated":true}]}}