{"id":86375,"date":"2025-03-24T19:57:40","date_gmt":"2025-03-24T18:57:40","guid":{"rendered":"https:\/\/onesportmallorca.com\/?post_type=product&#038;p=86375"},"modified":"2025-06-16T17:22:17","modified_gmt":"2025-06-16T15:22:17","slug":"zapatillas-adidas-terrex-trailmaker-2-ih6348","status":"publish","type":"product","link":"https:\/\/onesportmallorca.com\/en\/producto\/zapatillas-adidas-terrex-trailmaker-2-ih6348\/","title":{"rendered":"Zapatillas Adidas Terrex TrailMaker 2 M Wonder Steel \/ Magic Grey \/ Core Black (IH6348)"},"content":{"rendered":"<h3 class=\"subtitle___9ljbp\">Conquista cualquier sendero<\/h3>\n<p class=\"gl-vspace\">Aprovecha al m\u00e1ximo tus aventuras al aire libre con estas zapatillas de senderismo adidas Terrex Trailmaker 2 para hombre. Con un dise\u00f1o liviano y transpirable, brindan soporte y amortiguaci\u00f3n confiables para que sigas adelante. La suela exterior resistente ofrece un excelente agarre en todo tipo de terreno, para que pueda afrontar los senderos dif\u00edciles con confianza.<\/p>\n","protected":false},"excerpt":{"rendered":"<p>Conquista cualquier sendero Aprovecha al m\u00e1ximo tus aventuras al aire libre con estas zapatillas de senderismo adidas Terrex Trailmaker 2<\/p>\n","protected":false},"featured_media":86420,"template":"","meta":[],"product_brand":[7193],"product_cat":[2240],"product_tag":[6339],"class_list":{"0":"post-86375","1":"product","2":"type-product","3":"status-publish","4":"has-post-thumbnail","6":"product_brand-adidas","7":"product_cat-footwear","8":"product_tag-terrex-en","10":"first","11":"instock","12":"taxable","13":"shipping-taxable","14":"purchasable","15":"product-type-variable","16":"has-default-attributes","17":"rtwpvg-product"},"supplier_id":null,"supplier_sku":"","barcode":null,"atum_controlled":true,"out_stock_date":null,"out_stock_threshold":null,"inheritable":true,"inbound_stock":0,"stock_on_hold":0,"sold_today":4,"sales_last_days":4,"reserved_stock":0,"customer_returns":0,"warehouse_damage":0,"lost_in_post":0,"other_logs":0,"out_stock_days":null,"lost_sales":0,"has_location":true,"update_date":"2025-10-05T10:21:12","atum_locations":[{"id":6282,"name":"Tienda Onesport","slug":"tienda_onesport"}],"atum_stock_status":"instock","restock_status":false,"low_stock_amount":"","sales_update_date":"2025-04-22T11:02:35","calc_backorders":null,"_links":{"self":[{"href":"https:\/\/onesportmallorca.com\/en\/wp-json\/wp\/v2\/product\/86375","targetHints":{"allow":["GET"]}}],"collection":[{"href":"https:\/\/onesportmallorca.com\/en\/wp-json\/wp\/v2\/product"}],"about":[{"href":"https:\/\/onesportmallorca.com\/en\/wp-json\/wp\/v2\/types\/product"}],"wp:featuredmedia":[{"embeddable":true,"href":"https:\/\/onesportmallorca.com\/en\/wp-json\/wp\/v2\/media\/86420"}],"wp:attachment":[{"href":"https:\/\/onesportmallorca.com\/en\/wp-json\/wp\/v2\/media?parent=86375"}],"wp:term":[{"taxonomy":"product_brand","embeddable":true,"href":"https:\/\/onesportmallorca.com\/en\/wp-json\/wp\/v2\/product_brand?post=86375"},{"taxonomy":"product_cat","embeddable":true,"href":"https:\/\/onesportmallorca.com\/en\/wp-json\/wp\/v2\/product_cat?post=86375"},{"taxonomy":"product_tag","embeddable":true,"href":"https:\/\/onesportmallorca.com\/en\/wp-json\/wp\/v2\/product_tag?post=86375"}],"curies":[{"name":"wp","href":"https:\/\/api.w.org\/{rel}","templated":true}]}}