{"id":82744,"date":"2025-02-26T09:58:53","date_gmt":"2025-02-26T08:58:53","guid":{"rendered":"https:\/\/onesportmallorca.com\/?post_type=product&#038;p=82744"},"modified":"2025-07-21T11:18:24","modified_gmt":"2025-07-21T09:18:24","slug":"zapatillas-nnormal-kjerag-brut-n1zksm1","status":"publish","type":"product","link":"https:\/\/onesportmallorca.com\/en\/producto\/zapatillas-nnormal-kjerag-brut-n1zksm1\/","title":{"rendered":"Zapatillas Nnormal Kjerag Brut (N1ZKSM1)"},"content":{"rendered":"<p><span class=\"style_content__U_Haa\">La nueva Kjerag Brut tiene todo lo necesario para que puedas enfrentarte a terrenos complicados y variables, id\u00f3nea para conseguir el m\u00e1ximo rendimiento en carreras en las que haya barro y condiciones desafiantes, con un grip excepcional gracias a sus tacos de 6.5 mm.<\/span><\/p>\n<p>Adaptable a las condiciones: gracias al material Matryx Micro su upper es ligero y transpirable para favorecer el drenaje, sec\u00e1ndose r\u00e1pidamente y haci\u00e9ndola id\u00f3nea en cualquier situaci\u00f3n.<\/p>\n<p>L\u00ednea Kjerag: encarna los mismos principios que nuestra L\u00ednea Kjerag: rapidez, rendimiento y ligereza. Dise\u00f1ada con detalles t\u00e9cnicos m\u00e1s robustos que la hacen ideal para terrenos complicados.<\/p>\n<p>Todoterreno: una zapatilla pensada para pisar fuerte y avanzar ligero en terrenos con barro o terrenos variables debido a las condiciones clim\u00e1ticas. Fiel a nuestro concepto de tener las zapatillas m\u00e1s ligeras posibles.<\/p>\n<p>Kilian&#8217;s Quote<br \/>\n\u00abLa Kjerag Brut tiene lo mejor de la Kjerag: el rebote, la ligereza, la adherencia, la comodidad y te aporta lo que necesitas para terrenos blandos como el lodo o la nieve con una sola agresiva y una parte superior m\u00e1s transpirable para eliminar r\u00e1pidamente el agua cuando corremos en terrenos h\u00famedos. Es la que escojo cuando las condiciones se complican, algo bastante com\u00fan aqu\u00ed en el norte.\u00bb<\/p>\n<p class=\"style_sku__MtB_E\">SKU: N1ZKSM1<\/p>\n","protected":false},"excerpt":{"rendered":"<p><strong>Kjerag Brut<\/strong>, la nueva incorporaci\u00f3n a la familia Kjerag, ofrece el mismo rebote ligero y comodidad que el original, ahora dise\u00f1ado para terrenos blandos, inclinados y verticales. Con una suela de alta tracci\u00f3n para un mejor agarre en barro y nieve, y una parte superior transpirable que evacua el agua r\u00e1pidamente, es la elecci\u00f3n ideal cuando las condiciones se complican.<\/p>\n","protected":false},"featured_media":82847,"template":"","meta":[],"product_brand":[7222],"product_cat":[6292,2240],"product_tag":[],"class_list":{"0":"post-82744","1":"product","2":"type-product","3":"status-publish","4":"has-post-thumbnail","6":"product_brand-nnormal","7":"product_cat-nnormal-en","8":"product_cat-footwear","10":"first","11":"instock","12":"taxable","13":"shipping-taxable","14":"purchasable","15":"product-type-variable","16":"has-default-attributes","17":"rtwpvg-product"},"supplier_id":null,"supplier_sku":"","barcode":null,"atum_controlled":true,"out_stock_date":null,"out_stock_threshold":null,"inheritable":true,"inbound_stock":0,"stock_on_hold":0,"sold_today":1,"sales_last_days":1,"reserved_stock":0,"customer_returns":0,"warehouse_damage":0,"lost_in_post":0,"other_logs":0,"out_stock_days":null,"lost_sales":0,"has_location":true,"update_date":"2025-07-21T09:18:26","atum_locations":[{"id":6282,"name":"Tienda Onesport","slug":"tienda_onesport"}],"atum_stock_status":"instock","restock_status":false,"low_stock_amount":"","sales_update_date":"2025-07-18T08:02:25","calc_backorders":null,"_links":{"self":[{"href":"https:\/\/onesportmallorca.com\/en\/wp-json\/wp\/v2\/product\/82744","targetHints":{"allow":["GET"]}}],"collection":[{"href":"https:\/\/onesportmallorca.com\/en\/wp-json\/wp\/v2\/product"}],"about":[{"href":"https:\/\/onesportmallorca.com\/en\/wp-json\/wp\/v2\/types\/product"}],"wp:featuredmedia":[{"embeddable":true,"href":"https:\/\/onesportmallorca.com\/en\/wp-json\/wp\/v2\/media\/82847"}],"wp:attachment":[{"href":"https:\/\/onesportmallorca.com\/en\/wp-json\/wp\/v2\/media?parent=82744"}],"wp:term":[{"taxonomy":"product_brand","embeddable":true,"href":"https:\/\/onesportmallorca.com\/en\/wp-json\/wp\/v2\/product_brand?post=82744"},{"taxonomy":"product_cat","embeddable":true,"href":"https:\/\/onesportmallorca.com\/en\/wp-json\/wp\/v2\/product_cat?post=82744"},{"taxonomy":"product_tag","embeddable":true,"href":"https:\/\/onesportmallorca.com\/en\/wp-json\/wp\/v2\/product_tag?post=82744"}],"curies":[{"name":"wp","href":"https:\/\/api.w.org\/{rel}","templated":true}]}}