{"id":79286,"date":"2025-02-03T17:56:01","date_gmt":"2025-02-03T16:56:01","guid":{"rendered":"https:\/\/onesportmallorca.com\/?post_type=product&#038;p=79286"},"modified":"2025-02-03T18:28:21","modified_gmt":"2025-02-03T17:28:21","slug":"zapatillas-bullpadel-indiga-25v","status":"publish","type":"product","link":"https:\/\/onesportmallorca.com\/en\/producto\/zapatillas-bullpadel-indiga-25v\/","title":{"rendered":"Zapatillas Bullpadel INDIGA 25V"},"content":{"rendered":"<div id=\"headingdescription\" class=\"card-header\" role=\"tab\">\n<h5 class=\"h5\">DESCRIPCI\u00d3N<\/h5>\n<\/div>\n<div id=\"collapsedescription\" class=\"collapse in\" role=\"tabpanel\" aria-labelledby=\"headingdescription\" aria-expanded=\"true\">\n<div class=\"card-block\">\n<div class=\"product-description\">\n<p>Zapatilla adecuada para jugadores de nivel medio o iniciaci\u00f3n que buscan un calzado flexible y que priman sobre todo el agarre que proporciona una suela de espiga pura. El tejido tipo mesh aporta una transpirabilidad \u00f3ptima.<\/p>\n<\/div>\n<p><strong>TECNOLOG\u00cdA DEL CALZADO<\/strong><\/p>\n<ul>\n<li>MID STAB: Estabilizador central. Fabricado en TPU. Mejora el equilibrio y refuerza la estructura central del arco del pie.<\/li>\n<li>THERMO SEALED: Tecnolog\u00eda sin costuras efecto &#8220;guante&#8221;. Al evitar cosido de piezas separadas, eliminamos peso. Dota al calzado de flexibilidad y resistencia. El mesh aporta transpirabilidad y flexibilidad.<\/li>\n<li>STITCH INSOLE: Insole. Goma EVA con refuerzo textil. Unido al phylon de la mediasuela, mejora la amortiguaci\u00f3n y el confort.<\/li>\n<li>BREATHMESH: Forro interior &#8220;mesh&#8221; textil que aporta confort. Mejora la transpirabilidad.<\/li>\n<li>SOLE SHIELD: Mayor saltura de la suela en los laterales y la puntera para protegerse de los golpes con las paredes.<\/li>\n<li>HERRINGBONE SOLE: Suela de caucho de alta densidad.<br \/>\nDibujo en espiga, espec\u00edfico para las superficies de p\u00e1del. Su dise\u00f1o favorece el m\u00e1ximo agarre y la flexi\u00f3n del pie. Profundidad de 3mm<\/li>\n<\/ul>\n<\/div>\n<\/div>\n","protected":false},"excerpt":{"rendered":"<p>DESCRIPCI\u00d3N Zapatilla adecuada para jugadores de nivel medio o iniciaci\u00f3n que buscan un calzado flexible y que priman sobre todo<\/p>\n","protected":false},"featured_media":79338,"template":"","meta":[],"product_brand":[7211],"product_cat":[6414,2240],"product_tag":[],"class_list":{"0":"post-79286","1":"product","2":"type-product","3":"status-publish","4":"has-post-thumbnail","6":"product_brand-bullpadel","7":"product_cat-bullpadel-en","8":"product_cat-footwear","10":"first","11":"outofstock","12":"taxable","13":"shipping-taxable","14":"purchasable","15":"product-type-variable","16":"has-default-attributes","17":"rtwpvg-product"},"supplier_id":null,"supplier_sku":"","barcode":null,"atum_controlled":true,"out_stock_date":null,"out_stock_threshold":null,"inheritable":true,"inbound_stock":0,"stock_on_hold":0,"sold_today":3,"sales_last_days":3,"reserved_stock":0,"customer_returns":0,"warehouse_damage":0,"lost_in_post":0,"other_logs":0,"out_stock_days":null,"lost_sales":0,"has_location":true,"update_date":"2025-07-30T17:30:08","atum_locations":[{"id":5967,"name":"Shop Duva","slug":"shop_duva"}],"atum_stock_status":"instock","restock_status":false,"low_stock_amount":"","sales_update_date":"2025-03-27T13:02:44","calc_backorders":null,"_links":{"self":[{"href":"https:\/\/onesportmallorca.com\/en\/wp-json\/wp\/v2\/product\/79286","targetHints":{"allow":["GET"]}}],"collection":[{"href":"https:\/\/onesportmallorca.com\/en\/wp-json\/wp\/v2\/product"}],"about":[{"href":"https:\/\/onesportmallorca.com\/en\/wp-json\/wp\/v2\/types\/product"}],"wp:featuredmedia":[{"embeddable":true,"href":"https:\/\/onesportmallorca.com\/en\/wp-json\/wp\/v2\/media\/79338"}],"wp:attachment":[{"href":"https:\/\/onesportmallorca.com\/en\/wp-json\/wp\/v2\/media?parent=79286"}],"wp:term":[{"taxonomy":"product_brand","embeddable":true,"href":"https:\/\/onesportmallorca.com\/en\/wp-json\/wp\/v2\/product_brand?post=79286"},{"taxonomy":"product_cat","embeddable":true,"href":"https:\/\/onesportmallorca.com\/en\/wp-json\/wp\/v2\/product_cat?post=79286"},{"taxonomy":"product_tag","embeddable":true,"href":"https:\/\/onesportmallorca.com\/en\/wp-json\/wp\/v2\/product_tag?post=79286"}],"curies":[{"name":"wp","href":"https:\/\/api.w.org\/{rel}","templated":true}]}}