{"id":78600,"date":"2025-01-30T10:47:05","date_gmt":"2025-01-30T09:47:05","guid":{"rendered":"https:\/\/onesportmallorca.com\/?post_type=product&#038;p=78600"},"modified":"2025-03-24T18:23:42","modified_gmt":"2025-03-24T17:23:42","slug":"zapatilla-adidas-supernova-stride-2-m-core-black-ji1419","status":"publish","type":"product","link":"https:\/\/onesportmallorca.com\/en\/producto\/zapatilla-adidas-supernova-stride-2-m-core-black-ji1419\/","title":{"rendered":"Zapatilla Adidas Supernova Stride 2 M Core Black (JI1419)"},"content":{"rendered":"<div class=\"text-content___13aRm\">\n<h3 class=\"subtitle___9ljbp\">Nada puede detenernos<\/h3>\n<p class=\"gl-vspace\">Atr\u00e9vete con distancias m\u00e1s largas y ritmos m\u00e1s r\u00e1pidos, y experimenta esa incre\u00edble sensaci\u00f3n de satisfacci\u00f3n que conlleva cada nuevo logro. Esta zapatilla de running adidas incorpora una mediasuela h\u00edbrida de EVA con tecnolog\u00eda Dreamstrike+ que te ofrece una pisada m\u00e1s c\u00f3moda y fluida durante toda la carrera. El empeine de malla favorece la ventilaci\u00f3n, mientras que la suela Adiwear te proporciona un agarre excepcional. Al elegir materiales reciclados, podemos dar nueva vida a materiales que ya se han utilizado, lo que contribuye a reducir los residuos. La utilizaci\u00f3n de materiales renovables nos ayuda a acabar con nuestra dependencia de los recursos finitos. Nuestros productos fabricados con materiales reciclados y renovables contienen al menos un 20% de estos materiales.<\/p>\n<\/div>\n<div class=\"media___3wT7q\"><img loading=\"lazy\" decoding=\"async\" class=\"\" src=\"https:\/\/assets.adidas.com\/images\/w_600,f_auto,q_auto\/f0ceda2cf483496c89118ffa677a797f_9366\/Zapatilla_Supernova_Stride_2_Running_Negro_JI1419.jpg\" sizes=\"auto, (max-width: 320px) 320px, (max-width: 420px) 420px, (max-width: 600px) 600px, (max-width: 640px) 640px, (max-width: 840px) 840px\" srcset=\"https:\/\/assets.adidas.com\/images\/h_320,f_auto,q_auto,fl_lossy,c_fill,g_auto\/f0ceda2cf483496c89118ffa677a797f_9366\/Zapatilla_Supernova_Stride_2_Running_Negro_JI1419.jpg 320w, https:\/\/assets.adidas.com\/images\/h_420,f_auto,q_auto,fl_lossy,c_fill,g_auto\/f0ceda2cf483496c89118ffa677a797f_9366\/Zapatilla_Supernova_Stride_2_Running_Negro_JI1419.jpg 420w, https:\/\/assets.adidas.com\/images\/h_600,f_auto,q_auto,fl_lossy,c_fill,g_auto\/f0ceda2cf483496c89118ffa677a797f_9366\/Zapatilla_Supernova_Stride_2_Running_Negro_JI1419.jpg 600w, https:\/\/assets.adidas.com\/images\/h_640,f_auto,q_auto,fl_lossy,c_fill,g_auto\/f0ceda2cf483496c89118ffa677a797f_9366\/Zapatilla_Supernova_Stride_2_Running_Negro_JI1419.jpg 640w, https:\/\/assets.adidas.com\/images\/h_840,f_auto,q_auto,fl_lossy,c_fill,g_auto\/f0ceda2cf483496c89118ffa677a797f_9366\/Zapatilla_Supernova_Stride_2_Running_Negro_JI1419.jpg 840w\" alt=\"\" width=\"291\" height=\"291\" \/><\/div>\n","protected":false},"excerpt":{"rendered":"<p>Nada puede detenernos Atr\u00e9vete con distancias m\u00e1s largas y ritmos m\u00e1s r\u00e1pidos, y experimenta esa incre\u00edble sensaci\u00f3n de satisfacci\u00f3n que<\/p>\n","protected":false},"featured_media":78635,"template":"","meta":[],"product_brand":[7193],"product_cat":[6405,2240],"product_tag":[],"class_list":{"0":"post-78600","1":"product","2":"type-product","3":"status-publish","4":"has-post-thumbnail","6":"product_brand-adidas","7":"product_cat-adidas-en","8":"product_cat-footwear","10":"first","11":"instock","12":"taxable","13":"shipping-taxable","14":"purchasable","15":"product-type-variable","16":"has-default-attributes","17":"rtwpvg-product"},"supplier_id":null,"supplier_sku":"","barcode":null,"atum_controlled":true,"out_stock_date":null,"out_stock_threshold":null,"inheritable":true,"inbound_stock":0,"stock_on_hold":0,"sold_today":2,"sales_last_days":3,"reserved_stock":0,"customer_returns":0,"warehouse_damage":0,"lost_in_post":0,"other_logs":0,"out_stock_days":null,"lost_sales":0,"has_location":false,"update_date":"2025-11-11T11:31:07","atum_locations":[],"atum_stock_status":"instock","restock_status":false,"low_stock_amount":"","sales_update_date":"2025-03-26T10:59:52","calc_backorders":null,"_links":{"self":[{"href":"https:\/\/onesportmallorca.com\/en\/wp-json\/wp\/v2\/product\/78600","targetHints":{"allow":["GET"]}}],"collection":[{"href":"https:\/\/onesportmallorca.com\/en\/wp-json\/wp\/v2\/product"}],"about":[{"href":"https:\/\/onesportmallorca.com\/en\/wp-json\/wp\/v2\/types\/product"}],"wp:featuredmedia":[{"embeddable":true,"href":"https:\/\/onesportmallorca.com\/en\/wp-json\/wp\/v2\/media\/78635"}],"wp:attachment":[{"href":"https:\/\/onesportmallorca.com\/en\/wp-json\/wp\/v2\/media?parent=78600"}],"wp:term":[{"taxonomy":"product_brand","embeddable":true,"href":"https:\/\/onesportmallorca.com\/en\/wp-json\/wp\/v2\/product_brand?post=78600"},{"taxonomy":"product_cat","embeddable":true,"href":"https:\/\/onesportmallorca.com\/en\/wp-json\/wp\/v2\/product_cat?post=78600"},{"taxonomy":"product_tag","embeddable":true,"href":"https:\/\/onesportmallorca.com\/en\/wp-json\/wp\/v2\/product_tag?post=78600"}],"curies":[{"name":"wp","href":"https:\/\/api.w.org\/{rel}","templated":true}]}}