{"id":78206,"date":"2025-01-29T13:14:09","date_gmt":"2025-01-29T12:14:09","guid":{"rendered":"https:\/\/onesportmallorca.com\/?post_type=product&#038;p=78206"},"modified":"2025-01-29T14:28:38","modified_gmt":"2025-01-29T13:28:38","slug":"zapatillas-adidas-adizero-sl2-w-ftwr-carbon-crystal-jade-flash-aqua-ih8197","status":"publish","type":"product","link":"https:\/\/onesportmallorca.com\/en\/producto\/zapatillas-adidas-adizero-sl2-w-ftwr-carbon-crystal-jade-flash-aqua-ih8197\/","title":{"rendered":"Zapatillas Adidas ADIZERO SL2 W Ftwr Carbon\/crystal Jade\/flash Aqua (IH8197)"},"content":{"rendered":"<div class=\"mt-4 text-justify\">Experimenta un nuevo est\u00e1ndar en el running con las zapatillas Adizero SL2 para mujer. Estos corredores listos para la carrera cuentan con una parte superior de malla dise\u00f1ada para brindar transpirabilidad, combinada con una suela de goma duradera para brindar tracci\u00f3n. La innovadora tecnolog\u00eda Lightstrike y Lightstrike Pro proporciona una amortiguaci\u00f3n ligera, allanando el camino para carreras m\u00e1s r\u00e1pidas y m\u00e1s largas. Ponte los cordones y siente la diferencia del dise\u00f1o avanzado de adidas.<\/div>\n<table class=\"table table-striped table-product-dimensions table-light table-bordered- table-sm mt-3\">\n<colgroup>\n<col width=\"30%\" \/>\n<col width=\"70%\" \/><\/colgroup>\n<tbody>\n<tr>\n<td class=\"font-weight-500\">Fit<\/td>\n<td>Regular<\/td>\n<\/tr>\n<\/tbody>\n<\/table>\n","protected":false},"excerpt":{"rendered":"<p>Experimenta un nuevo est\u00e1ndar en el running con las zapatillas Adizero SL2 para mujer. Estos corredores listos para la carrera<\/p>\n","protected":false},"featured_media":78233,"template":"","meta":[],"product_brand":[],"product_cat":[6405,2240],"product_tag":[],"class_list":{"0":"post-78206","1":"product","2":"type-product","3":"status-publish","4":"has-post-thumbnail","6":"product_cat-adidas-en","7":"product_cat-footwear","9":"first","10":"instock","11":"taxable","12":"shipping-taxable","13":"purchasable","14":"product-type-variable","15":"has-default-attributes","16":"rtwpvg-product"},"supplier_id":null,"supplier_sku":"","barcode":null,"atum_controlled":true,"out_stock_date":null,"out_stock_threshold":null,"inheritable":true,"inbound_stock":0,"stock_on_hold":0,"sold_today":4,"sales_last_days":4,"reserved_stock":0,"customer_returns":0,"warehouse_damage":0,"lost_in_post":0,"other_logs":0,"out_stock_days":null,"lost_sales":0,"has_location":true,"update_date":"2025-11-13T11:53:04","atum_locations":[{"id":6282,"name":"Tienda Onesport","slug":"tienda_onesport"}],"atum_stock_status":"instock","restock_status":false,"low_stock_amount":"","sales_update_date":"2025-03-26T18:41:41","calc_backorders":null,"_links":{"self":[{"href":"https:\/\/onesportmallorca.com\/en\/wp-json\/wp\/v2\/product\/78206","targetHints":{"allow":["GET"]}}],"collection":[{"href":"https:\/\/onesportmallorca.com\/en\/wp-json\/wp\/v2\/product"}],"about":[{"href":"https:\/\/onesportmallorca.com\/en\/wp-json\/wp\/v2\/types\/product"}],"wp:featuredmedia":[{"embeddable":true,"href":"https:\/\/onesportmallorca.com\/en\/wp-json\/wp\/v2\/media\/78233"}],"wp:attachment":[{"href":"https:\/\/onesportmallorca.com\/en\/wp-json\/wp\/v2\/media?parent=78206"}],"wp:term":[{"taxonomy":"product_brand","embeddable":true,"href":"https:\/\/onesportmallorca.com\/en\/wp-json\/wp\/v2\/product_brand?post=78206"},{"taxonomy":"product_cat","embeddable":true,"href":"https:\/\/onesportmallorca.com\/en\/wp-json\/wp\/v2\/product_cat?post=78206"},{"taxonomy":"product_tag","embeddable":true,"href":"https:\/\/onesportmallorca.com\/en\/wp-json\/wp\/v2\/product_tag?post=78206"}],"curies":[{"name":"wp","href":"https:\/\/api.w.org\/{rel}","templated":true}]}}