{"id":76280,"date":"2025-01-21T13:24:55","date_gmt":"2025-01-21T12:24:55","guid":{"rendered":"https:\/\/onesportmallorca.com\/?post_type=product&#038;p=76280"},"modified":"2025-09-16T13:51:22","modified_gmt":"2025-09-16T11:51:22","slug":"cinturon-joma-r-nature","status":"publish","type":"product","link":"https:\/\/onesportmallorca.com\/en\/producto\/cinturon-joma-r-nature\/","title":{"rendered":"Cintur\u00f3n Joma R-Nature"},"content":{"rendered":"<h3>Descripci\u00f3n<\/h3>\n<p>&nbsp;<\/p>\n<p>Cintur\u00f3n de hidrataci\u00f3n para trail running. Dise\u00f1ado para transportar lo esencial durante las salidas de trail running y asegurar un avituallamiento f\u00e1cil y r\u00e1pido.<\/p>\n<p>Este cintur\u00f3n ergon\u00f3mico se adapta a todos los f\u00edsicos evitando los deslizamientos y amortiguaciones. Est\u00e1 elaborado con tejido transpirable usando la tecnolog\u00eda MICRO-MESH SYSTEM, ultraligero y el\u00e1stico. Su acabado con banda el\u00e1stica proporciona un ajuste excepcional.<\/p>\n<p>Es perfecto para guardar diversos art\u00edculos o alimentos (2,5 L), ya que est\u00e1 equipado con dos bolsillos el\u00e1sticos, un gran bolsillo trasero con cremallera y tirador, y dos gomas traseras antideslizantes para los bastones.<\/p>\n<p>Igualmente, cuenta con printings reflectantes, entre ellos el logotipo Joma. Funcionan como detalles de seguridad al elevar la visibilidad del runner en situaciones de poca luminosidad.<\/p>\n<p>Medidas tomadas en plano (sin estirar):<\/p>\n<p>56 cm de di\u00e1metro en talla S<\/p>\n<p>64 cm de di\u00e1metro en talla M<\/p>\n<p>72 cm de di\u00e1metro en talla L<\/p>\n<p>&nbsp;<\/p>\n<h3>Caracter\u00edsticas<\/h3>\n<ul class=\"double-column\">\n<li>Bolsillos<\/li>\n<li>Bolsillo con cremallera<\/li>\n<li>Bolsillo frontal<\/li>\n<li>Tejido el\u00e1stico y transpirable<\/li>\n<li>Incluye tecnolog\u00eda Micro-Mesh en las zonas de mayor sudoraci\u00f3n<\/li>\n<li>Detalles reflectantes<\/li>\n<li>Capacidad 2,5 L<\/li>\n<li>100% Poli\u00e9ster<\/li>\n<\/ul>\n","protected":false},"excerpt":{"rendered":"<p>Descripci\u00f3n &nbsp; Cintur\u00f3n de hidrataci\u00f3n para trail running. Dise\u00f1ado para transportar lo esencial durante las salidas de trail running y<\/p>\n","protected":false},"featured_media":76237,"template":"","meta":[],"product_brand":[7223],"product_cat":[6384,5851],"product_tag":[],"class_list":{"0":"post-76280","1":"product","2":"type-product","3":"status-publish","4":"has-post-thumbnail","6":"product_brand-joma","7":"product_cat-joma-en","8":"product_cat-complementos-2-en","10":"first","11":"instock","12":"taxable","13":"shipping-taxable","14":"purchasable","15":"product-type-variable","16":"has-default-attributes","17":"rtwpvg-product"},"supplier_id":null,"supplier_sku":"","barcode":null,"atum_controlled":true,"out_stock_date":null,"out_stock_threshold":null,"inheritable":true,"inbound_stock":0,"stock_on_hold":0,"sold_today":3,"sales_last_days":3,"reserved_stock":0,"customer_returns":0,"warehouse_damage":0,"lost_in_post":0,"other_logs":0,"out_stock_days":null,"lost_sales":0,"has_location":true,"update_date":"2026-03-12T10:46:39","atum_locations":[{"id":6282,"name":"Tienda Onesport","slug":"tienda_onesport"}],"atum_stock_status":"instock","restock_status":false,"low_stock_amount":"","sales_update_date":"2025-06-02T18:02:39","calc_backorders":null,"_links":{"self":[{"href":"https:\/\/onesportmallorca.com\/en\/wp-json\/wp\/v2\/product\/76280","targetHints":{"allow":["GET"]}}],"collection":[{"href":"https:\/\/onesportmallorca.com\/en\/wp-json\/wp\/v2\/product"}],"about":[{"href":"https:\/\/onesportmallorca.com\/en\/wp-json\/wp\/v2\/types\/product"}],"wp:featuredmedia":[{"embeddable":true,"href":"https:\/\/onesportmallorca.com\/en\/wp-json\/wp\/v2\/media\/76237"}],"wp:attachment":[{"href":"https:\/\/onesportmallorca.com\/en\/wp-json\/wp\/v2\/media?parent=76280"}],"wp:term":[{"taxonomy":"product_brand","embeddable":true,"href":"https:\/\/onesportmallorca.com\/en\/wp-json\/wp\/v2\/product_brand?post=76280"},{"taxonomy":"product_cat","embeddable":true,"href":"https:\/\/onesportmallorca.com\/en\/wp-json\/wp\/v2\/product_cat?post=76280"},{"taxonomy":"product_tag","embeddable":true,"href":"https:\/\/onesportmallorca.com\/en\/wp-json\/wp\/v2\/product_tag?post=76280"}],"curies":[{"name":"wp","href":"https:\/\/api.w.org\/{rel}","templated":true}]}}