{"id":75655,"date":"2025-01-10T12:06:35","date_gmt":"2025-01-10T11:06:35","guid":{"rendered":"https:\/\/onesportmallorca.com\/?post_type=product&#038;p=75655"},"modified":"2025-06-05T12:41:38","modified_gmt":"2025-06-05T10:41:38","slug":"zapatillas-brooks-glycerin-22-m","status":"publish","type":"product","link":"https:\/\/onesportmallorca.com\/en\/producto\/zapatillas-brooks-glycerin-22-m\/","title":{"rendered":"Zapatillas Brooks Glycerin 22 M"},"content":{"rendered":"<p class=\"m-long-description-text\">Si\u00e9ntete sin l\u00edmites con estas zapatillas para correr para hombre super c\u00f3modas. La mediasuela est\u00e1 hecha de DNA Tuned, la innovadora amortiguaci\u00f3n con nitr\u00f3geno infusionado. El tal\u00f3n contiene celdas grandes para los aterrizajes suaves, mientras que el antepi\u00e9 tiene celdas peque\u00f1as para los despegues potentes.<\/p>\n<h3 class=\"a-type-h6--big m-long-description__label u-spacing-x-small--bottom\">Sostenibilidad<\/h3>\n<div class=\"m-long-description__sustainability\">\n<div class=\"m-long-description__sustainability--value\">61.3 %<\/div>\n<div class=\"m-long-description__sustainability--text\">Materiales reciclados en el empeine<\/div>\n<\/div>\n<h3 class=\"a-type-h6--big m-long-description__label u-spacing-x-small--bottom\">Las mejores para\u2026<\/h3>\n<ul class=\"m-long-description__best-for\">\n<li class=\"m-long-description__best-for-item\">\n<div class=\"m-long-description__best-for-icon\" aria-hidden=\"true\"><img loading=\"lazy\" decoding=\"async\" class=\"a-responsive-image__img\" src=\"https:\/\/www.brooksrunning.com\/on\/demandware.static\/-\/Sites-brooks-master-catalog\/default\/dwdf8b4e34\/specs\/PDP-BestFor-FTW-Road.svg\" alt=\"\" width=\"78\" height=\"78\" \/><\/div>\n<div class=\"m-long-description__best-for-text\">Correr en asfalto<\/div>\n<\/li>\n<li class=\"m-long-description__best-for-item\">\n<div class=\"m-long-description__best-for-icon\" aria-hidden=\"true\"><img loading=\"lazy\" decoding=\"async\" class=\"a-responsive-image__img\" src=\"https:\/\/www.brooksrunning.com\/on\/demandware.static\/-\/Sites-brooks-master-catalog\/default\/dwea695240\/specs\/PDP-BestFor-FTW-Walking.svg\" alt=\"\" width=\"68\" height=\"65\" \/><\/div>\n<div class=\"m-long-description__best-for-text\">Largas distancias<\/div>\n<\/li>\n<\/ul>\n<h3 class=\"a-type-h6--big m-long-description__label u-spacing-x-small--bottom\">Caracter\u00edsticas<\/h3>\n<ul class=\"m-long-description__features\">\n<li class=\"m-long-description__feature\">Amortiguaci\u00f3n ajustada<\/li>\n<li class=\"m-long-description__feature\">C\u00f3modo ajuste<\/li>\n<li class=\"m-long-description__feature\">Transiciones suaves y estables<\/li>\n<\/ul>\n<table class=\"m-definitions-table\" role=\"presentation\">\n<tbody>\n<tr class=\"m-definition-widget\">\n<td class=\"m-definition-widget__term\">\n<div class=\"m-info-label\">\n<p class=\"m-info-label__headline a-type-h4\" role=\"heading\" aria-level=\"2\">Dise\u00f1ada para<\/p>\n<\/div>\n<\/td>\n<td class=\"m-definition-widget__definition\">\n<div class=\"a-type-p--caption\">Carretera<\/div>\n<\/td>\n<\/tr>\n<\/tbody>\n<\/table>\n<table class=\"m-definitions-table\" role=\"presentation\">\n<tbody>\n<tr class=\"m-definition-widget\">\n<td class=\"m-definition-widget__term\">\n<div class=\"m-info-label\">\n<p class=\"m-info-label__headline a-type-h4\" role=\"heading\" aria-level=\"2\">Ca\u00edda De La Entresuela<\/p>\n<\/div>\n<\/td>\n<td class=\"m-definition-widget__definition\">\n<div class=\"a-type-p--caption\">10mm<\/div>\n<\/td>\n<\/tr>\n<\/tbody>\n<\/table>\n<div class=\"m-features-widget m-features-widget--accent-circle\">\n<div class=\"m-info-label\">\n<p class=\"m-info-label__headline a-type-h4\" role=\"heading\" aria-level=\"2\">Tipo de experiencia<\/p>\n<p>&nbsp;<\/p>\n<\/div>\n<div class=\"selector-grid\">\n<div class=\"o-compare-table__content-img\"><picture class=\"a-responsive-image\"><img decoding=\"async\" class=\"a-responsive-image__img\" src=\"https:\/\/www.brooksrunning.com\/on\/demandware.static\/-\/Library-Sites-BrooksRunningShared\/default\/dw71154433\/images\/compare-table\/pcp-compare-shoe-exp-cushion.png\" srcset=\"https:\/\/www.brooksrunning.com\/on\/demandware.static\/-\/Library-Sites-BrooksRunningShared\/default\/dw71154433\/images\/compare-table\/pcp-compare-shoe-exp-cushion.png\" alt=\"Cushion\" \/><\/picture><\/div>\n<p class=\"o-compare-table__content-title a-type-h5\">Cushion<\/p>\n<p class=\"o-compare-table__content-text a-type-p--caption\">Una pisada suave y sensaci\u00f3n de ir flotando, gracias a la amortiguaci\u00f3n afelpada, dise\u00f1ada para que te diviertas y disfrutes de tu carrera.<\/p>\n<\/div>\n<\/div>\n<div class=\"m-features-widget m-features-widget--accent-line\">\n<div class=\"m-info-label\">\n<p class=\"m-info-label__headline a-type-h4\" role=\"heading\" aria-level=\"2\">Nivel de amortiguaci\u00f3n<\/p>\n<\/div>\n<ul class=\"a-features-list a-features-list__spectrum spec_CushionLevel\">\n<li class=\"a-feature-item x-small a-features-list__spectrum--mid a-feature-item--marked a-features-list__spectrum--render\" aria-current=\"true\"><span class=\"a-features-list__spectrum--text spectrum-spec_CushionLevel\">M\u00e1s amortiguaci\u00f3n<\/span><\/li>\n<\/ul>\n<\/div>\n<div class=\"m-features-widget m-features-widget--accent-line\">\n<div class=\"m-info-label\">\n<p class=\"m-info-label__headline a-type-h4\" role=\"heading\" aria-level=\"2\">Nivel de soporte<\/p>\n<\/div>\n<ul class=\"a-features-list a-features-list__spectrum spec_FootwearSupportType\">\n<li class=\"a-feature-item x-small a-features-list__spectrum--first a-feature-item--marked a-features-list__spectrum--render\" aria-current=\"true\"><span class=\"a-features-list__spectrum--text spectrum-spec_FootwearSupportType\">Neutro<\/span><\/li>\n<\/ul>\n<\/div>\n","protected":false},"excerpt":{"rendered":"<p>Si\u00e9ntete sin l\u00edmites con estas zapatillas para correr para hombre super c\u00f3modas. La mediasuela est\u00e1 hecha de DNA Tuned, la<\/p>\n","protected":false},"featured_media":75695,"template":"","meta":[],"product_brand":[7210],"product_cat":[6411,2240],"product_tag":[],"class_list":{"0":"post-75655","1":"product","2":"type-product","3":"status-publish","4":"has-post-thumbnail","6":"product_brand-brooks","7":"product_cat-brooks-en","8":"product_cat-footwear","10":"first","11":"instock","12":"taxable","13":"shipping-taxable","14":"purchasable","15":"product-type-variable","16":"has-default-attributes","17":"rtwpvg-product"},"supplier_id":null,"supplier_sku":"","barcode":null,"atum_controlled":true,"out_stock_date":null,"out_stock_threshold":null,"inheritable":true,"inbound_stock":0,"stock_on_hold":0,"sold_today":2,"sales_last_days":2,"reserved_stock":0,"customer_returns":0,"warehouse_damage":0,"lost_in_post":0,"other_logs":0,"out_stock_days":null,"lost_sales":0,"has_location":true,"update_date":"2025-07-01T09:46:21","atum_locations":[{"id":6282,"name":"Tienda Onesport","slug":"tienda_onesport"}],"atum_stock_status":"instock","restock_status":false,"low_stock_amount":"","sales_update_date":"2025-07-01T09:46:21","calc_backorders":null,"_links":{"self":[{"href":"https:\/\/onesportmallorca.com\/en\/wp-json\/wp\/v2\/product\/75655","targetHints":{"allow":["GET"]}}],"collection":[{"href":"https:\/\/onesportmallorca.com\/en\/wp-json\/wp\/v2\/product"}],"about":[{"href":"https:\/\/onesportmallorca.com\/en\/wp-json\/wp\/v2\/types\/product"}],"wp:featuredmedia":[{"embeddable":true,"href":"https:\/\/onesportmallorca.com\/en\/wp-json\/wp\/v2\/media\/75695"}],"wp:attachment":[{"href":"https:\/\/onesportmallorca.com\/en\/wp-json\/wp\/v2\/media?parent=75655"}],"wp:term":[{"taxonomy":"product_brand","embeddable":true,"href":"https:\/\/onesportmallorca.com\/en\/wp-json\/wp\/v2\/product_brand?post=75655"},{"taxonomy":"product_cat","embeddable":true,"href":"https:\/\/onesportmallorca.com\/en\/wp-json\/wp\/v2\/product_cat?post=75655"},{"taxonomy":"product_tag","embeddable":true,"href":"https:\/\/onesportmallorca.com\/en\/wp-json\/wp\/v2\/product_tag?post=75655"}],"curies":[{"name":"wp","href":"https:\/\/api.w.org\/{rel}","templated":true}]}}