{"id":75381,"date":"2025-01-09T13:25:04","date_gmt":"2025-01-09T12:25:04","guid":{"rendered":"https:\/\/onesportmallorca.com\/?post_type=product&#038;p=75381"},"modified":"2025-06-30T18:46:31","modified_gmt":"2025-06-30T16:46:31","slug":"zapatillas-brooks-cascadia-18-w-black-blue-wash-flame","status":"publish","type":"product","link":"https:\/\/onesportmallorca.com\/en\/producto\/zapatillas-brooks-cascadia-18-w-black-blue-wash-flame\/","title":{"rendered":"Zapatillas Brooks Cascadia 18 W Black\/Blue Wash\/Flame"},"content":{"rendered":"<p>RESISTENCIA TRANSPIRABLE<br \/>\n<strong>Parte superior protectora<\/strong><br \/>\nLa parte superior de malla transpirable se seca r\u00e1pidamente, mientras que las capas superpuestas en las \u00e1reas de mayor desgaste mejoran la durabilidad para soportar las exigencias del trail running.<\/p>\n<p>SUAVE Y ESTABLE<br \/>\n<strong>Comodidad acolchada y agarre seguro<\/strong><\/p>\n<p>La amortiguaci\u00f3n suave protege tus pies en cualquier terreno, mientras que la suela de goma con agarre proporciona una mejor tracci\u00f3n en superficies h\u00famedas y secas, y cuenta con un 25 % de material reciclado.<\/p>\n<p>COMODIDAD TODO TERRENO<br \/>\n<strong>Estabilidad adaptable<\/strong><br \/>\nNuestro sistema Trail Adapt brinda estabilidad a los corredores al combinar tres elementos: amortiguaci\u00f3n liviana y reactiva, una placa protectora y adaptable y almohadillas en la suela que responden a terrenos irregulares.<\/p>\n","protected":false},"excerpt":{"rendered":"<p>RESISTENCIA TRANSPIRABLE Parte superior protectora La parte superior de malla transpirable se seca r\u00e1pidamente, mientras que las capas superpuestas en<\/p>\n","protected":false},"featured_media":75411,"template":"","meta":[],"product_brand":[7210],"product_cat":[6411,2240],"product_tag":[],"class_list":{"0":"post-75381","1":"product","2":"type-product","3":"status-publish","4":"has-post-thumbnail","6":"product_brand-brooks","7":"product_cat-brooks-en","8":"product_cat-footwear","10":"first","11":"instock","12":"sale","13":"taxable","14":"shipping-taxable","15":"purchasable","16":"product-type-variable","17":"has-default-attributes","18":"rtwpvg-product"},"supplier_id":null,"supplier_sku":"","barcode":null,"atum_controlled":true,"out_stock_date":null,"out_stock_threshold":null,"inheritable":true,"inbound_stock":0,"stock_on_hold":0,"sold_today":1,"sales_last_days":1,"reserved_stock":0,"customer_returns":0,"warehouse_damage":0,"lost_in_post":0,"other_logs":0,"out_stock_days":null,"lost_sales":0,"has_location":true,"update_date":"2025-07-13T09:35:01","atum_locations":[{"id":6282,"name":"Tienda Onesport","slug":"tienda_onesport"}],"atum_stock_status":"instock","restock_status":false,"low_stock_amount":"","sales_update_date":"2025-06-30T16:41:07","calc_backorders":null,"_links":{"self":[{"href":"https:\/\/onesportmallorca.com\/en\/wp-json\/wp\/v2\/product\/75381","targetHints":{"allow":["GET"]}}],"collection":[{"href":"https:\/\/onesportmallorca.com\/en\/wp-json\/wp\/v2\/product"}],"about":[{"href":"https:\/\/onesportmallorca.com\/en\/wp-json\/wp\/v2\/types\/product"}],"wp:featuredmedia":[{"embeddable":true,"href":"https:\/\/onesportmallorca.com\/en\/wp-json\/wp\/v2\/media\/75411"}],"wp:attachment":[{"href":"https:\/\/onesportmallorca.com\/en\/wp-json\/wp\/v2\/media?parent=75381"}],"wp:term":[{"taxonomy":"product_brand","embeddable":true,"href":"https:\/\/onesportmallorca.com\/en\/wp-json\/wp\/v2\/product_brand?post=75381"},{"taxonomy":"product_cat","embeddable":true,"href":"https:\/\/onesportmallorca.com\/en\/wp-json\/wp\/v2\/product_cat?post=75381"},{"taxonomy":"product_tag","embeddable":true,"href":"https:\/\/onesportmallorca.com\/en\/wp-json\/wp\/v2\/product_tag?post=75381"}],"curies":[{"name":"wp","href":"https:\/\/api.w.org\/{rel}","templated":true}]}}