{"id":74480,"date":"2025-01-03T18:34:31","date_gmt":"2025-01-03T17:34:31","guid":{"rendered":"https:\/\/onesportmallorca.com\/?post_type=product&#038;p=74480"},"modified":"2025-11-09T11:46:56","modified_gmt":"2025-11-09T10:46:56","slug":"on-cloudmonster-1-m-frost-black-61-97728","status":"publish","type":"product","link":"https:\/\/onesportmallorca.com\/en\/producto\/on-cloudmonster-1-m-frost-black-61-97728\/","title":{"rendered":"On CloudMonster 1 M Frost | Black (61.97728)"},"content":{"rendered":"<h2 class=\"_imageTitle_1v335_89\">Una CloudTec\u00ae monstruosa<\/h2>\n<p class=\"_description_1v335_110\">Si buscas unas zapatillas con la amortiguaci\u00f3n subida, las acabas de encontrar. La combinaci\u00f3n de la entresuela CloudTec\u00ae y un Speedboard\u00ae ultrapotente las hace \u00fanicas en garantizar aterrizajes c\u00f3modos y despegues realmente poderosos. Hay que sentirlo para creerlo.<\/p>\n<p>&nbsp;<\/p>\n<h2 class=\"_imageTitle_1v335_89\">Avanza hacia la diversi\u00f3n<\/h2>\n<p class=\"_description_1v335_110\">Su forma \u00fanica de rocker te impulsa a disfrutar de cada carrera. Una vez puestas, no te las querr\u00e1s quitar, aunque es realmente f\u00e1cil. Adem\u00e1s, est\u00e1n hechas con materiales reciclados, y su plantilla suave y el upper transpirable son ligeros, duraderos y aguantan cualquier temperatura.<\/p>\n<p>&nbsp;<\/p>\n<h2 class=\"_imageTitle_1v335_89\">\u00c9chales kil\u00f3metros<\/h2>\n<p class=\"_description_1v335_110\">Puedes sacarlas a trotar 5 km o a darlo todo en una carrera de 20 km. Puedes ir despacio, puedes ir r\u00e1pido, porque su versatilidad lo aguanta todo. Su amortiguaci\u00f3n CloudTec\u00ae siempre te impulsar\u00e1 hacia adelante con potencia, para que la energ\u00eda sea la protagonista de cada una de tus carreras.<\/p>\n<p>&nbsp;<\/p>\n<h2 class=\"_title_pjr0g_58\">Detalles del producto<\/h2>\n<ul class=\"_usps_pjr0g_76\">\n<li class=\"\">\n<p class=\"_usp_pjr0g_76\">Peso: 275g<\/p>\n<\/li>\n<li class=\"\">\n<p class=\"_usp_pjr0g_76\">Zapatillas con una amortiguaci\u00f3n bestial que se siente<\/p>\n<\/li>\n<li class=\"\">\n<p class=\"_usp_pjr0g_76\">Plantilla y upper suaves para un confort incre\u00edble<\/p>\n<\/li>\n<li class=\"\">\n<p class=\"_usp_pjr0g_76\">\u00c1gil Speedboard\u00ae para un excelente retorno de energ\u00eda<\/p>\n<\/li>\n<li class=\"\">\n<p class=\"_usp_pjr0g_76\">Dise\u00f1o \u00fanico del rocker para avanzar sin esfuerzo<\/p>\n<\/li>\n<li class=\"\">\n<p class=\"_usp_pjr0g_76\">Superespuma Helion\u2122 que absorbe los impactos al correr<\/p>\n<\/li>\n<li class=\"\">\n<p class=\"_usp_pjr0g_76\">Ligeras y duraderas, aguantan cualquier temperatura<\/p>\n<\/li>\n<\/ul>\n","protected":false},"excerpt":{"rendered":"<p>Una CloudTec\u00ae monstruosa Si buscas unas zapatillas con la amortiguaci\u00f3n subida, las acabas de encontrar. La combinaci\u00f3n de la entresuela<\/p>\n","protected":false},"featured_media":74511,"template":"","meta":[],"product_brand":[7203],"product_cat":[6426,2240,5957],"product_tag":[],"class_list":{"0":"post-74480","1":"product","2":"type-product","3":"status-publish","4":"has-post-thumbnail","6":"product_brand-on-running","7":"product_cat-onr-en","8":"product_cat-footwear","9":"product_cat-outlet-en","11":"first","12":"outofstock","13":"sale","14":"taxable","15":"shipping-taxable","16":"purchasable","17":"product-type-variable","18":"has-default-attributes","19":"rtwpvg-product"},"supplier_id":null,"supplier_sku":"","barcode":null,"atum_controlled":true,"out_stock_date":null,"out_stock_threshold":null,"inheritable":true,"inbound_stock":0,"stock_on_hold":0,"sold_today":1,"sales_last_days":2,"reserved_stock":0,"customer_returns":0,"warehouse_damage":0,"lost_in_post":0,"other_logs":0,"out_stock_days":null,"lost_sales":0,"has_location":true,"update_date":"2025-12-05T13:42:45","atum_locations":[{"id":6282,"name":"Tienda Onesport","slug":"tienda_onesport"}],"atum_stock_status":"instock","restock_status":false,"low_stock_amount":"","sales_update_date":"2025-12-05T13:42:45","calc_backorders":null,"_links":{"self":[{"href":"https:\/\/onesportmallorca.com\/en\/wp-json\/wp\/v2\/product\/74480","targetHints":{"allow":["GET"]}}],"collection":[{"href":"https:\/\/onesportmallorca.com\/en\/wp-json\/wp\/v2\/product"}],"about":[{"href":"https:\/\/onesportmallorca.com\/en\/wp-json\/wp\/v2\/types\/product"}],"wp:featuredmedia":[{"embeddable":true,"href":"https:\/\/onesportmallorca.com\/en\/wp-json\/wp\/v2\/media\/74511"}],"wp:attachment":[{"href":"https:\/\/onesportmallorca.com\/en\/wp-json\/wp\/v2\/media?parent=74480"}],"wp:term":[{"taxonomy":"product_brand","embeddable":true,"href":"https:\/\/onesportmallorca.com\/en\/wp-json\/wp\/v2\/product_brand?post=74480"},{"taxonomy":"product_cat","embeddable":true,"href":"https:\/\/onesportmallorca.com\/en\/wp-json\/wp\/v2\/product_cat?post=74480"},{"taxonomy":"product_tag","embeddable":true,"href":"https:\/\/onesportmallorca.com\/en\/wp-json\/wp\/v2\/product_tag?post=74480"}],"curies":[{"name":"wp","href":"https:\/\/api.w.org\/{rel}","templated":true}]}}