{"id":73552,"date":"2024-12-17T18:14:39","date_gmt":"2024-12-17T17:14:39","guid":{"rendered":"https:\/\/onesportmallorca.com\/producto\/zapatillas-adidas-gamecourt-2-w\/"},"modified":"2025-06-10T13:26:34","modified_gmt":"2025-06-10T11:26:34","slug":"zapatillas-adidas-gamecourt-2-w","status":"publish","type":"product","link":"https:\/\/onesportmallorca.com\/en\/producto\/zapatillas-adidas-gamecourt-2-w\/","title":{"rendered":"Zapatillas Adidas GAMECOURT 2 W"},"content":{"rendered":"<div class=\"mt-4 text-justify\">No pierdas ni un gramo de confianza. La parte superior de malla ligera y el tal\u00f3n acolchado de la zapatilla adidas Gamecourt 2.0 la convierten en la compa\u00f1era perfecta en la pista de tenis. La mediasuela de EVA te permite cubrir con comodidad todos los \u00e1ngulos. La suela Adiwear garantiza una excelente tracci\u00f3n y resistencia al desgaste en los cambios de direcci\u00f3n en pistas duras.<\/div>\n<table class=\"table table-striped table-product-dimensions table-light table-bordered- table-sm mt-3\">\n<colgroup>\n<col width=\"30%\" \/>\n<col width=\"70%\" \/><\/colgroup>\n<tbody>\n<tr>\n<td class=\"font-weight-500\">1-<\/td>\n<td>Horma cl\u00e1sica<\/td>\n<\/tr>\n<tr>\n<td class=\"font-weight-500\">2-<\/td>\n<td>Cierre de cordones<\/td>\n<\/tr>\n<tr>\n<td class=\"font-weight-500\">3-<\/td>\n<td>Parte superior de malla perforada<\/td>\n<\/tr>\n<tr>\n<td class=\"font-weight-500\">4-<\/td>\n<td>Panel acolchado en el tobillo<\/td>\n<\/tr>\n<tr>\n<td class=\"font-weight-500\">5-<\/td>\n<td>Forro textil<\/td>\n<\/tr>\n<tr>\n<td class=\"font-weight-500\">6-<\/td>\n<td>Mediasuela de EVA<\/td>\n<\/tr>\n<tr>\n<td class=\"font-weight-500\">Composici\u00f3n<\/td>\n<td>TEXTILE\/SYNTHETICS<\/td>\n<\/tr>\n<\/tbody>\n<\/table>\n","protected":false},"excerpt":{"rendered":"<p>No pierdas ni un gramo de confianza. La parte superior de malla ligera y el tal\u00f3n acolchado de la zapatilla<\/p>\n","protected":false},"featured_media":73553,"template":"","meta":[],"product_brand":[7193],"product_cat":[6405,2240],"product_tag":[],"class_list":{"0":"post-73552","1":"product","2":"type-product","3":"status-publish","4":"has-post-thumbnail","6":"product_brand-adidas","7":"product_cat-adidas-en","8":"product_cat-footwear","10":"first","11":"instock","12":"taxable","13":"shipping-taxable","14":"purchasable","15":"product-type-variable","16":"has-default-attributes","17":"rtwpvg-product"},"supplier_id":null,"supplier_sku":"","barcode":null,"atum_controlled":true,"out_stock_date":null,"out_stock_threshold":null,"inheritable":true,"inbound_stock":0,"stock_on_hold":0,"sold_today":5,"sales_last_days":6,"reserved_stock":0,"customer_returns":0,"warehouse_damage":0,"lost_in_post":0,"other_logs":0,"out_stock_days":null,"lost_sales":0,"has_location":true,"update_date":"2025-10-14T11:55:30","atum_locations":[{"id":5967,"name":"Shop Duva","slug":"shop_duva"}],"atum_stock_status":"instock","restock_status":false,"low_stock_amount":"","sales_update_date":"2025-06-20T10:02:33","calc_backorders":null,"_links":{"self":[{"href":"https:\/\/onesportmallorca.com\/en\/wp-json\/wp\/v2\/product\/73552","targetHints":{"allow":["GET"]}}],"collection":[{"href":"https:\/\/onesportmallorca.com\/en\/wp-json\/wp\/v2\/product"}],"about":[{"href":"https:\/\/onesportmallorca.com\/en\/wp-json\/wp\/v2\/types\/product"}],"wp:featuredmedia":[{"embeddable":true,"href":"https:\/\/onesportmallorca.com\/en\/wp-json\/wp\/v2\/media\/73553"}],"wp:attachment":[{"href":"https:\/\/onesportmallorca.com\/en\/wp-json\/wp\/v2\/media?parent=73552"}],"wp:term":[{"taxonomy":"product_brand","embeddable":true,"href":"https:\/\/onesportmallorca.com\/en\/wp-json\/wp\/v2\/product_brand?post=73552"},{"taxonomy":"product_cat","embeddable":true,"href":"https:\/\/onesportmallorca.com\/en\/wp-json\/wp\/v2\/product_cat?post=73552"},{"taxonomy":"product_tag","embeddable":true,"href":"https:\/\/onesportmallorca.com\/en\/wp-json\/wp\/v2\/product_tag?post=73552"}],"curies":[{"name":"wp","href":"https:\/\/api.w.org\/{rel}","templated":true}]}}