{"id":71014,"date":"2024-12-07T09:22:14","date_gmt":"2024-12-07T08:22:14","guid":{"rendered":"https:\/\/onesportmallorca.com\/?post_type=product&#038;p=71014"},"modified":"2026-02-16T18:00:27","modified_gmt":"2026-02-16T17:00:27","slug":"zapatillas-adidas-adizero-boston-12-m-core-white-dark-blue-ji4476","status":"publish","type":"product","link":"https:\/\/onesportmallorca.com\/en\/producto\/zapatillas-adidas-adizero-boston-12-m-core-white-dark-blue-ji4476\/","title":{"rendered":"Zapatillas Adidas Adizero Boston 12 M Core White\/Dark Blue (JI4476)"},"content":{"rendered":"<h3 class=\"subtitle___9ljbp\">ENTRENA PARA SER M\u00c1S VELOZ<\/h3>\n<p class=\"gl-vspace\">La marat\u00f3n de Boston es m\u00e1s que una carrera. Es un objetivo, un plan de entrenamiento y un pensamiento que te acompa\u00f1a en los meses previos al gran d\u00eda. La zapatilla Adizero Boston 12 de adidas se ha dise\u00f1ado para carreras de media y larga distancia. Las varillas ENERGYRODS 2.0 bajo el pie reducen la p\u00e9rdida de energ\u00eda y garantizan una m\u00e1xima propulsi\u00f3n en cada zancada. La durabilidad tambi\u00e9n es compatible con la velocidad. Por eso, la mediasuela combina la tecnolog\u00eda de amortiguaci\u00f3n LIGHTSTRIKE PRO ultraligera y la nueva espuma EVA LIGHTSTRIKE 2.0 de gran resistencia al desgaste.<\/p>\n<p>&nbsp;<\/p>\n<div class=\"accordion__header-text___2o9Im\">\n<h2 class=\"accordion-title___2sTgR\">Detalles<\/h2>\n<\/div>\n<div class=\"accordion__content___29x9h\">\n<div class=\"content-padding___2kVWQ\">\n<div class=\"bullets___3bsSs\" data-auto-id=\"specifications-section\">\n<ul class=\"gl-list\">\n<li class=\"gl-vspace-bpall-small\">Horma cl\u00e1sica<\/li>\n<li class=\"gl-vspace-bpall-small\">Cierre de cordones<\/li>\n<li class=\"gl-vspace-bpall-small\">Empeine de malla ligera<\/li>\n<li class=\"gl-vspace-bpall-small\">Forro textil<\/li>\n<li class=\"gl-vspace-bpall-small\">Varillas ENERGYRODS 2.0 que reducen la p\u00e9rdida de energ\u00eda<\/li>\n<li class=\"gl-vspace-bpall-small\">Tecnolog\u00eda de amortiguaci\u00f3n Lightstrike Pro<\/li>\n<\/ul>\n<ul class=\"gl-list\">\n<li class=\"gl-vspace-bpall-small\">Peso: 270 g (talla 42 2\/3)<\/li>\n<li class=\"gl-vspace-bpall-small\">Drop: 7 mm (tal\u00f3n: 38 mm \/ antepi\u00e9: 31 mm)<\/li>\n<li class=\"gl-vspace-bpall-small\">Suela con compuesto de caucho Continental\u2122<\/li>\n<li class=\"gl-vspace-bpall-small\">El empeine contiene al menos un 50% de material reciclado<\/li>\n<li class=\"gl-vspace-bpall-small\">Color del art\u00edculo: Core White \/ Dark Blue \/ Pure Ruby<\/li>\n<li class=\"gl-vspace-bpall-small\">N\u00famero de art\u00edculo: JI4476<\/li>\n<\/ul>\n<div class=\"accordion__header-text___2o9Im\">\n<h2 class=\"accordion-title___2sTgR\">Caracter\u00edsticas<\/h2>\n<\/div>\n<div class=\"accordion__header-icon___2FuRa\"><\/div>\n<div class=\"accordion__content___29x9h\">\n<div class=\"content-padding___2kVWQ\">\n<div class=\"features-section___1pumR\">\n<div class=\"item___1X-1_\">\n<p><img decoding=\"async\" class=\"img_with_fallback___2aHBu feature-icon___3S9eQ\" src=\"https:\/\/brand.assets.adidas.com\/image\/upload\/racing_2ad458e885.png\" srcset=\"\" alt=\"\" data-auto-id=\"image\" \/><\/p>\n<p class=\"feature-icon-text___3Owgv\">Competici\u00f3n<\/p>\n<\/div>\n<div class=\"item___1X-1_\">\n<p><img decoding=\"async\" class=\"img_with_fallback___2aHBu feature-icon___3S9eQ\" src=\"https:\/\/brand.assets.adidas.com\/image\/upload\/medium_6590f83e0a.png\" srcset=\"\" alt=\"\" data-auto-id=\"image\" \/><\/p>\n<p class=\"feature-icon-text___3Owgv\">Distancia media (5 &#8211; 20 km)<\/p>\n<\/div>\n<div class=\"item___1X-1_\">\n<p><img decoding=\"async\" class=\"img_with_fallback___2aHBu feature-icon___3S9eQ\" src=\"https:\/\/brand.assets.adidas.com\/image\/upload\/neutral_16b16d1637.png\" srcset=\"\" alt=\"\" data-auto-id=\"image\" \/><\/p>\n<p class=\"feature-icon-text___3Owgv\">Pisada neutra<\/p>\n<p class=\"feature-icon-summary-small___31Rc0\">\n<\/div>\n<div class=\"item___1X-1_\">\n<p><img decoding=\"async\" class=\"img_with_fallback___2aHBu feature-icon___3S9eQ\" src=\"https:\/\/brand.assets.adidas.com\/image\/upload\/regular_a176d1f2d6.png\" srcset=\"\" alt=\"\" data-auto-id=\"image\" \/><\/p>\n<p class=\"feature-icon-text___3Owgv\">Horma cl\u00e1sica Unisex<\/p>\n<\/div>\n<div class=\"special-item___2Ohsx\">\n<p class=\"feature-icon-title___v-KQG\">7mm<\/p>\n<p class=\"feature-icon-summary-small___31Rc0\">Drop del tal\u00f3n a la puntera<\/p>\n<p class=\"feature-icon-summary-small___31Rc0\">38mm \/ 31mm<\/p>\n<\/div>\n<div class=\"special-item___2Ohsx\">\n<p class=\"feature-icon-title___v-KQG\">260g<\/p>\n<p class=\"feature-icon-summary-small___31Rc0\">Talla 42 2\/3<\/p>\n<\/div>\n<div class=\"accordion__header-icon___2FuRa\"><\/div>\n<div class=\"accordion__content___29x9h\">\n<div class=\"content-padding___2kVWQ\">\n<div class=\"technologies-section___3gZqW technologies-section--no-img___B_YZF\">\n<div class=\"technologies-content-container--no-img___wNKqW\">\n<div class=\"technologies-content-name___kkx_0\">LIGHTSTRIKE<\/div>\n<div class=\"technologies-content-title___moWj6\"><strong>La ligereza es velocidad<\/strong><\/div>\n<p class=\"technologies-content-subtitle___2bGCf\">Adidas Lightstrike proporciona una amortiguaci\u00f3n ultraligera para una velocidad nunca vista.<\/p>\n<\/div>\n<\/div>\n<div class=\"technologies-section___3gZqW technologies-section--no-img___B_YZF\">\n<div class=\"technologies-content-container--no-img___wNKqW\">\n<div class=\"technologies-content-name___kkx_0\">LIGHTSTRIKE PRO<\/div>\n<div class=\"technologies-content-title___moWj6\"><strong>M\u00e1xima ligereza<\/strong><\/div>\n<p class=\"technologies-content-subtitle___2bGCf\">Adidas Lightstrike Pro ofrece una amortiguaci\u00f3n ultraligera y un retorno de energ\u00eda incre\u00edble para una velocidad nunca vista.<\/p>\n<p>&nbsp;<\/p>\n<\/div>\n<div class=\"accordion__header-text___2o9Im\">\n<h2 class=\"accordion-title___2sTgR\">Destacado<\/h2>\n<\/div>\n<div class=\"accordion__content___29x9h\">\n<div class=\"content-padding___2kVWQ\">\n<div class=\"highlights___19JOq\">\n<div class=\"highlights-list___19FSM highlights-list--text-only___2yfW2\">\n<div class=\"highlight___3fa4r\">\n<div class=\"highlight-text___lgoJI\">\n<h3 class=\"highlight-text__headline___25B2G\">Malla t\u00e9cnica<\/h3>\n<p>Encuentra tu ritmo mientras entrenas con el ajuste y la ventilaci\u00f3n que necesitas. Disfruta de una sujeci\u00f3n estrat\u00e9gica en zonas clave que te garantiza un refuerzo \u00f3ptimo en el mediopi\u00e9 y mayor libertad de movimiento en la puntera.<\/p>\n<\/div>\n<\/div>\n<div class=\"highlight___3fa4r\">\n<div class=\"highlight-text___lgoJI\">\n<h3 class=\"highlight-text__headline___25B2G\">ENERGYRODS 2.0<\/h3>\n<p>Un sistema hol\u00edstico creado para una transici\u00f3n fluida del tal\u00f3n a la puntera y un rendimiento \u00f3ptimo en carreras y entrenamientos de velocidad.<\/p>\n<\/div>\n<\/div>\n<div class=\"highlight___3fa4r\">\n<div class=\"highlight-text___lgoJI\">\n<h3 class=\"highlight-text__headline___25B2G\">Lightstrike Pro + Lightstrike 2.0<\/h3>\n<p>Incorpora una mediasuela compuesta de varias capas de espuma Lightstrike Pro de alto rendimiento en combinaci\u00f3n con la nueva tecnolog\u00eda Lightstrike 2.0 dise\u00f1ada para aportar amortiguaci\u00f3n y dinamismo a tu carrera. La suela Continental\u2122 proporciona un agarre \u00f3ptimo incluso en condiciones adversas.<\/p>\n<\/div>\n<\/div>\n<div class=\"highlight___3fa4r\">\n<div class=\"highlight-text___lgoJI\">\n<h3 class=\"highlight-text__headline___25B2G\">Confeccionada parcialmente con materiales reciclados<\/h3>\n<p>El empeine contiene al menos un 50% de material reciclado. Su objetivo es plantear otra soluci\u00f3n m\u00e1s que ayude a acabar con los residuos pl\u00e1sticos.<\/p>\n<\/div>\n<\/div>\n<\/div>\n<\/div>\n<\/div>\n<\/div>\n<\/div>\n<\/div>\n<\/div>\n<\/div>\n<\/div>\n<\/div>\n<\/div>\n<\/div>\n<\/div>\n","protected":false},"excerpt":{"rendered":"<p>ENTRENA PARA SER M\u00c1S VELOZ La marat\u00f3n de Boston es m\u00e1s que una carrera. Es un objetivo, un plan de<\/p>\n","protected":false},"featured_media":71053,"template":"","meta":[],"product_brand":[7193],"product_cat":[6405,2240],"product_tag":[],"class_list":{"0":"post-71014","1":"product","2":"type-product","3":"status-publish","4":"has-post-thumbnail","6":"product_brand-adidas","7":"product_cat-adidas-en","8":"product_cat-footwear","10":"first","11":"instock","12":"sale","13":"taxable","14":"shipping-taxable","15":"purchasable","16":"product-type-variable","17":"rtwpvg-product"},"supplier_id":null,"supplier_sku":"","barcode":null,"atum_controlled":true,"out_stock_date":null,"out_stock_threshold":null,"inheritable":true,"inbound_stock":0,"stock_on_hold":0,"sold_today":3,"sales_last_days":4,"reserved_stock":0,"customer_returns":0,"warehouse_damage":0,"lost_in_post":0,"other_logs":0,"out_stock_days":null,"lost_sales":0,"has_location":false,"update_date":"2026-03-23T17:38:38","atum_locations":[],"atum_stock_status":"instock","restock_status":false,"low_stock_amount":"","sales_update_date":"2025-01-25T11:26:34","calc_backorders":null,"_links":{"self":[{"href":"https:\/\/onesportmallorca.com\/en\/wp-json\/wp\/v2\/product\/71014","targetHints":{"allow":["GET"]}}],"collection":[{"href":"https:\/\/onesportmallorca.com\/en\/wp-json\/wp\/v2\/product"}],"about":[{"href":"https:\/\/onesportmallorca.com\/en\/wp-json\/wp\/v2\/types\/product"}],"wp:featuredmedia":[{"embeddable":true,"href":"https:\/\/onesportmallorca.com\/en\/wp-json\/wp\/v2\/media\/71053"}],"wp:attachment":[{"href":"https:\/\/onesportmallorca.com\/en\/wp-json\/wp\/v2\/media?parent=71014"}],"wp:term":[{"taxonomy":"product_brand","embeddable":true,"href":"https:\/\/onesportmallorca.com\/en\/wp-json\/wp\/v2\/product_brand?post=71014"},{"taxonomy":"product_cat","embeddable":true,"href":"https:\/\/onesportmallorca.com\/en\/wp-json\/wp\/v2\/product_cat?post=71014"},{"taxonomy":"product_tag","embeddable":true,"href":"https:\/\/onesportmallorca.com\/en\/wp-json\/wp\/v2\/product_tag?post=71014"}],"curies":[{"name":"wp","href":"https:\/\/api.w.org\/{rel}","templated":true}]}}