{"id":70800,"date":"2024-12-06T18:35:50","date_gmt":"2024-12-06T17:35:50","guid":{"rendered":"https:\/\/onesportmallorca.com\/?post_type=product&#038;p=70800"},"modified":"2025-08-24T13:14:47","modified_gmt":"2025-08-24T11:14:47","slug":"zapatillas-adidas-courtquick-padel-m-ftwr-white-core-black-ie3925","status":"publish","type":"product","link":"https:\/\/onesportmallorca.com\/en\/producto\/zapatillas-adidas-courtquick-padel-m-ftwr-white-core-black-ie3925\/","title":{"rendered":"Zapatillas Adidas Courtquick Padel M FTWR White\/Core Black (IE3925)"},"content":{"rendered":"<h3 class=\"subtitle___9ljbp\">Vuela sobre la pista de p\u00e1del<\/h3>\n<p class=\"gl-vspace\">Para dominar la pista de p\u00e1del, la velocidad es fundamental. Esta zapatilla adidas Courtquick combina un empeine textil ligero con una estructura Slingframe que aporta estabilidad en los giros y cambios r\u00e1pidos de direcci\u00f3n. La mediasuela flexible Bounce y la amortiguaci\u00f3n Cloudfoam te garantizan una pisada m\u00e1s c\u00f3moda. Este producto contiene al menos un 20% de materiales reciclados. Utilizando materiales reciclados, reducimos los residuos, nuestra dependencia de los recursos finitos y la huella que generan los productos que fabricamos.<\/p>\n<p>&nbsp;<\/p>\n<div class=\"accordion__header-text___2o9Im\">\n<h2 class=\"accordion-title___2sTgR\">Detalles<\/h2>\n<\/div>\n<div class=\"accordion__header-icon___2FuRa\"><\/div>\n<div class=\"accordion__content___29x9h\">\n<div class=\"content-padding___2kVWQ\">\n<div class=\"bullets___3bsSs\" data-auto-id=\"specifications-section\">\n<ul class=\"gl-list\">\n<li class=\"gl-vspace-bpall-small\">Horma cl\u00e1sica<\/li>\n<li class=\"gl-vspace-bpall-small\">Cierre de cordones<\/li>\n<li class=\"gl-vspace-bpall-small\">Empeine textil y sint\u00e9tico<\/li>\n<li class=\"gl-vspace-bpall-small\">Amortiguaci\u00f3n Cloudfoam<\/li>\n<li class=\"gl-vspace-bpall-small\">Mediasuela Bounce<\/li>\n<\/ul>\n<ul class=\"gl-list\">\n<li class=\"gl-vspace-bpall-small\">Puntera Adituff<\/li>\n<li class=\"gl-vspace-bpall-small\">Suela Adiwear<\/li>\n<li class=\"gl-vspace-bpall-small\">Contiene al menos un 20% de material reciclado<\/li>\n<li class=\"gl-vspace-bpall-small\">Color del art\u00edculo: Cloud White \/ Core Black \/ Lucid Red<\/li>\n<li class=\"gl-vspace-bpall-small\">N\u00famero de art\u00edculo: IE3925<\/li>\n<\/ul>\n<\/div>\n<\/div>\n<\/div>\n","protected":false},"excerpt":{"rendered":"<p>Vuela sobre la pista de p\u00e1del Para dominar la pista de p\u00e1del, la velocidad es fundamental. Esta zapatilla adidas Courtquick<\/p>\n","protected":false},"featured_media":70878,"template":"","meta":[],"product_brand":[],"product_cat":[2240],"product_tag":[],"class_list":{"0":"post-70800","1":"product","2":"type-product","3":"status-publish","4":"has-post-thumbnail","6":"product_cat-footwear","8":"first","9":"outofstock","10":"taxable","11":"shipping-taxable","12":"purchasable","13":"product-type-variable","14":"rtwpvg-product"},"supplier_id":null,"supplier_sku":"","barcode":null,"atum_controlled":true,"out_stock_date":null,"out_stock_threshold":null,"inheritable":true,"inbound_stock":0,"stock_on_hold":0,"sold_today":2,"sales_last_days":2,"reserved_stock":0,"customer_returns":0,"warehouse_damage":0,"lost_in_post":0,"other_logs":0,"out_stock_days":null,"lost_sales":0,"has_location":true,"update_date":"2025-08-11T17:32:21","atum_locations":[{"id":5967,"name":"Shop Duva","slug":"shop_duva"}],"atum_stock_status":"instock","restock_status":false,"low_stock_amount":"","sales_update_date":"2025-06-20T10:02:35","calc_backorders":null,"_links":{"self":[{"href":"https:\/\/onesportmallorca.com\/en\/wp-json\/wp\/v2\/product\/70800","targetHints":{"allow":["GET"]}}],"collection":[{"href":"https:\/\/onesportmallorca.com\/en\/wp-json\/wp\/v2\/product"}],"about":[{"href":"https:\/\/onesportmallorca.com\/en\/wp-json\/wp\/v2\/types\/product"}],"wp:featuredmedia":[{"embeddable":true,"href":"https:\/\/onesportmallorca.com\/en\/wp-json\/wp\/v2\/media\/70878"}],"wp:attachment":[{"href":"https:\/\/onesportmallorca.com\/en\/wp-json\/wp\/v2\/media?parent=70800"}],"wp:term":[{"taxonomy":"product_brand","embeddable":true,"href":"https:\/\/onesportmallorca.com\/en\/wp-json\/wp\/v2\/product_brand?post=70800"},{"taxonomy":"product_cat","embeddable":true,"href":"https:\/\/onesportmallorca.com\/en\/wp-json\/wp\/v2\/product_cat?post=70800"},{"taxonomy":"product_tag","embeddable":true,"href":"https:\/\/onesportmallorca.com\/en\/wp-json\/wp\/v2\/product_tag?post=70800"}],"curies":[{"name":"wp","href":"https:\/\/api.w.org\/{rel}","templated":true}]}}