{"id":70660,"date":"2024-12-04T12:28:30","date_gmt":"2024-12-04T11:28:30","guid":{"rendered":"https:\/\/onesportmallorca.com\/producto\/zapatillas-brooks-ghost-max-2-w\/"},"modified":"2025-12-04T12:26:50","modified_gmt":"2025-12-04T11:26:50","slug":"zapatillas-brooks-ghost-max-2-w","status":"publish","type":"product","link":"https:\/\/onesportmallorca.com\/en\/producto\/zapatillas-brooks-ghost-max-2-w\/","title":{"rendered":"Zapatillas Brooks Ghost Max 2 W"},"content":{"rendered":"<p class=\"m-long-description-text\">C\u00f3modas, suaves y protectoras, las zapatillas running asfalto para mujer Ghost\u00a0Max\u00a02 ofrecen el m\u00e1ximo confort para correr y caminar. Con un mont\u00f3n de nuestra amortiguaci\u00f3n c\u00f3moda y ligera, una forma de balanc\u00edn que te ayuda activamente a moverte desde el aterrizaje hasta el despegue y una base ancha para una mayor estabilidad, las Ghost\u00a0Max\u00a02 est\u00e1n listas para rodar.<\/p>\n<h3 class=\"a-type-h6--big m-long-description__label u-spacing-x-small--bottom\">Sostenibilidad<\/h3>\n<div class=\"m-long-description__sustainability\">\n<div class=\"m-long-description__sustainability--value\">54.9 %<\/div>\n<div class=\"m-long-description__sustainability--text\">Materiales reciclados en el empeine<\/div>\n<div class=\"m-long-description__sustainability--value\">6.18<\/div>\n<div class=\"m-long-description__sustainability--text\">Botellas de pl\u00e1stico que no han llegado a los vertederos<\/div>\n<p class=\"t-subtitle t-subtitle--medium u-spacing-x-small--top t-subtitle--highlight\">Este producto cuenta con el certificado de producto CarbonNeutral\u00ae.<\/p>\n<\/div>\n<h3 class=\"a-type-h6--big m-long-description__label u-spacing-x-small--bottom\">Las mejores para\u2026<\/h3>\n<ul class=\"m-long-description__best-for\">\n<li class=\"m-long-description__best-for-item\">\n<div class=\"m-long-description__best-for-icon\" aria-hidden=\"true\"><img loading=\"lazy\" decoding=\"async\" class=\"a-responsive-image__img\" src=\"https:\/\/www.brooksrunning.com\/on\/demandware.static\/-\/Sites-brooks-master-catalog\/default\/dwee8d28ad\/specs\/PDP-BestFor-FTW-Max-Cushion.svg\" alt=\"\" width=\"78\" height=\"78\" \/><\/div>\n<div class=\"m-long-description__best-for-text\">M\u00e1xima amortiguaci\u00f3n<\/div>\n<\/li>\n<li class=\"m-long-description__best-for-item\">\n<div class=\"m-long-description__best-for-icon\" aria-hidden=\"true\"><img loading=\"lazy\" decoding=\"async\" class=\"a-responsive-image__img\" src=\"https:\/\/www.brooksrunning.com\/on\/demandware.static\/-\/Sites-brooks-master-catalog\/default\/dwb19bcc7d\/specs\/PDP-BestFor-FTW-Rocker.svg\" alt=\"\" width=\"91\" height=\"91\" \/><\/div>\n<div class=\"m-long-description__best-for-text\">Transiciones asistidas sencillas<\/div>\n<\/li>\n<li class=\"m-long-description__best-for-item\">\n<div class=\"m-long-description__best-for-icon\" aria-hidden=\"true\"><img loading=\"lazy\" decoding=\"async\" class=\"a-responsive-image__img\" src=\"https:\/\/www.brooksrunning.com\/on\/demandware.static\/-\/Sites-brooks-master-catalog\/default\/dwdf8b4e34\/specs\/PDP-BestFor-FTW-Road.svg\" alt=\"\" width=\"64\" height=\"64\" \/><\/div>\n<div class=\"m-long-description__best-for-text\">Correr en asfalto<\/div>\n<\/li>\n<li class=\"m-long-description__best-for-item\">\n<div class=\"m-long-description__best-for-icon\" aria-hidden=\"true\"><img loading=\"lazy\" decoding=\"async\" class=\"a-responsive-image__img\" src=\"https:\/\/www.brooksrunning.com\/on\/demandware.static\/-\/Sites-brooks-master-catalog\/default\/dwea695240\/specs\/PDP-BestFor-FTW-Walking.svg\" alt=\"\" width=\"73\" height=\"70\" \/><\/div>\n<div class=\"m-long-description__best-for-text\">Caminar<\/div>\n<\/li>\n<\/ul>\n<h3 class=\"a-type-h6--big m-long-description__label u-spacing-x-small--bottom\">Caracter\u00edsticas<\/h3>\n<ul class=\"m-long-description__features\">\n<li class=\"m-long-description__feature\">\n<div class=\"m-long-description__feature--bullets\" aria-hidden=\"true\">M\u00c1X amortiguaci\u00f3n<\/div>\n<\/li>\n<li class=\"m-long-description__feature\">\n<div class=\"m-long-description__feature--bullets\" aria-hidden=\"true\">Dise\u00f1o de protecci\u00f3n<\/div>\n<\/li>\n<li class=\"m-long-description__feature\">\n<div class=\"m-long-description__feature--bullets\" aria-hidden=\"true\">Transiciones asistidas<\/div>\n<\/li>\n<li class=\"m-long-description__feature\">\n<div class=\"m-long-description__feature--bullets\" aria-hidden=\"true\">Pisada estable<\/div>\n<\/li>\n<\/ul>\n<p>Dise\u00f1ada para Carretera<\/p>\n<p>Drop: 6mm<\/p>\n<div class=\"m-features-widget m-features-widget--accent-circle\">\n<div class=\"m-info-label\">\n<p class=\"m-info-label__headline a-type-h4\" role=\"heading\" aria-level=\"2\">Tipo de experiencia<\/p>\n<\/div>\n<div class=\"selector-grid\">\n<div class=\"o-compare-table__content-img\"><picture class=\"a-responsive-image\"><img decoding=\"async\" class=\"a-responsive-image__img\" src=\"https:\/\/www.brooksrunning.com\/on\/demandware.static\/-\/Library-Sites-BrooksRunningShared\/default\/dw71154433\/images\/compare-table\/pcp-compare-shoe-exp-cushion.png\" srcset=\"https:\/\/www.brooksrunning.com\/on\/demandware.static\/-\/Library-Sites-BrooksRunningShared\/default\/dw71154433\/images\/compare-table\/pcp-compare-shoe-exp-cushion.png\" alt=\"Cushion\" \/><\/picture><\/div>\n<p class=\"o-compare-table__content-title a-type-h5\">Cushion<\/p>\n<p class=\"o-compare-table__content-text a-type-p--caption\">Una pisada suave y sensaci\u00f3n de ir flotando, gracias a la amortiguaci\u00f3n afelpada, dise\u00f1ada para que te diviertas y disfrutes de tu carrera.<\/p>\n<\/div>\n<\/div>\n<div class=\"m-features-widget m-features-widget--accent-line\">\n<div class=\"m-info-label\">\n<p class=\"m-info-label__headline a-type-h4\" role=\"heading\" aria-level=\"2\">Nivel de amortiguaci\u00f3n<\/p>\n<\/div>\n<ul class=\"a-features-list a-features-list__spectrum spec_CushionLevel\">\n<li class=\"a-feature-item x-small a-features-list__spectrum--last a-feature-item--marked a-features-list__spectrum--render\" aria-current=\"true\"><span class=\"a-features-list__spectrum--text spectrum-spec_CushionLevel\">M\u00e1xima amortiguaci\u00f3n<\/span><\/li>\n<\/ul>\n<\/div>\n<div class=\"m-features-widget m-features-widget--accent-line\">\n<div class=\"m-info-label\">\n<p class=\"m-info-label__headline a-type-h4\" role=\"heading\" aria-level=\"2\">Nivel de soporte<\/p>\n<\/div>\n<ul class=\"a-features-list a-features-list__spectrum spec_FootwearSupportType\">\n<li class=\"a-feature-item x-small a-features-list__spectrum--first a-feature-item--marked a-features-list__spectrum--render\" aria-current=\"true\"><span class=\"a-features-list__spectrum--text spectrum-spec_FootwearSupportType\">Neutro<\/span><\/li>\n<\/ul>\n<\/div>\n<p>&nbsp;<\/p>\n","protected":false},"excerpt":{"rendered":"<p>C\u00f3modas, suaves y protectoras, las zapatillas running asfalto para mujer Ghost\u00a0Max\u00a02 ofrecen el m\u00e1ximo confort para correr y caminar. Con<\/p>\n","protected":false},"featured_media":70484,"template":"","meta":[],"product_brand":[7210],"product_cat":[6411,2240,5957],"product_tag":[],"class_list":{"0":"post-70660","1":"product","2":"type-product","3":"status-publish","4":"has-post-thumbnail","6":"product_brand-brooks","7":"product_cat-brooks-en","8":"product_cat-footwear","9":"product_cat-outlet-en","11":"first","12":"instock","13":"sale","14":"taxable","15":"shipping-taxable","16":"purchasable","17":"product-type-variable","18":"has-default-attributes","19":"rtwpvg-product"},"supplier_id":null,"supplier_sku":"","barcode":null,"atum_controlled":true,"out_stock_date":null,"out_stock_threshold":null,"inheritable":true,"inbound_stock":0,"stock_on_hold":0,"sold_today":3,"sales_last_days":3,"reserved_stock":0,"customer_returns":0,"warehouse_damage":0,"lost_in_post":0,"other_logs":0,"out_stock_days":null,"lost_sales":0,"has_location":true,"update_date":"2025-12-04T11:26:53","atum_locations":[{"id":6282,"name":"Tienda Onesport","slug":"tienda_onesport"}],"atum_stock_status":"instock","restock_status":false,"low_stock_amount":"","sales_update_date":"2025-07-01T09:46:23","calc_backorders":null,"_links":{"self":[{"href":"https:\/\/onesportmallorca.com\/en\/wp-json\/wp\/v2\/product\/70660","targetHints":{"allow":["GET"]}}],"collection":[{"href":"https:\/\/onesportmallorca.com\/en\/wp-json\/wp\/v2\/product"}],"about":[{"href":"https:\/\/onesportmallorca.com\/en\/wp-json\/wp\/v2\/types\/product"}],"wp:featuredmedia":[{"embeddable":true,"href":"https:\/\/onesportmallorca.com\/en\/wp-json\/wp\/v2\/media\/70484"}],"wp:attachment":[{"href":"https:\/\/onesportmallorca.com\/en\/wp-json\/wp\/v2\/media?parent=70660"}],"wp:term":[{"taxonomy":"product_brand","embeddable":true,"href":"https:\/\/onesportmallorca.com\/en\/wp-json\/wp\/v2\/product_brand?post=70660"},{"taxonomy":"product_cat","embeddable":true,"href":"https:\/\/onesportmallorca.com\/en\/wp-json\/wp\/v2\/product_cat?post=70660"},{"taxonomy":"product_tag","embeddable":true,"href":"https:\/\/onesportmallorca.com\/en\/wp-json\/wp\/v2\/product_tag?post=70660"}],"curies":[{"name":"wp","href":"https:\/\/api.w.org\/{rel}","templated":true}]}}