{"id":69324,"date":"2024-11-21T09:20:15","date_gmt":"2024-11-21T08:20:15","guid":{"rendered":"https:\/\/onesportmallorca.com\/?post_type=product&#038;p=69324"},"modified":"2024-12-02T13:01:16","modified_gmt":"2024-12-02T12:01:16","slug":"zapatillas-joma-reactive-viper-men-2511-lime","status":"publish","type":"product","link":"https:\/\/onesportmallorca.com\/en\/producto\/zapatillas-joma-reactive-viper-men-2511-lime\/","title":{"rendered":"Zapatillas Joma REACTIVE Viper Men 2511 LIME"},"content":{"rendered":"<p>Zapatillas de running para hombre. Contin\u00faa el m\u00edtico modelo Storm Viper de zapatillas mixtas y vers\u00e1tiles. Por su altura y el material de la mediasuela, son perfectas para aquellos runners que necesitan un extra de impulso para mejorar su rendimiento. Su excelente comodidad reducen las molestias musculares y favorecen la recuperaci\u00f3n.<\/p>\n<p>Upper elaborado con mesh acabado en Jacquard personalizado. Se le ha aplicado el sistema de perforaciones VTS, que aseguran la ventilaci\u00f3n del sudor y dejan el pie a temperatura constante. El sistema de ajuste termosellado JOMA SPORTECH facilita la sujeci\u00f3n sin a\u00f1adir peso a las zapatillas. Leng\u00fceta acolchada unida al corte.<\/p>\n<p>Mediasuela con drop 8 mm elaborada en una sola pieza con la tecnolog\u00eda amortiguadora y reactiva REACTIVE BALL. Este material se expande y luego recupera su forma r\u00e1pidamente. Adem\u00e1s, una pieza STABILIS en la parte trasera.<\/p>\n<p>Suela de caucho DURABILITY ubicado en las zonas de mayor contacto con el asfalto.<\/p>\n<ul class=\"featuresul\">\n<li>Corte con mesh transpirable VTS<\/li>\n<li>Corte con sistema de ajuste termosellado SPORTECH<\/li>\n<li>Mediasuela con REACTIVE BALL y STABILIS<\/li>\n<li>Suela caucho DURABILITY<\/li>\n<\/ul>\n<ul class=\"featuresul\">\n<li>Drop 8 mm<\/li>\n<li>Ritmo medio: entre 4&#8242; y 5&#8217;30&#8221; por km<\/li>\n<li>Intensidad de uso: entrenamiento y competici\u00f3n<\/li>\n<li>Superficie de uso: asfalto<\/li>\n<li>Rendimiento: alto<\/li>\n<\/ul>\n","protected":false},"excerpt":{"rendered":"<p>Zapatillas de running para hombre. Contin\u00faa el m\u00edtico modelo Storm Viper de zapatillas mixtas y vers\u00e1tiles. Por su altura y<\/p>\n","protected":false},"featured_media":69363,"template":"","meta":[],"product_brand":[],"product_cat":[6384,2240],"product_tag":[],"class_list":{"0":"post-69324","1":"product","2":"type-product","3":"status-publish","4":"has-post-thumbnail","6":"product_cat-joma-en","7":"product_cat-footwear","9":"first","10":"instock","11":"taxable","12":"shipping-taxable","13":"purchasable","14":"product-type-variable","15":"has-default-attributes","16":"rtwpvg-product"},"supplier_id":null,"supplier_sku":"","barcode":null,"atum_controlled":true,"out_stock_date":null,"out_stock_threshold":null,"inheritable":true,"inbound_stock":0,"stock_on_hold":0,"sold_today":3,"sales_last_days":3,"reserved_stock":0,"customer_returns":0,"warehouse_damage":0,"lost_in_post":0,"other_logs":0,"out_stock_days":null,"lost_sales":0,"has_location":true,"update_date":"2026-01-03T12:17:21","atum_locations":[{"id":6282,"name":"Tienda Onesport","slug":"tienda_onesport"}],"atum_stock_status":"instock","restock_status":false,"low_stock_amount":"","sales_update_date":"2025-06-02T18:02:41","calc_backorders":null,"_links":{"self":[{"href":"https:\/\/onesportmallorca.com\/en\/wp-json\/wp\/v2\/product\/69324","targetHints":{"allow":["GET"]}}],"collection":[{"href":"https:\/\/onesportmallorca.com\/en\/wp-json\/wp\/v2\/product"}],"about":[{"href":"https:\/\/onesportmallorca.com\/en\/wp-json\/wp\/v2\/types\/product"}],"wp:featuredmedia":[{"embeddable":true,"href":"https:\/\/onesportmallorca.com\/en\/wp-json\/wp\/v2\/media\/69363"}],"wp:attachment":[{"href":"https:\/\/onesportmallorca.com\/en\/wp-json\/wp\/v2\/media?parent=69324"}],"wp:term":[{"taxonomy":"product_brand","embeddable":true,"href":"https:\/\/onesportmallorca.com\/en\/wp-json\/wp\/v2\/product_brand?post=69324"},{"taxonomy":"product_cat","embeddable":true,"href":"https:\/\/onesportmallorca.com\/en\/wp-json\/wp\/v2\/product_cat?post=69324"},{"taxonomy":"product_tag","embeddable":true,"href":"https:\/\/onesportmallorca.com\/en\/wp-json\/wp\/v2\/product_tag?post=69324"}],"curies":[{"name":"wp","href":"https:\/\/api.w.org\/{rel}","templated":true}]}}