{"id":68181,"date":"2024-11-07T10:31:52","date_gmt":"2024-11-07T09:31:52","guid":{"rendered":"https:\/\/onesportmallorca.com\/?post_type=product&#038;p=68181"},"modified":"2024-12-03T12:04:52","modified_gmt":"2024-12-03T11:04:52","slug":"zapatillas-kswiss-speedex-hb-blue-wht-strwbry-99191437","status":"publish","type":"product","link":"https:\/\/onesportmallorca.com\/en\/producto\/zapatillas-kswiss-speedex-hb-blue-wht-strwbry-99191437\/","title":{"rendered":"Zapatillas Kswiss Speedex HB BLUE\/WHT\/STRWBRY (99191437)"},"content":{"rendered":"<p><strong>Detalles<\/strong><\/p>\n<p>El SpeedEx es el calzado de tenis perfecto para jugadores principiantes que buscan mejorar su juego. Como modelo desmontable del SpeedTrac, este calzado brindar\u00e1 un nivel excepcional de comodidad y estabilidad. La parte superior est\u00e1 reforzada con paneles combinados de cuero y sint\u00e9tico para brindar protecci\u00f3n y cuenta con una malla duradera y transpirable con una pel\u00edcula de TPU termofusible en el \u00e1rea flexible para brindar un soporte liviano. La entresuela K-EVEA moldeada por compresi\u00f3n brinda una pisada amortiguada en la cancha, y la suela exterior de caucho Aosta 7.0 que no deja marcas con un patr\u00f3n de espiga modificado logra el equilibrio perfecto entre tracci\u00f3n de deslizamiento y agarre para todas las superficies de la cancha.<\/p>\n<ul>\n<li>Parte superior de cuero<\/li>\n<li>Forro de cuello textil<\/li>\n<li>Suela exterior de caucho<\/li>\n<li>Entresuela CMEVA Forro de plantilla textil<\/li>\n<li>Cierre con cordones<\/li>\n<\/ul>\n","protected":false},"excerpt":{"rendered":"<p>Detalles El SpeedEx es el calzado de tenis perfecto para jugadores principiantes que buscan mejorar su juego. Como modelo desmontable<\/p>\n","protected":false},"featured_media":68158,"template":"","meta":[],"product_brand":[],"product_cat":[6940,2240,6941],"product_tag":[],"class_list":{"0":"post-68181","1":"product","2":"type-product","3":"status-publish","4":"has-post-thumbnail","6":"product_cat-k-swiss-en","7":"product_cat-footwear","8":"product_cat-padel-en-2","10":"first","11":"instock","12":"taxable","13":"shipping-taxable","14":"purchasable","15":"product-type-variable","16":"has-default-attributes","17":"rtwpvg-product"},"supplier_id":null,"supplier_sku":"","barcode":null,"atum_controlled":true,"out_stock_date":null,"out_stock_threshold":null,"inheritable":true,"inbound_stock":0,"stock_on_hold":0,"sold_today":1,"sales_last_days":1,"reserved_stock":0,"customer_returns":0,"warehouse_damage":0,"lost_in_post":0,"other_logs":0,"out_stock_days":null,"lost_sales":0,"has_location":true,"update_date":"2025-05-27T09:10:15","atum_locations":[{"id":5967,"name":"Shop Duva","slug":"shop_duva"},{"id":6282,"name":"Tienda Onesport","slug":"tienda_onesport"}],"atum_stock_status":"instock","restock_status":false,"low_stock_amount":"","sales_update_date":"2025-05-27T09:10:15","calc_backorders":null,"_links":{"self":[{"href":"https:\/\/onesportmallorca.com\/en\/wp-json\/wp\/v2\/product\/68181","targetHints":{"allow":["GET"]}}],"collection":[{"href":"https:\/\/onesportmallorca.com\/en\/wp-json\/wp\/v2\/product"}],"about":[{"href":"https:\/\/onesportmallorca.com\/en\/wp-json\/wp\/v2\/types\/product"}],"wp:featuredmedia":[{"embeddable":true,"href":"https:\/\/onesportmallorca.com\/en\/wp-json\/wp\/v2\/media\/68158"}],"wp:attachment":[{"href":"https:\/\/onesportmallorca.com\/en\/wp-json\/wp\/v2\/media?parent=68181"}],"wp:term":[{"taxonomy":"product_brand","embeddable":true,"href":"https:\/\/onesportmallorca.com\/en\/wp-json\/wp\/v2\/product_brand?post=68181"},{"taxonomy":"product_cat","embeddable":true,"href":"https:\/\/onesportmallorca.com\/en\/wp-json\/wp\/v2\/product_cat?post=68181"},{"taxonomy":"product_tag","embeddable":true,"href":"https:\/\/onesportmallorca.com\/en\/wp-json\/wp\/v2\/product_tag?post=68181"}],"curies":[{"name":"wp","href":"https:\/\/api.w.org\/{rel}","templated":true}]}}