{"id":66929,"date":"2023-05-11T09:18:10","date_gmt":"2023-05-11T07:18:10","guid":{"rendered":"https:\/\/onesportmallorca.com\/producto\/zapatillas-adidas-defiant-speed-m-clay-blancas-hq8451\/"},"modified":"2025-03-26T17:53:06","modified_gmt":"2025-03-26T16:53:06","slug":"zapatillas-adidas-defiant-speed-m-clay-blancas-hq8451","status":"publish","type":"product","link":"https:\/\/onesportmallorca.com\/en\/producto\/zapatillas-adidas-defiant-speed-m-clay-blancas-hq8451\/","title":{"rendered":"Zapatillas Adidas Defiant Speed M Clay Blancas (HQ8451)"},"content":{"rendered":"<p><strong>ADIDAS DEFIANT SPEED M CLAY, SALTA A LA PISTA<\/strong><\/p>\n<p>Salta a la pista con las nuevas\u00a0<strong>zapatillas ADIDAS Defiant Speed M Clay<\/strong>\u00a0que ha llegado para los jugadores mas intensos en el padel.<strong>\u00a0Perfectas para agilizar<\/strong>\u00a0tus movimientos y vencer con facilidad a tus rivales.<\/p>\n<p>Fabricadas con materiales duraderos y resistentes de\u00a0<strong>gran calidad<\/strong>\u00a0que te ofrecer\u00e1n\u00a0<strong>gran confort y seguridad<\/strong>\u00a0en cada pisada.<\/p>\n<p><strong>Domina todos los \u00e1ngulos de la pista<\/strong><br \/>\n\u00bfQu\u00e9 sentido tiene ponerte objetivos si no puedes alcanzarlos r\u00e1pidamente? Dise\u00f1ada para los jugadores con ansias de triunfar. Esta zapatilla de tenis adidas presenta una parte superior de malla ligera y una suela Adiwear optimizada para tierra batida. El refuerzo en la zona del mediopi\u00e9 te permite reaccionar con rapidez a los golpes a contrapi\u00e9 de tus rivales. La mediasuela flexible Bounce brinda comodidad en los esprints y movimientos laterales. La parte superior contiene al menos un 50% de materiales reciclados. Su objetivo es plantear otra soluci\u00f3n m\u00e1s que ayude a eliminar los residuos pl\u00e1sticos.<br \/>\nCaracter\u00edsticas<br \/>\nHorma cl\u00e1sica<br \/>\nCierre de cordones<br \/>\nParte superior de monomalla ligera<br \/>\nPuntera Adituff<br \/>\nRefuerzo en el tal\u00f3n<br \/>\nMediasuela Bounce<br \/>\nSuela Adiwear espec\u00edfica para tierra batida<br \/>\nLa parte superior contiene al menos un 50% de material reciclado<\/p>\n","protected":false},"excerpt":{"rendered":"<p>ADIDAS DEFIANT SPEED M CLAY, SALTA A LA PISTA Salta a la pista con las nuevas\u00a0zapatillas ADIDAS Defiant Speed M<\/p>\n","protected":false},"featured_media":29070,"template":"","meta":[],"product_brand":[],"product_cat":[2240],"product_tag":[],"class_list":{"0":"post-66929","1":"product","2":"type-product","3":"status-publish","4":"has-post-thumbnail","6":"product_cat-footwear","8":"first","9":"outofstock","10":"sale","11":"taxable","12":"shipping-taxable","13":"purchasable","14":"product-type-variable","15":"rtwpvg-product"},"supplier_id":null,"supplier_sku":"","barcode":null,"atum_controlled":true,"out_stock_date":"2023-05-11 09:49:23","out_stock_threshold":null,"inheritable":true,"inbound_stock":0,"stock_on_hold":0,"sold_today":2,"sales_last_days":2,"reserved_stock":0,"customer_returns":0,"warehouse_damage":0,"lost_in_post":0,"other_logs":0,"out_stock_days":571,"lost_sales":0,"has_location":false,"update_date":"2025-07-03T15:54:53","atum_locations":[],"atum_stock_status":"instock","restock_status":false,"low_stock_amount":"","sales_update_date":"2025-05-27T09:10:18","calc_backorders":null,"_links":{"self":[{"href":"https:\/\/onesportmallorca.com\/en\/wp-json\/wp\/v2\/product\/66929","targetHints":{"allow":["GET"]}}],"collection":[{"href":"https:\/\/onesportmallorca.com\/en\/wp-json\/wp\/v2\/product"}],"about":[{"href":"https:\/\/onesportmallorca.com\/en\/wp-json\/wp\/v2\/types\/product"}],"wp:featuredmedia":[{"embeddable":true,"href":"https:\/\/onesportmallorca.com\/en\/wp-json\/wp\/v2\/media\/29070"}],"wp:attachment":[{"href":"https:\/\/onesportmallorca.com\/en\/wp-json\/wp\/v2\/media?parent=66929"}],"wp:term":[{"taxonomy":"product_brand","embeddable":true,"href":"https:\/\/onesportmallorca.com\/en\/wp-json\/wp\/v2\/product_brand?post=66929"},{"taxonomy":"product_cat","embeddable":true,"href":"https:\/\/onesportmallorca.com\/en\/wp-json\/wp\/v2\/product_cat?post=66929"},{"taxonomy":"product_tag","embeddable":true,"href":"https:\/\/onesportmallorca.com\/en\/wp-json\/wp\/v2\/product_tag?post=66929"}],"curies":[{"name":"wp","href":"https:\/\/api.w.org\/{rel}","templated":true}]}}