{"id":66596,"date":"2023-09-20T12:17:10","date_gmt":"2023-09-20T10:17:10","guid":{"rendered":"https:\/\/onesportmallorca.com\/producto\/zapatillas-adidas-courtjam-control-m-arctic-id1537\/"},"modified":"2025-03-25T19:52:51","modified_gmt":"2025-03-25T18:52:51","slug":"zapatillas-adidas-courtjam-control-m-arctic-id1537","status":"publish","type":"product","link":"https:\/\/onesportmallorca.com\/en\/producto\/zapatillas-adidas-courtjam-control-m-arctic-id1537\/","title":{"rendered":"Zapatillas Adidas CourtJam Control M Arctic (ID1537)"},"content":{"rendered":"<div class=\"highlight___3fa4r\">\n<div class=\"highlight-text___lgoJI\">\n<h3 class=\"highlight-text__headline___25B2G\">Contiene materiales reciclados<\/h3>\n<p>La parte superior contiene al menos un 50% de materiales reciclados. Su objetivo es plantear otra soluci\u00f3n m\u00e1s que ayude a eliminar los residuos pl\u00e1sticos.<\/p>\n<\/div>\n<\/div>\n<div class=\"highlight___3fa4r\">\n<div class=\"highlight-text___lgoJI\">\n<h3 class=\"highlight-text__headline___25B2G\">Mediasuela Bounce flexible<\/h3>\n<p>La amortiguaci\u00f3n Bounce ofrece mayor comodidad, flexibilidad y ligereza.<\/p>\n<\/div>\n<\/div>\n<div class=\"highlight___3fa4r\">\n<div class=\"highlight-text___lgoJI\">\n<h3 class=\"highlight-text__headline___25B2G\">Parte superior de malla t\u00e9cnica<\/h3>\n<p>Presenta una parte superior de malla t\u00e9cnica que te aporta una mayor sujeci\u00f3n y ventilaci\u00f3n.<\/p>\n<\/div>\n<\/div>\n<div class=\"highlight___3fa4r\">\n<div class=\"highlight-text___lgoJI\">\n<h3 class=\"highlight-text__headline___25B2G\">Suela para pistas duras<\/h3>\n<p>La suela Adiwear con dibujo de espiga te proporciona un equilibrio perfecto entre tracci\u00f3n y resistencia al desgaste en pistas duras.<\/p>\n<\/div>\n<h3 class=\"subtitle___9ljbp\">Los pies en el suelo, la mente en la victoria<\/h3>\n<p class=\"gl-vspace\">Domina a tu rival a tu antojo con esta zapatilla de tenis adidas pensada para pista dura. La CourtJam Control presenta una parte superior de malla transpirable y una c\u00f3moda mediasuela Bounce que te ayudan a concentrarte en tu juego. El sistema Torsion estabiliza el mediopi\u00e9 y te proporciona un mayor control en los movimientos laterales. La puntera Adituff resistente al desgaste cuenta con un dise\u00f1o adaptado al juego femenino que te permite darlo todo en cada partido sin preocuparte por tu calzado. La parte superior contiene al menos un 50% de materiales reciclados. Su objetivo es plantear otra soluci\u00f3n m\u00e1s que ayude a eliminar los residuos pl\u00e1sticos.<\/p>\n<\/div>\n<ul class=\"gl-list\">\n<li class=\"gl-vspace-bpall-small\">Horma cl\u00e1sica<\/li>\n<li class=\"gl-vspace-bpall-small\">Cierre de cordones<\/li>\n<li class=\"gl-vspace-bpall-small\">Parte superior de malla t\u00e9cnica<\/li>\n<li class=\"gl-vspace-bpall-small\">Forro textil<\/li>\n<li class=\"gl-vspace-bpall-small\">Mediasuela Bounce<\/li>\n<\/ul>\n<ul class=\"gl-list\">\n<li class=\"gl-vspace-bpall-small\">Sistema Torsion<\/li>\n<li class=\"gl-vspace-bpall-small\">Suela Adiwear con puntera Adituff para una mayor resistencia al desgaste<\/li>\n<li class=\"gl-vspace-bpall-small\">La parte superior contiene al menos un 50% de material reciclado<\/li>\n<\/ul>\n","protected":false},"excerpt":{"rendered":"<p>Contiene materiales reciclados La parte superior contiene al menos un 50% de materiales reciclados. Su objetivo es plantear otra soluci\u00f3n<\/p>\n","protected":false},"featured_media":31429,"template":"","meta":[],"product_brand":[],"product_cat":[2240],"product_tag":[],"class_list":{"0":"post-66596","1":"product","2":"type-product","3":"status-publish","4":"has-post-thumbnail","6":"product_cat-footwear","8":"first","9":"outofstock","10":"sale","11":"taxable","12":"shipping-taxable","13":"purchasable","14":"product-type-variable","15":"has-default-attributes","16":"rtwpvg-product"},"supplier_id":null,"supplier_sku":"","barcode":null,"atum_controlled":true,"out_stock_date":null,"out_stock_threshold":null,"inheritable":true,"inbound_stock":0,"stock_on_hold":0,"sold_today":1,"sales_last_days":2,"reserved_stock":0,"customer_returns":0,"warehouse_damage":0,"lost_in_post":0,"other_logs":0,"out_stock_days":null,"lost_sales":0,"has_location":true,"update_date":"2025-09-16T15:15:48","atum_locations":[{"id":5967,"name":"Shop Duva","slug":"shop_duva"}],"atum_stock_status":"instock","restock_status":false,"low_stock_amount":"","sales_update_date":"2025-06-20T10:02:34","calc_backorders":null,"_links":{"self":[{"href":"https:\/\/onesportmallorca.com\/en\/wp-json\/wp\/v2\/product\/66596","targetHints":{"allow":["GET"]}}],"collection":[{"href":"https:\/\/onesportmallorca.com\/en\/wp-json\/wp\/v2\/product"}],"about":[{"href":"https:\/\/onesportmallorca.com\/en\/wp-json\/wp\/v2\/types\/product"}],"wp:featuredmedia":[{"embeddable":true,"href":"https:\/\/onesportmallorca.com\/en\/wp-json\/wp\/v2\/media\/31429"}],"wp:attachment":[{"href":"https:\/\/onesportmallorca.com\/en\/wp-json\/wp\/v2\/media?parent=66596"}],"wp:term":[{"taxonomy":"product_brand","embeddable":true,"href":"https:\/\/onesportmallorca.com\/en\/wp-json\/wp\/v2\/product_brand?post=66596"},{"taxonomy":"product_cat","embeddable":true,"href":"https:\/\/onesportmallorca.com\/en\/wp-json\/wp\/v2\/product_cat?post=66596"},{"taxonomy":"product_tag","embeddable":true,"href":"https:\/\/onesportmallorca.com\/en\/wp-json\/wp\/v2\/product_tag?post=66596"}],"curies":[{"name":"wp","href":"https:\/\/api.w.org\/{rel}","templated":true}]}}