{"id":66540,"date":"2023-09-21T13:43:33","date_gmt":"2023-09-21T11:43:33","guid":{"rendered":"https:\/\/onesportmallorca.com\/producto\/zapatillas-adidas-courtjam-control-m-clay-core-hq6949\/"},"modified":"2025-06-20T12:05:09","modified_gmt":"2025-06-20T10:05:09","slug":"zapatillas-adidas-courtjam-control-m-clay-core-hq6949","status":"publish","type":"product","link":"https:\/\/onesportmallorca.com\/en\/producto\/zapatillas-adidas-courtjam-control-m-clay-core-hq6949\/","title":{"rendered":"Zapatillas Adidas CourtJam Control M Clay Core (HQ6949)"},"content":{"rendered":"<h3 class=\"subtitle___9ljbp\">Los pies en el suelo, la mente en la victoria<\/h3>\n<p class=\"gl-vspace\">Domina la pista y mant\u00e9n a tus rivales a raya. Creada para superficies de moqueta, esta zapatilla de tenis adidas te ofrece la comodidad y el rendimiento que necesitas gracias a una parte superior de malla transpirable y una mediasuela Bounce flexible. El sistema Torsion estabiliza el mediopi\u00e9 y te ofrece un mayor control en los movimientos laterales. La puntera Adituff con dise\u00f1o espec\u00edfico para mujer favorece el movimiento natural del pie en los deslizamientos. La parte superior contiene al menos un 50% de materiales reciclados. Su objetivo es plantear otra soluci\u00f3n m\u00e1s que ayude a eliminar los residuos pl\u00e1sticos.<\/p>\n<p>&nbsp;<\/p>\n<ul class=\"gl-list\">\n<li class=\"gl-vspace-bpall-small\">Horma cl\u00e1sica<\/li>\n<li class=\"gl-vspace-bpall-small\">Sistema de lazada h\u00edbrida con protecci\u00f3n oculta para los cordones<\/li>\n<li class=\"gl-vspace-bpall-small\">Parte superior de malla t\u00e9cnica con refuerzos de TPU<\/li>\n<li class=\"gl-vspace-bpall-small\">Puntera Adituff<\/li>\n<li class=\"gl-vspace-bpall-small\">Sistema Torsion<\/li>\n<\/ul>\n<ul class=\"gl-list\">\n<li class=\"gl-vspace-bpall-small\">Mediasuela Bounce<\/li>\n<li class=\"gl-vspace-bpall-small\">Suela Adiwear<\/li>\n<li class=\"gl-vspace-bpall-small\">La parte superior contiene al menos un 50% de material reciclado<\/li>\n<\/ul>\n","protected":false},"excerpt":{"rendered":"<p>Los pies en el suelo, la mente en la victoria Domina la pista y mant\u00e9n a tus rivales a raya.<\/p>\n","protected":false},"featured_media":31739,"template":"","meta":[],"product_brand":[7193],"product_cat":[2240],"product_tag":[],"class_list":{"0":"post-66540","1":"product","2":"type-product","3":"status-publish","4":"has-post-thumbnail","6":"product_brand-adidas","7":"product_cat-footwear","9":"first","10":"instock","11":"taxable","12":"shipping-taxable","13":"purchasable","14":"product-type-variable","15":"rtwpvg-product"},"supplier_id":null,"supplier_sku":"","barcode":null,"atum_controlled":true,"out_stock_date":null,"out_stock_threshold":null,"inheritable":true,"inbound_stock":0,"stock_on_hold":0,"sold_today":2,"sales_last_days":2,"reserved_stock":0,"customer_returns":0,"warehouse_damage":0,"lost_in_post":0,"other_logs":0,"out_stock_days":null,"lost_sales":0,"has_location":true,"update_date":"2025-09-12T15:43:00","atum_locations":[{"id":5967,"name":"Shop Duva","slug":"shop_duva"}],"atum_stock_status":"instock","restock_status":false,"low_stock_amount":"","sales_update_date":"2025-06-20T10:02:34","calc_backorders":null,"_links":{"self":[{"href":"https:\/\/onesportmallorca.com\/en\/wp-json\/wp\/v2\/product\/66540","targetHints":{"allow":["GET"]}}],"collection":[{"href":"https:\/\/onesportmallorca.com\/en\/wp-json\/wp\/v2\/product"}],"about":[{"href":"https:\/\/onesportmallorca.com\/en\/wp-json\/wp\/v2\/types\/product"}],"wp:featuredmedia":[{"embeddable":true,"href":"https:\/\/onesportmallorca.com\/en\/wp-json\/wp\/v2\/media\/31739"}],"wp:attachment":[{"href":"https:\/\/onesportmallorca.com\/en\/wp-json\/wp\/v2\/media?parent=66540"}],"wp:term":[{"taxonomy":"product_brand","embeddable":true,"href":"https:\/\/onesportmallorca.com\/en\/wp-json\/wp\/v2\/product_brand?post=66540"},{"taxonomy":"product_cat","embeddable":true,"href":"https:\/\/onesportmallorca.com\/en\/wp-json\/wp\/v2\/product_cat?post=66540"},{"taxonomy":"product_tag","embeddable":true,"href":"https:\/\/onesportmallorca.com\/en\/wp-json\/wp\/v2\/product_tag?post=66540"}],"curies":[{"name":"wp","href":"https:\/\/api.w.org\/{rel}","templated":true}]}}