{"id":66484,"date":"2023-09-21T23:44:46","date_gmt":"2023-09-21T21:44:46","guid":{"rendered":"https:\/\/onesportmallorca.com\/producto\/zapatillas-adidas-terrex-trailrideer-w-viopla-hr1183\/"},"modified":"2025-06-11T19:41:00","modified_gmt":"2025-06-11T17:41:00","slug":"zapatillas-adidas-terrex-trailrideer-w-viopla-hr1183","status":"publish","type":"product","link":"https:\/\/onesportmallorca.com\/en\/producto\/zapatillas-adidas-terrex-trailrideer-w-viopla-hr1183\/","title":{"rendered":"Zapatillas Adidas Terrex TrailRideer W Viopla (HR1183)"},"content":{"rendered":"<h3 class=\"subtitle___9ljbp\">Siente la ligereza<\/h3>\n<p class=\"gl-vspace\">Siente la llamada de la naturaleza. Ampl\u00eda tus horizontes y corre por caminos de monta\u00f1a con esta zapatilla de trail running adidas Terrex. Combina la amortiguaci\u00f3n ligera, agarre, sujeci\u00f3n y resistencia al desgaste que necesitas para afrontar condiciones clim\u00e1ticas diversas. La leng\u00fceta reforzada evita la entrada de grava o barro mientras corres con ella. La placa protectora de TPU en la mediasuela te permite moverte con confianza por senderos rocosos y la suela de caucho Continental\u2122 proporciona una adherencia \u00f3ptima en terrenos mojados y secos.<\/p>\n<p>&nbsp;<\/p>\n<ul class=\"gl-list\">\n<li class=\"gl-vspace-bpall-small\">Cierre de cordones<\/li>\n<li class=\"gl-vspace-bpall-small\">Parte superior textil con refuerzos sint\u00e9ticos sin costuras<\/li>\n<li class=\"gl-vspace-bpall-small\">Leng\u00fceta reforzada<\/li>\n<li class=\"gl-vspace-bpall-small\">Amortiguaci\u00f3n Lightstrike<\/li>\n<li class=\"gl-vspace-bpall-small\">Placa protectora de TPU<\/li>\n<\/ul>\n<ul class=\"gl-list\">\n<li class=\"gl-vspace-bpall-small\">Suela con compuesto de caucho Continental\u2122<\/li>\n<li class=\"gl-vspace-bpall-small\">La parte superior contiene al menos un 50% de material reciclado<\/li>\n<li class=\"gl-vspace-bpall-small\">Color del art\u00edculo: Core Black \/ Grey Three \/ Grey Two<\/li>\n<li class=\"gl-vspace-bpall-small\">N\u00famero de art\u00edculo: HR1183<\/li>\n<\/ul>\n<section class=\"content-item___3yeDy content-visibility-auto full-width-never___3eH3H overflow___16dqW visible accordion-content-item___27JBt\">\n<div id=\"navigation-target-highlights\">\n<div class=\"accordion___14pj8 accordion--open___14Ep0\" data-testid=\"accordion\">\n<div class=\"accordion__content___29x9h\">\n<div class=\"content-padding___2kVWQ\">\n<div class=\"highlights___19JOq\">\n<div class=\"highlights-list___19FSM highlights-list--text-only___2yfW2\">\n<div class=\"highlight___3fa4r\">\n<div class=\"highlight-text___lgoJI\">\n<h3 class=\"highlight-text__headline___25B2G\">Contiene materiales reciclados<\/h3>\n<p>La parte superior contiene al menos un 50% de material reciclado. Su objetivo es plantear otra soluci\u00f3n m\u00e1s que ayude a eliminar los residuos pl\u00e1sticos.<\/p>\n<\/div>\n<\/div>\n<div class=\"highlight___3fa4r\">\n<div class=\"highlight-text___lgoJI\">\n<h3 class=\"highlight-text__headline___25B2G\">La ligereza es velocidad<\/h3>\n<p>La tecnolog\u00eda adidas Lightstrike ofrece una amortiguaci\u00f3n ultraligera para una velocidad nunca vista.<\/p>\n<\/div>\n<\/div>\n<div class=\"highlight___3fa4r\">\n<div class=\"highlight-text___lgoJI\">\n<h3 class=\"highlight-text__headline___25B2G\">Estabilidad todoterreno<\/h3>\n<p>La placa protectora de TPU ligero amortigua el impacto contra los terrenos pedregosos.<\/p>\n<\/div>\n<\/div>\n<div class=\"highlight___3fa4r\">\n<div class=\"highlight-text___lgoJI\">\n<h3 class=\"highlight-text__headline___25B2G\">Suela todoterreno<\/h3>\n<p>La suela de caucho Continental\u2122 proporciona una adherencia \u00f3ptima en terrenos mojados y secos.<\/p>\n<\/div>\n<\/div>\n<\/div>\n<\/div>\n<\/div>\n<\/div>\n<\/div>\n<\/div>\n<\/section>\n<section class=\"content-item___3yeDy content-visibility-auto full-width-always___3jSLj visible non-accordion___20roA\">\n<div id=\"navigation-target-complete-the-look\">\n<div class=\"product-recommendations-wrapper___23qZE\" data-autoid=\"product-recommendations\">\n<div class=\"_carousel-context_upsn4_2104\" role=\"section\" data-testid=\"carousel-section\"><\/div>\n<\/div>\n<\/div>\n<\/section>\n","protected":false},"excerpt":{"rendered":"<p>Siente la ligereza Siente la llamada de la naturaleza. Ampl\u00eda tus horizontes y corre por caminos de monta\u00f1a con esta<\/p>\n","protected":false},"featured_media":31794,"template":"","meta":[],"product_brand":[7193],"product_cat":[2240,5957],"product_tag":[],"class_list":{"0":"post-66484","1":"product","2":"type-product","3":"status-publish","4":"has-post-thumbnail","6":"product_brand-adidas","7":"product_cat-footwear","8":"product_cat-outlet-en","10":"first","11":"outofstock","12":"sale","13":"taxable","14":"shipping-taxable","15":"purchasable","16":"product-type-variable","17":"rtwpvg-product"},"supplier_id":null,"supplier_sku":"","barcode":null,"atum_controlled":true,"out_stock_date":null,"out_stock_threshold":null,"inheritable":true,"inbound_stock":0,"stock_on_hold":0,"sold_today":2,"sales_last_days":2,"reserved_stock":0,"customer_returns":0,"warehouse_damage":0,"lost_in_post":0,"other_logs":0,"out_stock_days":null,"lost_sales":0,"has_location":true,"update_date":"2026-03-24T14:33:19","atum_locations":[{"id":5967,"name":"Shop Duva","slug":"shop_duva"}],"atum_stock_status":"instock","restock_status":false,"low_stock_amount":"","sales_update_date":"2025-04-16T12:17:19","calc_backorders":null,"_links":{"self":[{"href":"https:\/\/onesportmallorca.com\/en\/wp-json\/wp\/v2\/product\/66484","targetHints":{"allow":["GET"]}}],"collection":[{"href":"https:\/\/onesportmallorca.com\/en\/wp-json\/wp\/v2\/product"}],"about":[{"href":"https:\/\/onesportmallorca.com\/en\/wp-json\/wp\/v2\/types\/product"}],"wp:featuredmedia":[{"embeddable":true,"href":"https:\/\/onesportmallorca.com\/en\/wp-json\/wp\/v2\/media\/31794"}],"wp:attachment":[{"href":"https:\/\/onesportmallorca.com\/en\/wp-json\/wp\/v2\/media?parent=66484"}],"wp:term":[{"taxonomy":"product_brand","embeddable":true,"href":"https:\/\/onesportmallorca.com\/en\/wp-json\/wp\/v2\/product_brand?post=66484"},{"taxonomy":"product_cat","embeddable":true,"href":"https:\/\/onesportmallorca.com\/en\/wp-json\/wp\/v2\/product_cat?post=66484"},{"taxonomy":"product_tag","embeddable":true,"href":"https:\/\/onesportmallorca.com\/en\/wp-json\/wp\/v2\/product_tag?post=66484"}],"curies":[{"name":"wp","href":"https:\/\/api.w.org\/{rel}","templated":true}]}}