{"id":66455,"date":"2023-10-19T13:46:10","date_gmt":"2023-10-19T11:46:10","guid":{"rendered":"https:\/\/onesportmallorca.com\/producto\/zapatillas-kswiss-exprslight3-hb-padel-azules-08900495\/"},"modified":"2025-12-23T19:50:04","modified_gmt":"2025-12-23T18:50:04","slug":"zapatillas-kswiss-exprslight3-hb-padel-azules-08900495","status":"publish","type":"product","link":"https:\/\/onesportmallorca.com\/en\/producto\/zapatillas-kswiss-exprslight3-hb-padel-azules-08900495\/","title":{"rendered":"Zapatillas Kswiss ExprsLight3 HB Padel Azules (08900495)"},"content":{"rendered":"<p>La Express Light 3 HB Padel es una zapatilla de p\u00e1del ligera dise\u00f1ada para el rendimiento en la pista y un gran nivel de comodidad. La parte superior cuenta con DuraWrap Flex, una estructura de RPU moldeada de nuevo dise\u00f1o que proporciona un soporte flexible y protecci\u00f3n contra la fricci\u00f3n. En el interior, un collar\u00edn de tobillo bien acolchado proporciona comodidad y estabilidad, mientras que una plantilla de espuma troquelada agrega amortiguaci\u00f3n reactiva bajo los pies. La Express Light 3 tiene una suela HB con patrones de espiga con ranuras profundas para una tracci\u00f3n excepcional en superficies de canchas de p\u00e1del en interiores y exteriores.<\/p>\n<ul>\n<li>Parte superior de cuero sint\u00e9tico<\/li>\n<li>Forro de cuello de tela<\/li>\n<li>Suela de caucho moldeado<\/li>\n<li>Entresuela de CMEVA<\/li>\n<li>Plantilla de EVA moldeada<\/li>\n<li>Cierre de cordones<\/li>\n<\/ul>\n","protected":false},"excerpt":{"rendered":"<p>La Express Light 3 HB Padel es una zapatilla de p\u00e1del ligera dise\u00f1ada para el rendimiento en la pista y<\/p>\n","protected":false},"featured_media":33270,"template":"","meta":[],"product_brand":[],"product_cat":[2240],"product_tag":[],"class_list":{"0":"post-66455","1":"product","2":"type-product","3":"status-publish","4":"has-post-thumbnail","6":"product_cat-footwear","8":"first","9":"outofstock","10":"taxable","11":"shipping-taxable","12":"purchasable","13":"product-type-variable","14":"rtwpvg-product"},"supplier_id":null,"supplier_sku":"","barcode":null,"atum_controlled":true,"out_stock_date":null,"out_stock_threshold":null,"inheritable":true,"inbound_stock":0,"stock_on_hold":0,"sold_today":4,"sales_last_days":4,"reserved_stock":0,"customer_returns":0,"warehouse_damage":0,"lost_in_post":0,"other_logs":0,"out_stock_days":null,"lost_sales":0,"has_location":false,"update_date":"2025-12-23T18:50:07","atum_locations":[],"atum_stock_status":"outofstock","restock_status":false,"low_stock_amount":"","sales_update_date":"2025-03-27T12:57:29","calc_backorders":null,"_links":{"self":[{"href":"https:\/\/onesportmallorca.com\/en\/wp-json\/wp\/v2\/product\/66455","targetHints":{"allow":["GET"]}}],"collection":[{"href":"https:\/\/onesportmallorca.com\/en\/wp-json\/wp\/v2\/product"}],"about":[{"href":"https:\/\/onesportmallorca.com\/en\/wp-json\/wp\/v2\/types\/product"}],"wp:featuredmedia":[{"embeddable":true,"href":"https:\/\/onesportmallorca.com\/en\/wp-json\/wp\/v2\/media\/33270"}],"wp:attachment":[{"href":"https:\/\/onesportmallorca.com\/en\/wp-json\/wp\/v2\/media?parent=66455"}],"wp:term":[{"taxonomy":"product_brand","embeddable":true,"href":"https:\/\/onesportmallorca.com\/en\/wp-json\/wp\/v2\/product_brand?post=66455"},{"taxonomy":"product_cat","embeddable":true,"href":"https:\/\/onesportmallorca.com\/en\/wp-json\/wp\/v2\/product_cat?post=66455"},{"taxonomy":"product_tag","embeddable":true,"href":"https:\/\/onesportmallorca.com\/en\/wp-json\/wp\/v2\/product_tag?post=66455"}],"curies":[{"name":"wp","href":"https:\/\/api.w.org\/{rel}","templated":true}]}}