{"id":64740,"date":"2024-10-21T17:46:44","date_gmt":"2024-10-21T15:46:44","guid":{"rendered":"https:\/\/onesportmallorca.com\/?post_type=product&#038;p=64740"},"modified":"2024-12-03T12:08:39","modified_gmt":"2024-12-03T11:08:39","slug":"zapatillas-kswiss-speedex-padel-w-wht-wstr-prim-99084945","status":"publish","type":"product","link":"https:\/\/onesportmallorca.com\/en\/producto\/zapatillas-kswiss-speedex-padel-w-wht-wstr-prim-99084945\/","title":{"rendered":"Zapatillas Kswiss Speedex Padel W WHT\/WSTR\/PRIM (99084945)"},"content":{"rendered":"<p>La SpeedEx Padel es la zapatilla perfecta para los jugadores de p\u00e1del en desarrollo que buscan avanzar en su juego. Su parte superior de malla transpirable est\u00e1 reforzada con una pel\u00edcula de TPU termofusible y paneles combinados de cuero sint\u00e9tico para una protecci\u00f3n y un soporte livianos. Una entresuela K-EVEA moldeada por compresi\u00f3n brinda una pisada amortiguada, mientras que la suela exterior de caucho Aosta 7.0 con un patr\u00f3n de espiga proporciona una tracci\u00f3n superior en varias superficies de canchas de p\u00e1del.<\/p>\n<p>\u2022Parte superior de cuero<\/p>\n<p>\u2022Forro de cuello textil<\/p>\n<p>\u2022Suela exterior de caucho<\/p>\n<p>\u2022Entresuela CMEVA<\/p>\n<p>\u2022Espuma inteligente troquelada<\/p>\n<p>\u2022Cierre con cordones<\/p>\n","protected":false},"excerpt":{"rendered":"<p>La SpeedEx Padel es la zapatilla perfecta para los jugadores de p\u00e1del en desarrollo que buscan avanzar en su juego.<\/p>\n","protected":false},"featured_media":64685,"template":"","meta":[],"product_brand":[],"product_cat":[6940,2240,6941],"product_tag":[],"class_list":{"0":"post-64740","1":"product","2":"type-product","3":"status-publish","4":"has-post-thumbnail","6":"product_cat-k-swiss-en","7":"product_cat-footwear","8":"product_cat-padel-en-2","10":"first","11":"instock","12":"sale","13":"taxable","14":"shipping-taxable","15":"purchasable","16":"product-type-variable","17":"has-default-attributes","18":"rtwpvg-product"},"supplier_id":null,"supplier_sku":"","barcode":null,"atum_controlled":true,"out_stock_date":null,"out_stock_threshold":null,"inheritable":true,"inbound_stock":0,"stock_on_hold":0,"sold_today":4,"sales_last_days":5,"reserved_stock":0,"customer_returns":0,"warehouse_damage":0,"lost_in_post":0,"other_logs":0,"out_stock_days":null,"lost_sales":0,"has_location":true,"update_date":"2026-03-24T16:29:37","atum_locations":[{"id":5967,"name":"Shop Duva","slug":"shop_duva"},{"id":6282,"name":"Tienda Onesport","slug":"tienda_onesport"}],"atum_stock_status":"instock","restock_status":false,"low_stock_amount":"","sales_update_date":"2025-05-27T09:10:15","calc_backorders":null,"_links":{"self":[{"href":"https:\/\/onesportmallorca.com\/en\/wp-json\/wp\/v2\/product\/64740","targetHints":{"allow":["GET"]}}],"collection":[{"href":"https:\/\/onesportmallorca.com\/en\/wp-json\/wp\/v2\/product"}],"about":[{"href":"https:\/\/onesportmallorca.com\/en\/wp-json\/wp\/v2\/types\/product"}],"wp:featuredmedia":[{"embeddable":true,"href":"https:\/\/onesportmallorca.com\/en\/wp-json\/wp\/v2\/media\/64685"}],"wp:attachment":[{"href":"https:\/\/onesportmallorca.com\/en\/wp-json\/wp\/v2\/media?parent=64740"}],"wp:term":[{"taxonomy":"product_brand","embeddable":true,"href":"https:\/\/onesportmallorca.com\/en\/wp-json\/wp\/v2\/product_brand?post=64740"},{"taxonomy":"product_cat","embeddable":true,"href":"https:\/\/onesportmallorca.com\/en\/wp-json\/wp\/v2\/product_cat?post=64740"},{"taxonomy":"product_tag","embeddable":true,"href":"https:\/\/onesportmallorca.com\/en\/wp-json\/wp\/v2\/product_tag?post=64740"}],"curies":[{"name":"wp","href":"https:\/\/api.w.org\/{rel}","templated":true}]}}