{"id":57124,"date":"2024-09-04T12:26:33","date_gmt":"2024-09-04T10:26:33","guid":{"rendered":"https:\/\/onesportmallorca.com\/?post_type=product&#038;p=57124"},"modified":"2025-10-28T10:29:20","modified_gmt":"2025-10-28T09:29:20","slug":"on-cloudvista-2-waterproof-men","status":"publish","type":"product","link":"https:\/\/onesportmallorca.com\/en\/producto\/on-cloudvista-2-waterproof-men\/","title":{"rendered":"On Cloudvista 2 Waterproof M"},"content":{"rendered":"<h2 class=\"_imageTitle_1v335_89\">Protecci\u00f3n que no pesa<\/h2>\n<p class=\"_description_1v335_110\">Esta es la prueba de que la protecci\u00f3n no tiene por qu\u00e9 pesar m\u00e1s: las Cloudvista 2 Waterproof son nuestro modelo impermeable m\u00e1s ligero. Mantienen tus pies frescos y secos gracias a su membrana impermeable y a su malla de tejido ripstop en el empeine.<\/p>\n<p>&nbsp;<\/p>\n<h2 class=\"_imageTitle_1v335_89\">Llegan nuevas sensaciones<\/h2>\n<p class=\"_description_1v335_110\">Ahora el sendero es tu aliado. Las Cloudvista 2 Waterproof son a\u00fan m\u00e1s r\u00e1pidas y divertidas. Su rocker actualizado aporta mayor suavidad y una sensaci\u00f3n m\u00e1s agradable bajo el pie. Y su nuevo Speedboard\u00ae garantiza un mayor rebote y capacidad de respuesta. Para que tus aventuras empiecen y acaben con comodidad.<\/p>\n<p>&nbsp;<\/p>\n<h2 class=\"_imageTitle_1v335_89\">\u00bfEres de terrenos mixtos?<\/h2>\n<p class=\"_description_1v335_110\">Disfruta en cualquier superficie y con cualquier tiempo, porque las hemos evolucionado con una suela de goma Missiongrip\u2122 que evita resbalones. Tambi\u00e9n hemos actualizado el patr\u00f3n y a\u00f1adido tacos m\u00e1s grandes y resistentes para mayor tracci\u00f3n. Para que afrontes el sendero pisando fuerte.<\/p>\n<p>&nbsp;<\/p>\n<h2 class=\"_title_pjr0g_58\">Detalles del producto<\/h2>\n<ul class=\"_usps_pjr0g_76\">\n<li class=\"\">\n<p class=\"_usp_pjr0g_76\">Peso: 325g<\/p>\n<\/li>\n<li class=\"\">\n<p class=\"_usp_pjr0g_76\">Zapatillas de trail vers\u00e1tiles y evolucionadas<\/p>\n<\/li>\n<li class=\"\">\n<p class=\"_usp_pjr0g_76\">Con una amortiguaci\u00f3n m\u00e1s suave y mayor altura de suela<\/p>\n<\/li>\n<li class=\"\">\n<p class=\"_usp_pjr0g_76\">Suela Missiongrip\u2122 para mayor tracci\u00f3n en terrenos mixtos<\/p>\n<\/li>\n<li class=\"\">\n<p class=\"_usp_pjr0g_76\">Speedboard\u00ae bifurcado, redise\u00f1ado para mayor rebote<\/p>\n<\/li>\n<li class=\"\">\n<p class=\"_usp_pjr0g_76\">Entresuela m\u00e1s suave de superespuma Helion\u2122<\/p>\n<\/li>\n<li class=\"\">\n<p class=\"_usp_pjr0g_76\">Para m\u00e1s velocidad y diversi\u00f3n<\/p>\n<\/li>\n<li class=\"\">\n<p class=\"_usp_pjr0g_76\">Membrana impermeable para proteger los pies de la humedad<\/p>\n<\/li>\n<li class=\"\">\n<p class=\"_usp_pjr0g_76\">Se ajusta a tu talla<\/p>\n<\/li>\n<\/ul>\n","protected":false},"excerpt":{"rendered":"<p>Protecci\u00f3n que no pesa Esta es la prueba de que la protecci\u00f3n no tiene por qu\u00e9 pesar m\u00e1s: las Cloudvista<\/p>\n","protected":false},"featured_media":57147,"template":"","meta":[],"product_brand":[7203],"product_cat":[6426,2240],"product_tag":[],"class_list":{"0":"post-57124","1":"product","2":"type-product","3":"status-publish","4":"has-post-thumbnail","6":"product_brand-on-running","7":"product_cat-onr-en","8":"product_cat-footwear","10":"first","11":"instock","12":"sale","13":"taxable","14":"shipping-taxable","15":"purchasable","16":"product-type-variable","17":"has-default-attributes","18":"rtwpvg-product"},"supplier_id":null,"supplier_sku":"","barcode":null,"atum_controlled":true,"out_stock_date":null,"out_stock_threshold":null,"inheritable":true,"inbound_stock":0,"stock_on_hold":0,"sold_today":3,"sales_last_days":3,"reserved_stock":0,"customer_returns":0,"warehouse_damage":0,"lost_in_post":0,"other_logs":0,"out_stock_days":null,"lost_sales":0,"has_location":true,"update_date":"2026-01-10T10:18:18","atum_locations":[{"id":6282,"name":"Tienda Onesport","slug":"tienda_onesport"}],"atum_stock_status":"instock","restock_status":false,"low_stock_amount":"","sales_update_date":"2025-12-05T13:43:24","calc_backorders":null,"_links":{"self":[{"href":"https:\/\/onesportmallorca.com\/en\/wp-json\/wp\/v2\/product\/57124","targetHints":{"allow":["GET"]}}],"collection":[{"href":"https:\/\/onesportmallorca.com\/en\/wp-json\/wp\/v2\/product"}],"about":[{"href":"https:\/\/onesportmallorca.com\/en\/wp-json\/wp\/v2\/types\/product"}],"wp:featuredmedia":[{"embeddable":true,"href":"https:\/\/onesportmallorca.com\/en\/wp-json\/wp\/v2\/media\/57147"}],"wp:attachment":[{"href":"https:\/\/onesportmallorca.com\/en\/wp-json\/wp\/v2\/media?parent=57124"}],"wp:term":[{"taxonomy":"product_brand","embeddable":true,"href":"https:\/\/onesportmallorca.com\/en\/wp-json\/wp\/v2\/product_brand?post=57124"},{"taxonomy":"product_cat","embeddable":true,"href":"https:\/\/onesportmallorca.com\/en\/wp-json\/wp\/v2\/product_cat?post=57124"},{"taxonomy":"product_tag","embeddable":true,"href":"https:\/\/onesportmallorca.com\/en\/wp-json\/wp\/v2\/product_tag?post=57124"}],"curies":[{"name":"wp","href":"https:\/\/api.w.org\/{rel}","templated":true}]}}