{"id":54851,"date":"2024-08-26T09:18:53","date_gmt":"2024-08-26T07:18:53","guid":{"rendered":"https:\/\/onesportmallorca.com\/?post_type=product&#038;p=54851"},"modified":"2024-12-08T21:34:24","modified_gmt":"2024-12-08T20:34:24","slug":"sandalia-hoka-ora-m-recovery-flip","status":"publish","type":"product","link":"https:\/\/onesportmallorca.com\/en\/producto\/sandalia-hoka-ora-m-recovery-flip\/","title":{"rendered":"Sandalia Hoka ORA M Recovery Flip"},"content":{"rendered":"<h2 class=\"description__title\">The Rundown<\/h2>\n<div id=\"description-info\" class=\"description__info\">\n<div class=\"content\">\n<div class=\"js-short-description-expander short-description-expander short-description-expander--show\">\n<div id=\"short-description-full\" class=\"short-description-expander__full collapse show\">Lo has dado todo en la carrera y ahora tus pies te est\u00e1n pidiendo mimos y cuanto antes, mejor. Para eso est\u00e1n las Ora Flip. Hemos creado unas chanclas con una entresuela extragrande y Meta-Rocker HOKA, adem\u00e1s de mejores tiras para los dedos, con un ajuste m\u00e1s ergon\u00f3mico. Envuelven el pie y ofrecen una elegante comodidad y apoyo. Siente c\u00f3mo se recuperan tus pies cansados. No hace falta que nos des las gracias.<\/div>\n<\/div>\n<\/div>\n<div class=\"model-info mt-1 mb-1\"><\/div>\n<div class=\"model-info-secondary mb-1\"><\/div>\n<div id=\"description-info-more-content\" class=\"product-description-view-more\">\n<div class=\"description-techspecs description-techspecs--bestfor\">\n<div class=\"description-techspecs__title title\"><strong>Uso<\/strong><\/div>\n<div class=\"description-techspecs__items collapsible-recommendations\">\n<div class=\"description-techspecs__item\">Recuperaci\u00f3n<\/div>\n<\/div>\n<\/div>\n<\/div>\n<div><\/div>\n<div id=\"description-info-more-content\" class=\"product-description-view-more\">\n<div class=\"description-techspecs description-techspecs--features \">\n<div class=\"description-techspecs__title\"><strong>Caracter\u00edsticas<\/strong>:<\/div>\n<div class=\"description-techspecs__items\">\n<ul class=\"features-container\">\n<li class=\"feature-item\">La l\u00e1mina superior blanda de EVA proporciona una comodidad inmediata en cada pisada<\/li>\n<li class=\"feature-item\">La tira de punto aporta comodidad y absorbe la humedad<\/li>\n<li class=\"feature-item\">Tira del dedo actualizada para mejorar el ajuste y la comodidad<\/li>\n<li class=\"feature-item\">MetaRocker\u2122 en posici\u00f3n de fase inicial que ofrece una pisada suave<\/li>\n<li class=\"feature-item\">La confecci\u00f3n de capa doble incorpora una capa superior suave y una entresuela\/suela exterior resistente para una mayor durabilidad y estabilidad<\/li>\n<\/ul>\n<ul class=\"features-container features-extended collapse show\">\n<li class=\"feature-item\">Ranuras en puntos estrat\u00e9gicos que aumentan la comodidad y la tracci\u00f3n<\/li>\n<li class=\"feature-item\">Veganas<\/li>\n<\/ul>\n<\/div>\n<\/div>\n<\/div>\n<\/div>\n","protected":false},"excerpt":{"rendered":"<p>The Rundown Lo has dado todo en la carrera y ahora tus pies te est\u00e1n pidiendo mimos y cuanto antes,<\/p>\n","protected":false},"featured_media":54869,"template":"","meta":[],"product_brand":[],"product_cat":[6396,6572],"product_tag":[],"class_list":{"0":"post-54851","1":"product","2":"type-product","3":"status-publish","4":"has-post-thumbnail","6":"product_cat-hoka-en","7":"product_cat-sandalia-en","9":"first","10":"instock","11":"taxable","12":"shipping-taxable","13":"purchasable","14":"product-type-variable","15":"has-default-attributes","16":"rtwpvg-product"},"supplier_id":null,"supplier_sku":"","barcode":null,"atum_controlled":true,"out_stock_date":null,"out_stock_threshold":null,"inheritable":true,"inbound_stock":0,"stock_on_hold":0,"sold_today":null,"sales_last_days":null,"reserved_stock":0,"customer_returns":0,"warehouse_damage":0,"lost_in_post":0,"other_logs":0,"out_stock_days":null,"lost_sales":null,"has_location":true,"update_date":"2024-12-08T20:34:26","atum_locations":[{"id":6282,"name":"Tienda Onesport","slug":"tienda_onesport"}],"atum_stock_status":"instock","restock_status":false,"low_stock_amount":"","sales_update_date":"2024-12-05T08:58:50","calc_backorders":null,"_links":{"self":[{"href":"https:\/\/onesportmallorca.com\/en\/wp-json\/wp\/v2\/product\/54851","targetHints":{"allow":["GET"]}}],"collection":[{"href":"https:\/\/onesportmallorca.com\/en\/wp-json\/wp\/v2\/product"}],"about":[{"href":"https:\/\/onesportmallorca.com\/en\/wp-json\/wp\/v2\/types\/product"}],"wp:featuredmedia":[{"embeddable":true,"href":"https:\/\/onesportmallorca.com\/en\/wp-json\/wp\/v2\/media\/54869"}],"wp:attachment":[{"href":"https:\/\/onesportmallorca.com\/en\/wp-json\/wp\/v2\/media?parent=54851"}],"wp:term":[{"taxonomy":"product_brand","embeddable":true,"href":"https:\/\/onesportmallorca.com\/en\/wp-json\/wp\/v2\/product_brand?post=54851"},{"taxonomy":"product_cat","embeddable":true,"href":"https:\/\/onesportmallorca.com\/en\/wp-json\/wp\/v2\/product_cat?post=54851"},{"taxonomy":"product_tag","embeddable":true,"href":"https:\/\/onesportmallorca.com\/en\/wp-json\/wp\/v2\/product_tag?post=54851"}],"curies":[{"name":"wp","href":"https:\/\/api.w.org\/{rel}","templated":true}]}}