{"id":51933,"date":"2024-08-14T12:10:18","date_gmt":"2024-08-14T10:10:18","guid":{"rendered":"https:\/\/onesportmallorca.com\/?post_type=product&#038;p=51933"},"modified":"2024-12-03T13:11:14","modified_gmt":"2024-12-03T12:11:14","slug":"sandalia-oofos-recovery-ooriginal","status":"publish","type":"product","link":"https:\/\/onesportmallorca.com\/en\/producto\/sandalia-oofos-recovery-ooriginal\/","title":{"rendered":"Sandalia OOFOS Recovery Ooriginal"},"content":{"rendered":"<p>Nuestras emblem\u00e1ticas y m\u00e1s populares sandalias alivian y revitalizan sus pies despu\u00e9s de un entrenamiento, dej\u00e1ndolos como nuevos y listo para tu siguiente aventura. La tecnolog\u00eda OOfoam \/ nuestro dise\u00f1o plantar patentado proporciona una mayor absorci\u00f3n del impacto de la pisada, gracias al soporte en el arco del pie, adem\u00e1s de nuestras plantillas patentadas para proporcionar un movimiento natural y confort. Sus pies notar\u00e1n la diferencia. El calzado deportivo tradicional ofrece un efecto rebote para conseguir mayor impulso durante las actividades f\u00edsicas\/deportivas. La tecnolog\u00eda OOfoam hace lo contrario, absorbiendo un 37% m\u00e1s el impacto, reduciendo as\u00ed la carga en tus pies y ayudando a una r\u00e1pida recuperaci\u00f3n de tu cuerpo. Sujeta el arco del pie. Dise\u00f1o biomec\u00e1nico que permite un movimiento natural del pie. La punta suave se ajusta perfectamente al pie, evitando las rozaduras en los dedos.Anti-deslizantes en superficies secas y mojadas, resistente a las bacterias y transpirable, evita el mal olor. Ligeras y flexibles como una pluma.<\/p>\n","protected":false},"excerpt":{"rendered":"<p>Nuestras emblem\u00e1ticas y m\u00e1s populares sandalias alivian y revitalizan sus pies despu\u00e9s de un entrenamiento, dej\u00e1ndolos como nuevos y listo<\/p>\n","protected":false},"featured_media":51967,"template":"","meta":[],"product_brand":[],"product_cat":[6571,2240,6572],"product_tag":[],"class_list":{"0":"post-51933","1":"product","2":"type-product","3":"status-publish","4":"has-post-thumbnail","6":"product_cat-oofos-en","7":"product_cat-footwear","8":"product_cat-sandalia-en","10":"first","11":"instock","12":"taxable","13":"shipping-taxable","14":"purchasable","15":"product-type-variable","16":"has-default-attributes","17":"rtwpvg-product"},"supplier_id":null,"supplier_sku":"","barcode":null,"atum_controlled":true,"out_stock_date":null,"out_stock_threshold":null,"inheritable":true,"inbound_stock":0,"stock_on_hold":0,"sold_today":2,"sales_last_days":3,"reserved_stock":0,"customer_returns":0,"warehouse_damage":0,"lost_in_post":0,"other_logs":0,"out_stock_days":null,"lost_sales":0,"has_location":true,"update_date":"2025-09-08T08:46:58","atum_locations":[{"id":6282,"name":"Tienda Onesport","slug":"tienda_onesport"}],"atum_stock_status":"instock","restock_status":false,"low_stock_amount":"","sales_update_date":"2025-03-25T13:37:58","calc_backorders":null,"_links":{"self":[{"href":"https:\/\/onesportmallorca.com\/en\/wp-json\/wp\/v2\/product\/51933","targetHints":{"allow":["GET"]}}],"collection":[{"href":"https:\/\/onesportmallorca.com\/en\/wp-json\/wp\/v2\/product"}],"about":[{"href":"https:\/\/onesportmallorca.com\/en\/wp-json\/wp\/v2\/types\/product"}],"wp:featuredmedia":[{"embeddable":true,"href":"https:\/\/onesportmallorca.com\/en\/wp-json\/wp\/v2\/media\/51967"}],"wp:attachment":[{"href":"https:\/\/onesportmallorca.com\/en\/wp-json\/wp\/v2\/media?parent=51933"}],"wp:term":[{"taxonomy":"product_brand","embeddable":true,"href":"https:\/\/onesportmallorca.com\/en\/wp-json\/wp\/v2\/product_brand?post=51933"},{"taxonomy":"product_cat","embeddable":true,"href":"https:\/\/onesportmallorca.com\/en\/wp-json\/wp\/v2\/product_cat?post=51933"},{"taxonomy":"product_tag","embeddable":true,"href":"https:\/\/onesportmallorca.com\/en\/wp-json\/wp\/v2\/product_tag?post=51933"}],"curies":[{"name":"wp","href":"https:\/\/api.w.org\/{rel}","templated":true}]}}