{"id":51510,"date":"2024-08-12T10:08:47","date_gmt":"2024-08-12T08:08:47","guid":{"rendered":"https:\/\/onesportmallorca.com\/?post_type=product&#038;p=51510"},"modified":"2025-10-14T11:31:16","modified_gmt":"2025-10-14T09:31:16","slug":"zapatillas-adidas-terrex-soulstride-flow-w-ih3446","status":"publish","type":"product","link":"https:\/\/onesportmallorca.com\/en\/producto\/zapatillas-adidas-terrex-soulstride-flow-w-ih3446\/","title":{"rendered":"Zapatillas Adidas Terrex Soulstride Flow W (IH3446)"},"content":{"rendered":"<h3 class=\"subtitle___9ljbp\">M\u00e1s lejos y m\u00e1s r\u00e1pido<\/h3>\n<p class=\"gl-vspace\">M\u00e1xima amortiguaci\u00f3n para explorar el mundo. Esta zapatilla de trail running adidas te ayuda a afrontar cualquier aventura con total confianza. La mediasuela adidas REPETITOR con espuma ligera te ofrece una pisada m\u00e1s c\u00f3moda y una transici\u00f3n m\u00e1s suave, mientras que la parte superior el\u00e1stica sin costuras se ajusta al pie como un guante y te proporciona una sujeci\u00f3n \u00f3ptima en terrenos irregulares. La leng\u00fceta reforzada evita la entrada de grava o barro y la suela con compuesto de caucho Continental\u2122 te garantiza una adherencia excepcional en superficies rocosas y resbaladizas.<\/p>\n<ul>\n<li class=\"gl-vspace\">Cierre de cordones<\/li>\n<li class=\"gl-vspace\">Parte superior de malla t\u00e9cnica con refuerzos sellados<\/li>\n<li class=\"gl-vspace\">Leng\u00fceta reforzada<\/li>\n<li class=\"gl-vspace\">Plantilla moldeada<\/li>\n<li class=\"gl-vspace\">Mediasuela REPETITOR<\/li>\n<li class=\"gl-vspace\">Suela con compuesto de caucho Continental\u2122<\/li>\n<li class=\"gl-vspace\">La parte superior contiene al menos un 50% de material reciclado<\/li>\n<li class=\"gl-vspace\">Color del art\u00edculo: Preloved Fig \/ Burgundy \/ Pink Fusion<\/li>\n<li class=\"gl-vspace\">N\u00famero de art\u00edculo: IH3446<\/li>\n<\/ul>\n<div class=\"highlight___3fa4r\">\n<div class=\"highlight-text___lgoJI\">\n<h3><\/h3>\n<h3 class=\"highlight-text__headline___25B2G\">Contiene materiales reciclados<\/h3>\n<p>La parte superior contiene al menos un 50% de materiales reciclados. Su objetivo es plantear otra soluci\u00f3n m\u00e1s que ayude a eliminar los residuos pl\u00e1sticos.<\/p>\n<\/div>\n<\/div>\n<div class=\"highlight___3fa4r\">\n<div class=\"highlight-text___lgoJI\">\n<h3 class=\"highlight-text__headline___25B2G\">Amortiguaci\u00f3n y ligereza<\/h3>\n<p>La mediasuela de espuma adidas REPETITOR te ofrece la m\u00e1xima comodidad y ligereza.<\/p>\n<\/div>\n<\/div>\n<div class=\"highlight___3fa4r\">\n<div class=\"highlight-text___lgoJI\">\n<h3 class=\"highlight-text__headline___25B2G\">Tracci\u00f3n extraordinaria<\/h3>\n<p>La suela con compuesto de caucho Continental\u2122 garantiza una adherencia \u00f3ptima incluso sobre suelo mojado.<\/p>\n<\/div>\n<\/div>\n","protected":false},"excerpt":{"rendered":"<p>M\u00e1s lejos y m\u00e1s r\u00e1pido M\u00e1xima amortiguaci\u00f3n para explorar el mundo. Esta zapatilla de trail running adidas te ayuda a<\/p>\n","protected":false},"featured_media":51537,"template":"","meta":[],"product_brand":[],"product_cat":[6405,2240,5957],"product_tag":[],"class_list":{"0":"post-51510","1":"product","2":"type-product","3":"status-publish","4":"has-post-thumbnail","6":"product_cat-adidas-en","7":"product_cat-footwear","8":"product_cat-outlet-en","10":"first","11":"instock","12":"taxable","13":"shipping-taxable","14":"purchasable","15":"product-type-variable","16":"has-default-attributes","17":"rtwpvg-product"},"supplier_id":null,"supplier_sku":"","barcode":null,"atum_controlled":true,"out_stock_date":null,"out_stock_threshold":null,"inheritable":true,"inbound_stock":0,"stock_on_hold":0,"sold_today":4,"sales_last_days":4,"reserved_stock":0,"customer_returns":0,"warehouse_damage":0,"lost_in_post":0,"other_logs":0,"out_stock_days":null,"lost_sales":0,"has_location":true,"update_date":"2026-03-29T07:11:14","atum_locations":[{"id":6282,"name":"Tienda Onesport","slug":"tienda_onesport"}],"atum_stock_status":"instock","restock_status":false,"low_stock_amount":"","sales_update_date":"2025-04-03T11:22:42","calc_backorders":null,"_links":{"self":[{"href":"https:\/\/onesportmallorca.com\/en\/wp-json\/wp\/v2\/product\/51510","targetHints":{"allow":["GET"]}}],"collection":[{"href":"https:\/\/onesportmallorca.com\/en\/wp-json\/wp\/v2\/product"}],"about":[{"href":"https:\/\/onesportmallorca.com\/en\/wp-json\/wp\/v2\/types\/product"}],"wp:featuredmedia":[{"embeddable":true,"href":"https:\/\/onesportmallorca.com\/en\/wp-json\/wp\/v2\/media\/51537"}],"wp:attachment":[{"href":"https:\/\/onesportmallorca.com\/en\/wp-json\/wp\/v2\/media?parent=51510"}],"wp:term":[{"taxonomy":"product_brand","embeddable":true,"href":"https:\/\/onesportmallorca.com\/en\/wp-json\/wp\/v2\/product_brand?post=51510"},{"taxonomy":"product_cat","embeddable":true,"href":"https:\/\/onesportmallorca.com\/en\/wp-json\/wp\/v2\/product_cat?post=51510"},{"taxonomy":"product_tag","embeddable":true,"href":"https:\/\/onesportmallorca.com\/en\/wp-json\/wp\/v2\/product_tag?post=51510"}],"curies":[{"name":"wp","href":"https:\/\/api.w.org\/{rel}","templated":true}]}}