{"id":50029,"date":"2024-07-25T11:32:03","date_gmt":"2024-07-25T09:32:03","guid":{"rendered":"https:\/\/onesportmallorca.com\/producto\/zapatillas-adidas-terrex-soulstride-flow-ih3447\/"},"modified":"2025-03-26T19:44:46","modified_gmt":"2025-03-26T18:44:46","slug":"zapatillas-adidas-terrex-soulstride-flow-ih3447","status":"publish","type":"product","link":"https:\/\/onesportmallorca.com\/en\/producto\/zapatillas-adidas-terrex-soulstride-flow-ih3447\/","title":{"rendered":"Zapatillas Adidas Terrex Soulstride Flow (IH3447)"},"content":{"rendered":"<h3 class=\"subtitle___9ljbp\">M\u00e1s lejos y m\u00e1s r\u00e1pido<\/h3>\n<p class=\"gl-vspace\">La TERREX SOULSTRIDE FLOW es perfecta para acumular kil\u00f3metros en la monta\u00f1a. Esta zapatilla de trail running presenta una mediasuela de EVA ligera que amortigua tu zancada y te permite avanzar con comodidad. La suela con compuesto de caucho Continental\u2122 te garantiza una adherencia excepcional en superficies rocosas y embarradas, mientras que la parte superior de malla t\u00e9cnica te aporta sujeci\u00f3n, flexibilidad y ventilaci\u00f3n en las zonas donde m\u00e1s las necesitas.<\/p>\n<ul class=\"gl-list\">\n<li class=\"gl-vspace-bpall-small\">Cierre de cordones<\/li>\n<li class=\"gl-vspace-bpall-small\">Parte superior de malla t\u00e9cnica con refuerzos sellados<\/li>\n<li class=\"gl-vspace-bpall-small\">Leng\u00fceta reforzada<\/li>\n<li class=\"gl-vspace-bpall-small\">Mediasuela REPETITOR<\/li>\n<li class=\"gl-vspace-bpall-small\">Plantilla moldeada<\/li>\n<\/ul>\n<ul class=\"gl-list\">\n<li class=\"gl-vspace-bpall-small\">Drop: 8 mm (tal\u00f3n: 32 mm \/ antepi\u00e9: 24 mm)<\/li>\n<li class=\"gl-vspace-bpall-small\">Suela con compuesto de caucho Continental\u2122<\/li>\n<li class=\"gl-vspace-bpall-small\">La parte superior contiene al menos un 50% de material reciclado<\/li>\n<li class=\"gl-vspace-bpall-small\">Color del art\u00edculo: Pulse Blue \/ Core Black \/ Semi Impact Orange<\/li>\n<li class=\"gl-vspace-bpall-small\">N\u00famero de art\u00edculo: IH3447<\/li>\n<\/ul>\n<div class=\"highlight___3fa4r\">\n<div class=\"highlight-text___lgoJI\">\n<h3 class=\"highlight-text__headline___25B2G\">Amortiguaci\u00f3n ligera<\/h3>\n<p>Dise\u00f1ada para brindarte la m\u00e1xima comodidad en distancias largas, la mediasuela REPETITOR de EVA suave aporta mayor ligereza y amortiguaci\u00f3n a tu pisada.<\/p>\n<\/div>\n<\/div>\n<div class=\"highlight___3fa4r\">\n<div class=\"highlight-text___lgoJI\">\n<h3 class=\"highlight-text__headline___25B2G\">Confort y sujeci\u00f3n<\/h3>\n<p>Presenta una parte superior de malla t\u00e9cnica con zonas estrat\u00e9gicas que favorecen la sujeci\u00f3n, flexibilidad y ventilaci\u00f3n.<\/p>\n<\/div>\n<\/div>\n<div class=\"highlight___3fa4r\">\n<div class=\"highlight-text___lgoJI\">\n<h3 class=\"highlight-text__headline___25B2G\">Adherencia excepcional<\/h3>\n<p>La suela con compuesto de caucho Continental\u2122 te ofrece una adherencia excepcional en todo tipo de superficies, rocosas, embarradas, secas o mojadas.<\/p>\n<\/div>\n<\/div>\n<div class=\"highlight___3fa4r\">\n<div class=\"highlight-text___lgoJI\">\n<h3 class=\"highlight-text__headline___25B2G\">El fin de los residuos pl\u00e1sticos<\/h3>\n<p>Este producto contiene al menos un 50% de material reciclado. Su objetivo es plantear una nueva soluci\u00f3n que nos ayude a eliminar los residuos pl\u00e1sticos.<\/p>\n<\/div>\n<\/div>\n","protected":false},"excerpt":{"rendered":"<p>M\u00e1s lejos y m\u00e1s r\u00e1pido La TERREX SOULSTRIDE FLOW es perfecta para acumular kil\u00f3metros en la monta\u00f1a. Esta zapatilla de<\/p>\n","protected":false},"featured_media":50012,"template":"","meta":[],"product_brand":[],"product_cat":[6405,2240],"product_tag":[],"class_list":{"0":"post-50029","1":"product","2":"type-product","3":"status-publish","4":"has-post-thumbnail","6":"product_cat-adidas-en","7":"product_cat-footwear","9":"first","10":"outofstock","11":"sale","12":"taxable","13":"shipping-taxable","14":"purchasable","15":"product-type-variable","16":"has-default-attributes","17":"rtwpvg-product"},"supplier_id":null,"supplier_sku":"","barcode":null,"atum_controlled":true,"out_stock_date":null,"out_stock_threshold":null,"inheritable":true,"inbound_stock":0,"stock_on_hold":0,"sold_today":3,"sales_last_days":5,"reserved_stock":0,"customer_returns":0,"warehouse_damage":0,"lost_in_post":0,"other_logs":0,"out_stock_days":null,"lost_sales":0,"has_location":true,"update_date":"2025-07-20T16:27:56","atum_locations":[{"id":6282,"name":"Tienda Onesport","slug":"tienda_onesport"}],"atum_stock_status":"instock","restock_status":false,"low_stock_amount":"","sales_update_date":"2025-04-03T11:22:42","calc_backorders":null,"_links":{"self":[{"href":"https:\/\/onesportmallorca.com\/en\/wp-json\/wp\/v2\/product\/50029","targetHints":{"allow":["GET"]}}],"collection":[{"href":"https:\/\/onesportmallorca.com\/en\/wp-json\/wp\/v2\/product"}],"about":[{"href":"https:\/\/onesportmallorca.com\/en\/wp-json\/wp\/v2\/types\/product"}],"wp:featuredmedia":[{"embeddable":true,"href":"https:\/\/onesportmallorca.com\/en\/wp-json\/wp\/v2\/media\/50012"}],"wp:attachment":[{"href":"https:\/\/onesportmallorca.com\/en\/wp-json\/wp\/v2\/media?parent=50029"}],"wp:term":[{"taxonomy":"product_brand","embeddable":true,"href":"https:\/\/onesportmallorca.com\/en\/wp-json\/wp\/v2\/product_brand?post=50029"},{"taxonomy":"product_cat","embeddable":true,"href":"https:\/\/onesportmallorca.com\/en\/wp-json\/wp\/v2\/product_cat?post=50029"},{"taxonomy":"product_tag","embeddable":true,"href":"https:\/\/onesportmallorca.com\/en\/wp-json\/wp\/v2\/product_tag?post=50029"}],"curies":[{"name":"wp","href":"https:\/\/api.w.org\/{rel}","templated":true}]}}