{"id":47996,"date":"2024-07-22T12:01:40","date_gmt":"2024-07-22T10:01:40","guid":{"rendered":"https:\/\/onesportmallorca.com\/?post_type=product&#038;p=47996"},"modified":"2024-12-09T19:02:40","modified_gmt":"2024-12-09T18:02:40","slug":"dmt25-kr4-pj-black-white","status":"publish","type":"product","link":"https:\/\/onesportmallorca.com\/en\/producto\/dmt25-kr4-pj-black-white\/","title":{"rendered":"DMT25 KR4 PJ Black\/White"},"content":{"rendered":"<p>Los pijamas KR4 son sin\u00f3nimo de ligereza, portabilidad y comodidad. En otras palabras, son los compa\u00f1eros ideales para los amantes de los viajes por carretera y los zapatos con cordones.<\/p>\n<p>CARACTER\u00cdSTICAS T\u00c9CNICAS<br \/>\nParte superior de malla.<br \/>\nLeng\u00fceta de microfibra.<br \/>\nCierre con cordones.<br \/>\nCorrea de cordones integrada<br \/>\nSuela de nailon aireado.<br \/>\nPeso de 260 g para la talla 42.<br \/>\nOjales ajustables de 8 mm.<\/p>\n<p>Para una limpieza m\u00e1s eficaz y segura de los pijamas KR4, recomendamos limpiarlos con jab\u00f3n suave y un pa\u00f1o h\u00famedo. No utilices disolventes, diluyentes de pintura ni productos qu\u00edmicos agresivos. Para m\u00e1s informaci\u00f3n sobre c\u00f3mo mantener tus zapatillas en perfecto estado, consulta la secci\u00f3n dedicada.<\/p>\n","protected":false},"excerpt":{"rendered":"<p>Los pijamas KR4 son sin\u00f3nimo de ligereza, portabilidad y comodidad. En otras palabras, son los compa\u00f1eros ideales para los amantes<\/p>\n","protected":false},"featured_media":48037,"template":"","meta":[],"product_brand":[],"product_cat":[6446,6445,2240,6436],"product_tag":[],"class_list":{"0":"post-47996","1":"product","2":"type-product","3":"status-publish","4":"has-post-thumbnail","6":"product_cat-marca-en","7":"product_cat-dmt-en","8":"product_cat-footwear","9":"product_cat-calzado-ciclismo-en","11":"first","12":"instock","13":"taxable","14":"shipping-taxable","15":"purchasable","16":"product-type-variable","17":"has-default-attributes","18":"rtwpvg-product"},"supplier_id":null,"supplier_sku":"","barcode":null,"atum_controlled":true,"out_stock_date":null,"out_stock_threshold":null,"inheritable":true,"inbound_stock":0,"stock_on_hold":0,"sold_today":null,"sales_last_days":null,"reserved_stock":0,"customer_returns":0,"warehouse_damage":0,"lost_in_post":0,"other_logs":0,"out_stock_days":null,"lost_sales":null,"has_location":true,"update_date":"2025-06-20T09:24:40","atum_locations":[{"id":6282,"name":"Tienda Onesport","slug":"tienda_onesport"}],"atum_stock_status":"instock","restock_status":false,"low_stock_amount":"","sales_update_date":"2025-06-20T09:24:40","calc_backorders":null,"_links":{"self":[{"href":"https:\/\/onesportmallorca.com\/en\/wp-json\/wp\/v2\/product\/47996","targetHints":{"allow":["GET"]}}],"collection":[{"href":"https:\/\/onesportmallorca.com\/en\/wp-json\/wp\/v2\/product"}],"about":[{"href":"https:\/\/onesportmallorca.com\/en\/wp-json\/wp\/v2\/types\/product"}],"wp:featuredmedia":[{"embeddable":true,"href":"https:\/\/onesportmallorca.com\/en\/wp-json\/wp\/v2\/media\/48037"}],"wp:attachment":[{"href":"https:\/\/onesportmallorca.com\/en\/wp-json\/wp\/v2\/media?parent=47996"}],"wp:term":[{"taxonomy":"product_brand","embeddable":true,"href":"https:\/\/onesportmallorca.com\/en\/wp-json\/wp\/v2\/product_brand?post=47996"},{"taxonomy":"product_cat","embeddable":true,"href":"https:\/\/onesportmallorca.com\/en\/wp-json\/wp\/v2\/product_cat?post=47996"},{"taxonomy":"product_tag","embeddable":true,"href":"https:\/\/onesportmallorca.com\/en\/wp-json\/wp\/v2\/product_tag?post=47996"}],"curies":[{"name":"wp","href":"https:\/\/api.w.org\/{rel}","templated":true}]}}