{"id":46913,"date":"2024-07-17T14:07:02","date_gmt":"2024-07-17T12:07:02","guid":{"rendered":"https:\/\/onesportmallorca.com\/?post_type=product&#038;p=46913"},"modified":"2024-12-05T11:12:02","modified_gmt":"2024-12-05T10:12:02","slug":"zapatillas-brooks-glycerin-21-w","status":"publish","type":"product","link":"https:\/\/onesportmallorca.com\/en\/producto\/zapatillas-brooks-glycerin-21-w\/","title":{"rendered":"Zapatillas Brooks Glycerin 21 W"},"content":{"rendered":"<p>COMODIDAD AMORTIGUADA<br \/>\n<strong>Suavidad suprema<\/strong><br \/>\nEn comparaci\u00f3n con el Glycerin 20, el Glycerin 21 cuenta con 2 mm m\u00e1s de nuestra amortiguaci\u00f3n DNA LOFT v3 supersuave con nitr\u00f3geno para maximizar la suavidad.<\/p>\n<p>TRATA BIEN A TUS PIES<br \/>\n<strong>Ajuste mejorado<\/strong><br \/>\nLa nueva parte superior de tejido de urdimbre dise\u00f1ada es transpirable y permite un ajuste flexible y c\u00f3modo a la vez que se mantiene suave contra tu pie.<\/p>\n<p>ENCUENTRA TU FLUJO<br \/>\n<strong>Transiciones suaves y estables<\/strong><br \/>\nLa plataforma ancha estabiliza tu pie y promueve transiciones suaves del tal\u00f3n a la punta.<\/p>\n","protected":false},"excerpt":{"rendered":"<p>COMODIDAD AMORTIGUADA Suavidad suprema En comparaci\u00f3n con el Glycerin 20, el Glycerin 21 cuenta con 2 mm m\u00e1s de nuestra<\/p>\n","protected":false},"featured_media":46952,"template":"","meta":[],"product_brand":[],"product_cat":[6411,2240],"product_tag":[],"class_list":{"0":"post-46913","1":"product","2":"type-product","3":"status-publish","4":"has-post-thumbnail","6":"product_cat-brooks-en","7":"product_cat-footwear","9":"first","10":"instock","11":"taxable","12":"shipping-taxable","13":"purchasable","14":"product-type-variable","15":"has-default-attributes","16":"rtwpvg-product"},"supplier_id":null,"supplier_sku":"","barcode":null,"atum_controlled":true,"out_stock_date":null,"out_stock_threshold":null,"inheritable":true,"inbound_stock":0,"stock_on_hold":0,"sold_today":3,"sales_last_days":4,"reserved_stock":0,"customer_returns":0,"warehouse_damage":0,"lost_in_post":0,"other_logs":0,"out_stock_days":null,"lost_sales":0,"has_location":true,"update_date":"2025-11-08T10:31:09","atum_locations":[{"id":6282,"name":"Tienda Onesport","slug":"tienda_onesport"}],"atum_stock_status":"instock","restock_status":false,"low_stock_amount":"","sales_update_date":"2025-07-01T09:46:27","calc_backorders":null,"_links":{"self":[{"href":"https:\/\/onesportmallorca.com\/en\/wp-json\/wp\/v2\/product\/46913","targetHints":{"allow":["GET"]}}],"collection":[{"href":"https:\/\/onesportmallorca.com\/en\/wp-json\/wp\/v2\/product"}],"about":[{"href":"https:\/\/onesportmallorca.com\/en\/wp-json\/wp\/v2\/types\/product"}],"wp:featuredmedia":[{"embeddable":true,"href":"https:\/\/onesportmallorca.com\/en\/wp-json\/wp\/v2\/media\/46952"}],"wp:attachment":[{"href":"https:\/\/onesportmallorca.com\/en\/wp-json\/wp\/v2\/media?parent=46913"}],"wp:term":[{"taxonomy":"product_brand","embeddable":true,"href":"https:\/\/onesportmallorca.com\/en\/wp-json\/wp\/v2\/product_brand?post=46913"},{"taxonomy":"product_cat","embeddable":true,"href":"https:\/\/onesportmallorca.com\/en\/wp-json\/wp\/v2\/product_cat?post=46913"},{"taxonomy":"product_tag","embeddable":true,"href":"https:\/\/onesportmallorca.com\/en\/wp-json\/wp\/v2\/product_tag?post=46913"}],"curies":[{"name":"wp","href":"https:\/\/api.w.org\/{rel}","templated":true}]}}