{"id":45523,"date":"2023-09-20T12:42:25","date_gmt":"2023-09-20T10:42:25","guid":{"rendered":"https:\/\/onesportmallorca.com\/producto\/zapatillas-adidas-gamecourt-2-m-core-black-ig9567\/"},"modified":"2025-03-25T19:47:17","modified_gmt":"2025-03-25T18:47:17","slug":"zapatillas-adidas-gamecourt-2-m-core-black-ig9567","status":"publish","type":"product","link":"https:\/\/onesportmallorca.com\/en\/producto\/zapatillas-adidas-gamecourt-2-m-core-black-ig9567\/","title":{"rendered":"Zapatillas Adidas GameCourt 2 M Core Black (IG9567)"},"content":{"rendered":"<section class=\"content-item___3yeDy content-visibility-auto full-width-never___3eH3H overflow___16dqW visible accordion-content-item___27JBt\">\n<div id=\"navigation-target-highlights\">\n<div class=\"accordion___14pj8 accordion--open___14Ep0\" data-testid=\"accordion\">\n<div class=\"accordion__content___29x9h\">\n<div class=\"content-padding___2kVWQ\">\n<div class=\"highlights___19JOq\">\n<div class=\"highlights-list___19FSM highlights-list--text-only___2yfW2\">\n<div class=\"highlight___3fa4r\">\n<div class=\"highlight-text___lgoJI\">\n<h3 class=\"highlight-text__headline___25B2G\">Confeccionada parcialmente con materiales reciclados<\/h3>\n<p>La parte superior contiene al menos un 50% de materiales reciclados. Su objetivo es plantear otra soluci\u00f3n m\u00e1s que ayude a eliminar los residuos pl\u00e1sticos.<\/p>\n<\/div>\n<\/div>\n<div class=\"highlight___3fa4r\">\n<div class=\"highlight-text___lgoJI\">\n<h3 class=\"highlight-text__headline___25B2G\">Amortiguaci\u00f3n ligera<\/h3>\n<p>La mediasuela de EVA te ofrece amortiguaci\u00f3n y comodidad.<\/p>\n<\/div>\n<\/div>\n<div class=\"highlight___3fa4r\">\n<div class=\"highlight-text___lgoJI\">\n<h3 class=\"highlight-text__headline___25B2G\">Parte superior de malla ligera<\/h3>\n<p>Su dise\u00f1o te permite moverte con total libertad y ofrece un ajuste seguro en el mediopi\u00e9.<\/p>\n<\/div>\n<\/div>\n<div class=\"highlight___3fa4r\">\n<div class=\"highlight-text___lgoJI\">\n<h3 class=\"highlight-text__headline___25B2G\">Suela para pistas duras<\/h3>\n<p>La suela Adiwear con dibujo de espiga te proporciona un equilibrio perfecto entre tracci\u00f3n y resistencia al desgaste en pistas duras.<\/p>\n<\/div>\n<\/div>\n<\/div>\n<\/div>\n<\/div>\n<\/div>\n<\/div>\n<\/div>\n<\/section>\n<section class=\"content-item___3yeDy content-visibility-auto full-width-never___3eH3H overflow___16dqW visible accordion-content-item___27JBt\">\n<div id=\"navigation-target-description\">\n<div class=\"accordion__header-text___2o9Im\">\n<h3 class=\"subtitle___9ljbp\">Ve a por la victoria desde el primer juego<\/h3>\n<p class=\"gl-vspace\">No pierdas ni un gramo de confianza. La parte superior de malla ligera y el tal\u00f3n acolchado de la zapatilla adidas Gamecourt 2.0 la convierten en la compa\u00f1era perfecta en la pista de tenis. La mediasuela de EVA te permite cubrir con comodidad todos los \u00e1ngulos. La suela Adiwear garantiza una excelente tracci\u00f3n y resistencia al desgaste en los cambios de direcci\u00f3n en pistas duras.<\/p>\n<\/div>\n<section class=\"content-item___3yeDy content-visibility-auto full-width-never___3eH3H overflow___16dqW visible accordion-content-item___27JBt\">\n<div id=\"navigation-target-specifications\">\n<div class=\"accordion___14pj8 accordion--open___14Ep0\" data-testid=\"accordion\">\n<div class=\"accordion__content___29x9h\">\n<div class=\"content-padding___2kVWQ\">\n<div class=\"bullets___3bsSs\" data-auto-id=\"specifications-section\">\n<ul class=\"gl-list\">\n<li class=\"gl-vspace-bpall-small\">Horma cl\u00e1sica<\/li>\n<li class=\"gl-vspace-bpall-small\">Cierre de cordones<\/li>\n<li class=\"gl-vspace-bpall-small\">Parte superior de malla perforada<\/li>\n<li class=\"gl-vspace-bpall-small\">Panel acolchado en el tobillo<\/li>\n<li class=\"gl-vspace-bpall-small\">Forro textil<\/li>\n<li class=\"gl-vspace-bpall-small\">Mediasuela de EVA<\/li>\n<li class=\"gl-vspace-bpall-small\">Suela Adiwear<\/li>\n<li class=\"gl-vspace-bpall-small\">La parte superior contiene al menos un 50% de material reciclado<\/li>\n<\/ul>\n<\/div>\n<\/div>\n<\/div>\n<\/div>\n<\/div>\n<\/section>\n<section class=\"content-item___3yeDy content-visibility-auto full-width-always___3jSLj visible non-accordion___20roA\">\n<div id=\"navigation-target-recommendations-1\"><\/div>\n<\/section>\n<\/div>\n<\/section>\n","protected":false},"excerpt":{"rendered":"<p>Confeccionada parcialmente con materiales reciclados La parte superior contiene al menos un 50% de materiales reciclados. Su objetivo es plantear<\/p>\n","protected":false},"featured_media":31414,"template":"","meta":[],"product_brand":[],"product_cat":[2240,5957],"product_tag":[],"class_list":{"0":"post-45523","1":"product","2":"type-product","3":"status-publish","4":"has-post-thumbnail","6":"product_cat-footwear","7":"product_cat-outlet-en","9":"first","10":"instock","11":"sale","12":"taxable","13":"shipping-taxable","14":"purchasable","15":"product-type-variable","16":"has-default-attributes","17":"rtwpvg-product"},"supplier_id":null,"supplier_sku":"","barcode":null,"atum_controlled":true,"out_stock_date":null,"out_stock_threshold":null,"inheritable":true,"inbound_stock":0,"stock_on_hold":0,"sold_today":3,"sales_last_days":3,"reserved_stock":0,"customer_returns":0,"warehouse_damage":0,"lost_in_post":0,"other_logs":0,"out_stock_days":null,"lost_sales":0,"has_location":true,"update_date":"2025-06-20T10:02:36","atum_locations":[{"id":5967,"name":"Shop Duva","slug":"shop_duva"}],"atum_stock_status":"instock","restock_status":false,"low_stock_amount":"","sales_update_date":"2025-06-20T10:02:36","calc_backorders":null,"_links":{"self":[{"href":"https:\/\/onesportmallorca.com\/en\/wp-json\/wp\/v2\/product\/45523","targetHints":{"allow":["GET"]}}],"collection":[{"href":"https:\/\/onesportmallorca.com\/en\/wp-json\/wp\/v2\/product"}],"about":[{"href":"https:\/\/onesportmallorca.com\/en\/wp-json\/wp\/v2\/types\/product"}],"wp:featuredmedia":[{"embeddable":true,"href":"https:\/\/onesportmallorca.com\/en\/wp-json\/wp\/v2\/media\/31414"}],"wp:attachment":[{"href":"https:\/\/onesportmallorca.com\/en\/wp-json\/wp\/v2\/media?parent=45523"}],"wp:term":[{"taxonomy":"product_brand","embeddable":true,"href":"https:\/\/onesportmallorca.com\/en\/wp-json\/wp\/v2\/product_brand?post=45523"},{"taxonomy":"product_cat","embeddable":true,"href":"https:\/\/onesportmallorca.com\/en\/wp-json\/wp\/v2\/product_cat?post=45523"},{"taxonomy":"product_tag","embeddable":true,"href":"https:\/\/onesportmallorca.com\/en\/wp-json\/wp\/v2\/product_tag?post=45523"}],"curies":[{"name":"wp","href":"https:\/\/api.w.org\/{rel}","templated":true}]}}