{"id":44547,"date":"2024-07-04T14:50:07","date_gmt":"2024-07-04T12:50:07","guid":{"rendered":"https:\/\/onesportmallorca.com\/?post_type=product&#038;p=44547"},"modified":"2024-12-03T10:48:36","modified_gmt":"2024-12-03T09:48:36","slug":"zapatillas-adidas-questar-3-w-pinspa-halsil-luclem-id8744","status":"publish","type":"product","link":"https:\/\/onesportmallorca.com\/en\/producto\/zapatillas-adidas-questar-3-w-pinspa-halsil-luclem-id8744\/","title":{"rendered":"Zapatillas Adidas Questar 3 W Pinspa\/Halsil\/Luclem (ID8744)"},"content":{"rendered":"<h3 class=\"subtitle___9ljbp\">Confort y amortiguaci\u00f3n<\/h3>\n<p class=\"gl-vspace\">Lleva tu entrenamiento al siguiente nivel. Esta zapatilla de running adidas te ofrece una pisada m\u00e1s c\u00f3moda en tus carreras diarias gracias a la amortiguaci\u00f3n Bounce que imprime impulso a tu zancada. El empeine de malla ligera y transpirable te brinda una gran ventilaci\u00f3n sin renunciar a la sujeci\u00f3n y la estabilidad. Este producto contiene al menos un 20% de materiales reciclados. Utilizando materiales reciclados, reducimos los residuos, nuestra dependencia de los recursos finitos y la huella que generan los productos que fabricamos.<\/p>\n<p>&nbsp;<\/p>\n<ul class=\"gl-list\">\n<li class=\"gl-vspace-bpall-small\">Horma cl\u00e1sica<\/li>\n<li class=\"gl-vspace-bpall-small\">Cierre de cordones<\/li>\n<li class=\"gl-vspace-bpall-small\">Empeine de malla<\/li>\n<li class=\"gl-vspace-bpall-small\">Forro textil<\/li>\n<li class=\"gl-vspace-bpall-small\">Mediasuela Bounce 2.0<\/li>\n<li class=\"gl-vspace-bpall-small\">Suela de goma<\/li>\n<\/ul>\n<ul class=\"gl-list\">\n<li class=\"gl-vspace-bpall-small\">Peso: 256 g (talla 38 2\/3)<\/li>\n<li class=\"gl-vspace-bpall-small\">Drop: 6 mm (tal\u00f3n: 28 mm \/ antepi\u00e9: 22 mm)<\/li>\n<li class=\"gl-vspace-bpall-small\">Contiene al menos un 20% de material reciclado<\/li>\n<li class=\"gl-vspace-bpall-small\">Color del art\u00edculo: Pink Spark \/ Halo Silver \/ Lucid Lemon<\/li>\n<li class=\"gl-vspace-bpall-small\">N\u00famero de art\u00edculo: ID8744<\/li>\n<\/ul>\n","protected":false},"excerpt":{"rendered":"<p>Confort y amortiguaci\u00f3n Lleva tu entrenamiento al siguiente nivel. Esta zapatilla de running adidas te ofrece una pisada m\u00e1s c\u00f3moda<\/p>\n","protected":false},"featured_media":44595,"template":"","meta":[],"product_brand":[],"product_cat":[2240],"product_tag":[],"class_list":{"0":"post-44547","1":"product","2":"type-product","3":"status-publish","4":"has-post-thumbnail","6":"product_cat-footwear","8":"first","9":"instock","10":"sale","11":"taxable","12":"shipping-taxable","13":"purchasable","14":"product-type-variable","15":"has-default-attributes","16":"rtwpvg-product"},"supplier_id":null,"supplier_sku":"","barcode":null,"atum_controlled":true,"out_stock_date":null,"out_stock_threshold":null,"inheritable":true,"inbound_stock":0,"stock_on_hold":0,"sold_today":4,"sales_last_days":4,"reserved_stock":0,"customer_returns":0,"warehouse_damage":0,"lost_in_post":0,"other_logs":0,"out_stock_days":null,"lost_sales":0,"has_location":true,"update_date":"2026-03-10T18:36:46","atum_locations":[{"id":6282,"name":"Tienda Onesport","slug":"tienda_onesport"}],"atum_stock_status":"instock","restock_status":false,"low_stock_amount":"","sales_update_date":"2025-03-27T13:03:44","calc_backorders":null,"_links":{"self":[{"href":"https:\/\/onesportmallorca.com\/en\/wp-json\/wp\/v2\/product\/44547","targetHints":{"allow":["GET"]}}],"collection":[{"href":"https:\/\/onesportmallorca.com\/en\/wp-json\/wp\/v2\/product"}],"about":[{"href":"https:\/\/onesportmallorca.com\/en\/wp-json\/wp\/v2\/types\/product"}],"wp:featuredmedia":[{"embeddable":true,"href":"https:\/\/onesportmallorca.com\/en\/wp-json\/wp\/v2\/media\/44595"}],"wp:attachment":[{"href":"https:\/\/onesportmallorca.com\/en\/wp-json\/wp\/v2\/media?parent=44547"}],"wp:term":[{"taxonomy":"product_brand","embeddable":true,"href":"https:\/\/onesportmallorca.com\/en\/wp-json\/wp\/v2\/product_brand?post=44547"},{"taxonomy":"product_cat","embeddable":true,"href":"https:\/\/onesportmallorca.com\/en\/wp-json\/wp\/v2\/product_cat?post=44547"},{"taxonomy":"product_tag","embeddable":true,"href":"https:\/\/onesportmallorca.com\/en\/wp-json\/wp\/v2\/product_tag?post=44547"}],"curies":[{"name":"wp","href":"https:\/\/api.w.org\/{rel}","templated":true}]}}