{"id":42300,"date":"2024-06-26T14:33:20","date_gmt":"2024-06-26T12:33:20","guid":{"rendered":"https:\/\/onesportmallorca.com\/?post_type=product&#038;p=42300"},"modified":"2025-09-24T10:44:07","modified_gmt":"2025-09-24T08:44:07","slug":"calcetin-x-bionic-core-sport-ankle","status":"publish","type":"product","link":"https:\/\/onesportmallorca.com\/en\/producto\/calcetin-x-bionic-core-sport-ankle\/","title":{"rendered":"Calcet\u00edn X-Bionic CORE SPORT Ankle"},"content":{"rendered":"<p>La categor\u00eda Core est\u00e1 dise\u00f1ada para principiantes y ofrece caracter\u00edsticas esenciales a un precio accesible. Los X-Socks\u00ae Core Sport, confeccionados con tejidos de poliamida y polipropileno para una mayor transpirabilidad y durabilidad.. Proporcionan una amortiguaci\u00f3n ligera en la suela, zonas de compresi\u00f3n y Aktiv-Bund\u00ae para la m\u00e1xima comodidad y ajuste seguro, adem\u00e1s de proteger \u00e1reas sensibles como el tend\u00f3n de Aquiles, el tal\u00f3n y la punta de los dedos. La estructura de malla transpirable y los canales de Airflow y Air-Conditioning Channel\u00ae mantienen la temperatura \u00f3ptima y previenen olores desagradables e irritaci\u00f3n en la piel. \u00a1Br\u00edndeles a tus pies el apoyo que necesitan con los X-SOCKS\u00ae CORE SPORT ANKLE!<\/p>\n","protected":false},"excerpt":{"rendered":"<p>La categor\u00eda Core est\u00e1 dise\u00f1ada para principiantes y ofrece caracter\u00edsticas esenciales a un precio accesible. Los X-Socks\u00ae Core Sport, confeccionados<\/p>\n","protected":false},"featured_media":42323,"template":"","meta":[],"product_brand":[7301],"product_cat":[6876,2234],"product_tag":[],"class_list":{"0":"post-42300","1":"product","2":"type-product","3":"status-publish","4":"has-post-thumbnail","6":"product_brand-x-bionic","7":"product_cat-x-bionic-en","8":"product_cat-socks","10":"first","11":"instock","12":"taxable","13":"shipping-taxable","14":"purchasable","15":"product-type-variable","16":"has-default-attributes","17":"rtwpvg-product"},"supplier_id":null,"supplier_sku":"","barcode":null,"atum_controlled":true,"out_stock_date":null,"out_stock_threshold":null,"inheritable":true,"inbound_stock":0,"stock_on_hold":0,"sold_today":4,"sales_last_days":4,"reserved_stock":0,"customer_returns":0,"warehouse_damage":0,"lost_in_post":0,"other_logs":0,"out_stock_days":null,"lost_sales":0,"has_location":true,"update_date":"2026-03-27T16:03:02","atum_locations":[{"id":6282,"name":"Tienda Onesport","slug":"tienda_onesport"}],"atum_stock_status":"instock","restock_status":false,"low_stock_amount":"","sales_update_date":"2025-09-25T16:50:37","calc_backorders":null,"_links":{"self":[{"href":"https:\/\/onesportmallorca.com\/en\/wp-json\/wp\/v2\/product\/42300","targetHints":{"allow":["GET"]}}],"collection":[{"href":"https:\/\/onesportmallorca.com\/en\/wp-json\/wp\/v2\/product"}],"about":[{"href":"https:\/\/onesportmallorca.com\/en\/wp-json\/wp\/v2\/types\/product"}],"wp:featuredmedia":[{"embeddable":true,"href":"https:\/\/onesportmallorca.com\/en\/wp-json\/wp\/v2\/media\/42323"}],"wp:attachment":[{"href":"https:\/\/onesportmallorca.com\/en\/wp-json\/wp\/v2\/media?parent=42300"}],"wp:term":[{"taxonomy":"product_brand","embeddable":true,"href":"https:\/\/onesportmallorca.com\/en\/wp-json\/wp\/v2\/product_brand?post=42300"},{"taxonomy":"product_cat","embeddable":true,"href":"https:\/\/onesportmallorca.com\/en\/wp-json\/wp\/v2\/product_cat?post=42300"},{"taxonomy":"product_tag","embeddable":true,"href":"https:\/\/onesportmallorca.com\/en\/wp-json\/wp\/v2\/product_tag?post=42300"}],"curies":[{"name":"wp","href":"https:\/\/api.w.org\/{rel}","templated":true}]}}