{"id":42274,"date":"2024-06-26T14:33:24","date_gmt":"2024-06-26T12:33:24","guid":{"rendered":"https:\/\/onesportmallorca.com\/?post_type=product&#038;p=42274"},"modified":"2026-03-10T20:02:29","modified_gmt":"2026-03-10T19:02:29","slug":"calcetin-x-bionic-trail-run-crew","status":"publish","type":"product","link":"https:\/\/onesportmallorca.com\/en\/producto\/calcetin-x-bionic-trail-run-crew\/","title":{"rendered":"Calcet\u00edn X-Bionic TRAILRUN DISCOVER Crew"},"content":{"rendered":"<p>X-Socks\u00ae ofrece tres categor\u00edas de tecnolog\u00eda para deportes como correr, montar en bicicleta y deportes de invierno: Descubre, Realiza y Experto. La categor\u00eda Descubre est\u00e1 dise\u00f1ada para atletas que buscan calcetines funcionales de alta gama que respalden su rendimiento. Los X-SOCKS\u00ae TRAILRUN DISCOVER CREW son ideales para entusiastas del trail running. Ofrecen soporte funcional desde la punta del dedo del pie, con estructuras de malla transpirable, regulaci\u00f3n de temperatura, almohadilla para el tobillo Airflow y protectores en \u00e1reas sensibles como el tend\u00f3n de Aquiles, el tal\u00f3n y la punta de los dedos. Los vendajes Suppronation\u00ae, Aktiv-Bund\u00ae y cojines Roll Support brindan comodidad y apoyo, permiti\u00e9ndote disfrutar al m\u00e1ximo de tus senderos<\/p>\n","protected":false},"excerpt":{"rendered":"<p>X-Socks\u00ae ofrece tres categor\u00edas de tecnolog\u00eda para deportes como correr, montar en bicicleta y deportes de invierno: Descubre, Realiza y<\/p>\n","protected":false},"featured_media":42289,"template":"","meta":[],"product_brand":[7301],"product_cat":[6876,2234],"product_tag":[],"class_list":{"0":"post-42274","1":"product","2":"type-product","3":"status-publish","4":"has-post-thumbnail","6":"product_brand-x-bionic","7":"product_cat-x-bionic-en","8":"product_cat-socks","10":"first","11":"instock","12":"taxable","13":"shipping-taxable","14":"purchasable","15":"product-type-variable","16":"rtwpvg-product"},"supplier_id":null,"supplier_sku":"","barcode":null,"atum_controlled":true,"out_stock_date":null,"out_stock_threshold":null,"inheritable":true,"inbound_stock":0,"stock_on_hold":0,"sold_today":4,"sales_last_days":5,"reserved_stock":0,"customer_returns":0,"warehouse_damage":0,"lost_in_post":0,"other_logs":0,"out_stock_days":null,"lost_sales":0,"has_location":true,"update_date":"2026-04-07T16:32:32","atum_locations":[{"id":6282,"name":"Tienda Onesport","slug":"tienda_onesport"}],"atum_stock_status":"instock","restock_status":false,"low_stock_amount":"","sales_update_date":"2025-09-25T16:50:35","calc_backorders":null,"_links":{"self":[{"href":"https:\/\/onesportmallorca.com\/en\/wp-json\/wp\/v2\/product\/42274","targetHints":{"allow":["GET"]}}],"collection":[{"href":"https:\/\/onesportmallorca.com\/en\/wp-json\/wp\/v2\/product"}],"about":[{"href":"https:\/\/onesportmallorca.com\/en\/wp-json\/wp\/v2\/types\/product"}],"wp:featuredmedia":[{"embeddable":true,"href":"https:\/\/onesportmallorca.com\/en\/wp-json\/wp\/v2\/media\/42289"}],"wp:attachment":[{"href":"https:\/\/onesportmallorca.com\/en\/wp-json\/wp\/v2\/media?parent=42274"}],"wp:term":[{"taxonomy":"product_brand","embeddable":true,"href":"https:\/\/onesportmallorca.com\/en\/wp-json\/wp\/v2\/product_brand?post=42274"},{"taxonomy":"product_cat","embeddable":true,"href":"https:\/\/onesportmallorca.com\/en\/wp-json\/wp\/v2\/product_cat?post=42274"},{"taxonomy":"product_tag","embeddable":true,"href":"https:\/\/onesportmallorca.com\/en\/wp-json\/wp\/v2\/product_tag?post=42274"}],"curies":[{"name":"wp","href":"https:\/\/api.w.org\/{rel}","templated":true}]}}