{"id":42086,"date":"2024-06-26T14:33:29","date_gmt":"2024-06-26T12:33:29","guid":{"rendered":"https:\/\/onesportmallorca.com\/?post_type=product&#038;p=42086"},"modified":"2025-09-25T19:02:20","modified_gmt":"2025-09-25T17:02:20","slug":"calcetin-x-bionic-run-perform-crew","status":"publish","type":"product","link":"https:\/\/onesportmallorca.com\/en\/producto\/calcetin-x-bionic-run-perform-crew\/","title":{"rendered":"Calcet\u00edn X-Bionic RUN PERFORM Crew"},"content":{"rendered":"<p>Ofrece tres categor\u00edas de tecnolog\u00eda para deportes como correr, montar en bicicleta y deportes de invierno. La categor\u00eda Perform est\u00e1 dise\u00f1ada para atletas que buscan tecnolog\u00eda avanzada. Los X-SOCKS\u00ae RUN PERFORM CREW son calcetines de alto rendimiento dise\u00f1ados con caracter\u00edsticas como estructuras de malla avanzadas, vendajes Suppronation\u00ae y cojines de soporte antivuelco. Estos calcetines brindan comodidad, protecci\u00f3n y soporte excepcionales, con caracter\u00edsticas como el protector de tend\u00f3n de Aquiles, el protector del tal\u00f3n, el protector del dedo y el protector de la punta del dedo integrados de Lambertz-Nicholson. Adem\u00e1s, cuentan con el Air-Conditioning Channel\u00ae optimizado y la tobillera Airflow que proporcionan una excelente ventilaci\u00f3n.<\/p>\n","protected":false},"excerpt":{"rendered":"<p>Ofrece tres categor\u00edas de tecnolog\u00eda para deportes como correr, montar en bicicleta y deportes de invierno. La categor\u00eda Perform est\u00e1<\/p>\n","protected":false},"featured_media":42071,"template":"","meta":[],"product_brand":[7301],"product_cat":[6876,2234],"product_tag":[],"class_list":{"0":"post-42086","1":"product","2":"type-product","3":"status-publish","4":"has-post-thumbnail","6":"product_brand-x-bionic","7":"product_cat-x-bionic-en","8":"product_cat-socks","10":"first","11":"instock","12":"taxable","13":"shipping-taxable","14":"purchasable","15":"product-type-variable","16":"has-default-attributes","17":"rtwpvg-product"},"supplier_id":null,"supplier_sku":"","barcode":null,"atum_controlled":true,"out_stock_date":null,"out_stock_threshold":null,"inheritable":true,"inbound_stock":0,"stock_on_hold":0,"sold_today":2,"sales_last_days":3,"reserved_stock":0,"customer_returns":0,"warehouse_damage":0,"lost_in_post":0,"other_logs":0,"out_stock_days":null,"lost_sales":0,"has_location":true,"update_date":"2026-03-30T10:36:28","atum_locations":[{"id":6282,"name":"Tienda Onesport","slug":"tienda_onesport"}],"atum_stock_status":"instock","restock_status":false,"low_stock_amount":"","sales_update_date":"2025-09-25T16:50:35","calc_backorders":null,"_links":{"self":[{"href":"https:\/\/onesportmallorca.com\/en\/wp-json\/wp\/v2\/product\/42086","targetHints":{"allow":["GET"]}}],"collection":[{"href":"https:\/\/onesportmallorca.com\/en\/wp-json\/wp\/v2\/product"}],"about":[{"href":"https:\/\/onesportmallorca.com\/en\/wp-json\/wp\/v2\/types\/product"}],"wp:featuredmedia":[{"embeddable":true,"href":"https:\/\/onesportmallorca.com\/en\/wp-json\/wp\/v2\/media\/42071"}],"wp:attachment":[{"href":"https:\/\/onesportmallorca.com\/en\/wp-json\/wp\/v2\/media?parent=42086"}],"wp:term":[{"taxonomy":"product_brand","embeddable":true,"href":"https:\/\/onesportmallorca.com\/en\/wp-json\/wp\/v2\/product_brand?post=42086"},{"taxonomy":"product_cat","embeddable":true,"href":"https:\/\/onesportmallorca.com\/en\/wp-json\/wp\/v2\/product_cat?post=42086"},{"taxonomy":"product_tag","embeddable":true,"href":"https:\/\/onesportmallorca.com\/en\/wp-json\/wp\/v2\/product_tag?post=42086"}],"curies":[{"name":"wp","href":"https:\/\/api.w.org\/{rel}","templated":true}]}}