{"id":41713,"date":"2024-06-21T17:37:25","date_gmt":"2024-06-21T15:37:25","guid":{"rendered":"https:\/\/onesportmallorca.com\/?post_type=product&#038;p=41713"},"modified":"2024-08-12T12:05:53","modified_gmt":"2024-08-12T10:05:53","slug":"camiseta-adidas-tr-es-fr-logo-negra-ib8273","status":"publish","type":"product","link":"https:\/\/onesportmallorca.com\/en\/producto\/camiseta-adidas-tr-es-fr-logo-negra-ib8273\/","title":{"rendered":"Camiseta Adidas TR-ES FR Logo Negra (IB8273)"},"content":{"rendered":"<p>Entrenar te hace sentir mejor. Ponte esta camiseta de training adidas y persigue tus objetivos. El dise\u00f1o New Lift te proporciona mayor cobertura en los ejercicios de press de hombros y las dominadas. La tecnolog\u00eda transpirable AEROREADY mantiene la piel seca en todo momento. Este producto se ha fabricado con diferentes materiales t\u00e9cnicos y contiene al menos un 70% de material reciclado. Su objetivo es plantear otra soluci\u00f3n m\u00e1s que ayude a eliminar los residuos pl\u00e1sticos.<\/p>\n","protected":false},"excerpt":{"rendered":"<p>Entrenar te hace sentir mejor. Ponte esta camiseta de training adidas y persigue tus objetivos. El dise\u00f1o New Lift te<\/p>\n","protected":false},"featured_media":41673,"template":"","meta":[],"product_brand":[],"product_cat":[5951,2275],"product_tag":[],"class_list":{"0":"post-41713","1":"product","2":"type-product","3":"status-publish","4":"has-post-thumbnail","6":"product_cat-clothing","7":"product_cat-camiseta-en","9":"first","10":"instock","11":"taxable","12":"shipping-taxable","13":"purchasable","14":"product-type-variable","15":"has-default-attributes","16":"rtwpvg-product"},"supplier_id":null,"supplier_sku":"","barcode":null,"atum_controlled":true,"out_stock_date":null,"out_stock_threshold":null,"inheritable":true,"inbound_stock":0,"stock_on_hold":0,"sold_today":1,"sales_last_days":2,"reserved_stock":0,"customer_returns":0,"warehouse_damage":0,"lost_in_post":0,"other_logs":0,"out_stock_days":null,"lost_sales":0,"has_location":true,"update_date":"2025-06-14T11:08:25","atum_locations":[{"id":5967,"name":"Shop Duva","slug":"shop_duva"}],"atum_stock_status":"instock","restock_status":false,"low_stock_amount":"","sales_update_date":"2025-03-26T10:56:15","calc_backorders":null,"_links":{"self":[{"href":"https:\/\/onesportmallorca.com\/en\/wp-json\/wp\/v2\/product\/41713","targetHints":{"allow":["GET"]}}],"collection":[{"href":"https:\/\/onesportmallorca.com\/en\/wp-json\/wp\/v2\/product"}],"about":[{"href":"https:\/\/onesportmallorca.com\/en\/wp-json\/wp\/v2\/types\/product"}],"wp:featuredmedia":[{"embeddable":true,"href":"https:\/\/onesportmallorca.com\/en\/wp-json\/wp\/v2\/media\/41673"}],"wp:attachment":[{"href":"https:\/\/onesportmallorca.com\/en\/wp-json\/wp\/v2\/media?parent=41713"}],"wp:term":[{"taxonomy":"product_brand","embeddable":true,"href":"https:\/\/onesportmallorca.com\/en\/wp-json\/wp\/v2\/product_brand?post=41713"},{"taxonomy":"product_cat","embeddable":true,"href":"https:\/\/onesportmallorca.com\/en\/wp-json\/wp\/v2\/product_cat?post=41713"},{"taxonomy":"product_tag","embeddable":true,"href":"https:\/\/onesportmallorca.com\/en\/wp-json\/wp\/v2\/product_tag?post=41713"}],"curies":[{"name":"wp","href":"https:\/\/api.w.org\/{rel}","templated":true}]}}