{"id":40296,"date":"2024-06-10T18:21:53","date_gmt":"2024-06-10T16:21:53","guid":{"rendered":"https:\/\/onesportmallorca.com\/?post_type=product&#038;p=40296"},"modified":"2024-10-25T10:32:53","modified_gmt":"2024-10-25T08:32:53","slug":"pala-padel-siux-sx7-air","status":"publish","type":"product","link":"https:\/\/onesportmallorca.com\/en\/producto\/pala-padel-siux-sx7-air\/","title":{"rendered":"Pala Padel SIUX SX7 Air"},"content":{"rendered":"<h2>SIUX SX7 AIR, UNA PALA DE CONTROL IDEAL PARA INICIARTE EN EL P\u00c1DEL<\/h2>\n<p>La nueva\u00a0<strong>Siux SX7 Air<\/strong>\u00a0es una pala que ha sido dise\u00f1ada expresamente para jugadoras de<strong>\u00a0nivel principiante\u00a0<\/strong>que busquen un modelo que les aporte\u00a0<strong>control y estabilidad<\/strong>\u00a0en sus primeros golpes.<\/p>\n<p>Esta modelo de\u00a0<strong>Siux<\/strong>, fabricada para mujeres, tiene un peso comprendido entre los\u00a0<strong>340 y los 360 gramos<\/strong>, lo que la convierte en una pala f\u00e1cilmente manejable, que confiere a la jugadora una<strong>\u00a0gran libertad de movimiento<\/strong>\u00a0por la pista, para que pueda llegar incluso a los golpes m\u00e1s dif\u00edciles.<\/p>\n<p>Presenta una\u00a0<strong>forma redonda<\/strong>, con un balance intermedio y un punto bastante amplio. Esto se traduce en que la jugadora experimentar\u00e1 una sensaci\u00f3n de comodidad, control y seguridad durante todo el partido ya que el peso se distribuye hacia la zona del pu\u00f1o y le confiere un\u00a0<strong>agarre m\u00e1s firme.<\/strong><\/p>\n<h3 class=\"first_h3\">Desarrolla tu mejor nivel<\/h3>\n<p>Las caras de la\u00a0<strong>Siux SX7 Air<\/strong>\u00a0est\u00e1n compuestas de\u00a0<strong>fibra de vidrio<\/strong>, un tejido muy el\u00e1stico que proporciona a la pala equilibrio, solidez y una gran resistencia. La superficie tiene un\u00a0<strong>acabado mate y liso<\/strong>, lo que permite golpear la bola con m\u00e1s firmeza y control, sin miedo a que \u00e9sta cambie el rumbo repentinamente.<\/p>\n<p>El marco tubular est\u00e1 fabricado con<strong>\u00a0fibra de vidrio,<\/strong>\u00a0y proporciona a la jugadora una sensaci\u00f3n de comodidad extraordinaria, as\u00ed como m\u00e1s precisi\u00f3n y flexibilidad.<\/p>\n<p>Por su parte, el n\u00facleo interno o coraz\u00f3n de esta pala\u00a0<strong>Siux\u00a0<\/strong>est\u00e1 constituido por una espuma de tacto suave, la\u00a0<strong>goma EVA Ultra Soft<\/strong>. Este tipo de goma es de alta calidad y genera una mayor pegada gracias a su rigidez.<\/p>\n<h3>Est\u00e9tica moderna e innovadora<\/h3>\n<p>De su dise\u00f1o podemos destacar la\u00a0<strong>elegancia, sencillez y sobriedad<\/strong>\u00a0que transmite con la combinaci\u00f3n de colores elegida. El morado, combinado con el negro, proporciona una sensaci\u00f3n de delicadeza, sensibilidad y autenticidad.<\/p>\n<p>Adem\u00e1s, esta pala, que forma parte de la\u00a0<em><strong>Evolution Series<\/strong><\/em>\u00a0de\u00a0<strong>Siux<\/strong>, incluye un\u00a0<strong>sistema anti torsi\u00f3n<\/strong>\u00a0y cuenta con un puente reforzado, que suma firmeza y estabilidad a cada golpe.<\/p>\n","protected":false},"excerpt":{"rendered":"<p>SIUX SX7 AIR, UNA PALA DE CONTROL IDEAL PARA INICIARTE EN EL P\u00c1DEL La nueva\u00a0Siux SX7 Air\u00a0es una pala que<\/p>\n","protected":false},"featured_media":40276,"template":"","meta":[],"product_brand":[],"product_cat":[6557,2267],"product_tag":[],"class_list":{"0":"post-40296","1":"product","2":"type-product","3":"status-publish","4":"has-post-thumbnail","6":"product_cat-siux-en","7":"product_cat-pala-en","9":"first","10":"outofstock","11":"taxable","12":"shipping-taxable","13":"purchasable","14":"product-type-simple"},"supplier_id":null,"supplier_sku":"","barcode":"8435536745491","atum_controlled":true,"out_stock_date":"2024-10-25 10:32:53","out_stock_threshold":null,"inheritable":false,"inbound_stock":0,"stock_on_hold":0,"sold_today":0,"sales_last_days":0,"reserved_stock":0,"customer_returns":0,"warehouse_damage":0,"lost_in_post":0,"other_logs":0,"out_stock_days":153,"lost_sales":0,"has_location":true,"update_date":"2025-03-27T17:12:48","atum_locations":[{"id":5967,"name":"Shop Duva","slug":"shop_duva"}],"atum_stock_status":"outofstock","restock_status":false,"low_stock_amount":"","sales_update_date":"2025-03-27T17:12:48","calc_backorders":null,"_links":{"self":[{"href":"https:\/\/onesportmallorca.com\/en\/wp-json\/wp\/v2\/product\/40296","targetHints":{"allow":["GET"]}}],"collection":[{"href":"https:\/\/onesportmallorca.com\/en\/wp-json\/wp\/v2\/product"}],"about":[{"href":"https:\/\/onesportmallorca.com\/en\/wp-json\/wp\/v2\/types\/product"}],"wp:featuredmedia":[{"embeddable":true,"href":"https:\/\/onesportmallorca.com\/en\/wp-json\/wp\/v2\/media\/40276"}],"wp:attachment":[{"href":"https:\/\/onesportmallorca.com\/en\/wp-json\/wp\/v2\/media?parent=40296"}],"wp:term":[{"taxonomy":"product_brand","embeddable":true,"href":"https:\/\/onesportmallorca.com\/en\/wp-json\/wp\/v2\/product_brand?post=40296"},{"taxonomy":"product_cat","embeddable":true,"href":"https:\/\/onesportmallorca.com\/en\/wp-json\/wp\/v2\/product_cat?post=40296"},{"taxonomy":"product_tag","embeddable":true,"href":"https:\/\/onesportmallorca.com\/en\/wp-json\/wp\/v2\/product_tag?post=40296"}],"curies":[{"name":"wp","href":"https:\/\/api.w.org\/{rel}","templated":true}]}}