{"id":32094,"date":"2023-09-22T17:06:34","date_gmt":"2023-09-22T15:06:34","guid":{"rendered":"https:\/\/onesportmallorca.com\/?post_type=product&#038;p=32094"},"modified":"2024-12-08T21:51:35","modified_gmt":"2024-12-08T20:51:35","slug":"zapatilla-hoka-clifton-9-m-ice-water-evening-primrose-1127895iwe","status":"publish","type":"product","link":"https:\/\/onesportmallorca.com\/en\/producto\/zapatilla-hoka-clifton-9-m-ice-water-evening-primrose-1127895iwe\/","title":{"rendered":"Zapatilla Hoka CLIFTON 9 M Ice Water \/ Evening Primrose (1127895IWE)"},"content":{"rendered":"<h2 class=\"description__title\">The Rundown<\/h2>\n<div id=\"description-info\" class=\"description__info\">\n<div class=\"content\">\n<div class=\"short-description__full\">\n<p><strong>Ligeras y acolchadas para largas distancias diarias.<\/strong><\/p>\n<p>La novena versi\u00f3n de nuestra galardonada gama Clifton ofrece una versi\u00f3n m\u00e1s ligera y con m\u00e1s amortiguaci\u00f3n que nunca. Las nuevas Clifton 9 reducen el peso al tiempo que a\u00f1aden 3 mm de altura; adem\u00e1s, ofrecen una experiencia revitalizada bajo los pies con una nueva espuma con capacidad de respuesta y un dise\u00f1o de suela mejorado. Las capas superpuestas y las termofusiones se han eliminado, y el empeine minimalista se ha confeccionado de forma consciente con un tal\u00f3n m\u00e1s suave, un panel reflectante en el tal\u00f3n y una leng\u00fceta aerodin\u00e1mica con refuerzo de la zona intermedia en un solo lado.<\/p>\n<\/div>\n<\/div>\n<div class=\"model-info-secondary mb-1\"><\/div>\n<div id=\"description-info-more-content\" class=\"product-description-view-more\">\n<div class=\"description-techspecs description-techspecs--bestfor\">\n<div class=\"description-techspecs__title title\"><strong>Uso<\/strong><\/div>\n<div class=\"description-techspecs__items collapsible-recommendations\">\n<div class=\"description-techspecs__item\">Carretera<\/div>\n<div class=\"description-techspecs__item\">Caminar<\/div>\n<div><\/div>\n<\/div>\n<\/div>\n<div class=\"description-techspecs description-techspecs--features \">\n<div class=\"description-techspecs__title\"><strong>Caracter\u00edsticas<\/strong>:<\/div>\n<div class=\"description-techspecs__items\">\n<ul class=\"features-container\">\n<li class=\"feature-item\">Empeine de punto t\u00e9cnico transpirable<\/li>\n<li class=\"feature-item\">Leng\u00fceta reforzada<\/li>\n<li class=\"feature-item\">Cordones con un 70\u00a0% de nailon reciclado y un 30\u00a0% de poli\u00e9ster reciclado (excepto el herrete)<\/li>\n<li class=\"feature-item\">Entresuela de espuma EVA moldeada por compresi\u00f3n<\/li>\n<li class=\"feature-item\">MetaRocker\u2122 en posici\u00f3n de fase inicial<\/li>\n<\/ul>\n<ul class=\"features-container features-extended collapse show\">\n<li class=\"feature-item\">Geometr\u00eda inherentemente estable<\/li>\n<li class=\"feature-item\">Suela exterior de caucho Durabrasion Rubber\u2122<\/li>\n<li class=\"feature-item\">Veganas<\/li>\n<li class=\"feature-item\">Malla del empeine con un 35\u00a0% de poli\u00e9ster reciclado<\/li>\n<li class=\"feature-item\">Cuello y forro de la leng\u00fceta con un 60\u00a0% de poli\u00e9ster reciclado<\/li>\n<li class=\"feature-item\">Plantilla con construcci\u00f3n Strobel con un 87\u00a0% de poli\u00e9ster reciclado<\/li>\n<li class=\"feature-item\">Tejido superior de la plantilla con un 100\u00a0% de poli\u00e9ster reciclado<\/li>\n<\/ul>\n<\/div>\n<\/div>\n<\/div>\n<\/div>\n","protected":false},"excerpt":{"rendered":"<p>The Rundown Ligeras y acolchadas para largas distancias diarias. La novena versi\u00f3n de nuestra galardonada gama Clifton ofrece una versi\u00f3n<\/p>\n","protected":false},"featured_media":32119,"template":"","meta":[],"product_brand":[],"product_cat":[6396,2240],"product_tag":[],"class_list":{"0":"post-32094","1":"product","2":"type-product","3":"status-publish","4":"has-post-thumbnail","6":"product_cat-hoka-en","7":"product_cat-footwear","9":"first","10":"outofstock","11":"sale","12":"taxable","13":"shipping-taxable","14":"purchasable","15":"product-type-variable","16":"rtwpvg-product"},"supplier_id":null,"supplier_sku":"","barcode":null,"atum_controlled":true,"out_stock_date":null,"out_stock_threshold":null,"inheritable":true,"inbound_stock":0,"stock_on_hold":0,"sold_today":1,"sales_last_days":1,"reserved_stock":0,"customer_returns":0,"warehouse_damage":0,"lost_in_post":0,"other_logs":0,"out_stock_days":null,"lost_sales":0,"has_location":true,"update_date":"2025-08-07T07:57:50","atum_locations":[{"id":5969,"name":"Nu'u","slug":"nuu"}],"atum_stock_status":"outofstock","restock_status":false,"low_stock_amount":"","sales_update_date":"2025-08-07T07:57:50","calc_backorders":null,"_links":{"self":[{"href":"https:\/\/onesportmallorca.com\/en\/wp-json\/wp\/v2\/product\/32094","targetHints":{"allow":["GET"]}}],"collection":[{"href":"https:\/\/onesportmallorca.com\/en\/wp-json\/wp\/v2\/product"}],"about":[{"href":"https:\/\/onesportmallorca.com\/en\/wp-json\/wp\/v2\/types\/product"}],"wp:featuredmedia":[{"embeddable":true,"href":"https:\/\/onesportmallorca.com\/en\/wp-json\/wp\/v2\/media\/32119"}],"wp:attachment":[{"href":"https:\/\/onesportmallorca.com\/en\/wp-json\/wp\/v2\/media?parent=32094"}],"wp:term":[{"taxonomy":"product_brand","embeddable":true,"href":"https:\/\/onesportmallorca.com\/en\/wp-json\/wp\/v2\/product_brand?post=32094"},{"taxonomy":"product_cat","embeddable":true,"href":"https:\/\/onesportmallorca.com\/en\/wp-json\/wp\/v2\/product_cat?post=32094"},{"taxonomy":"product_tag","embeddable":true,"href":"https:\/\/onesportmallorca.com\/en\/wp-json\/wp\/v2\/product_tag?post=32094"}],"curies":[{"name":"wp","href":"https:\/\/api.w.org\/{rel}","templated":true}]}}