{"id":32009,"date":"2023-09-22T16:09:16","date_gmt":"2023-09-22T14:09:16","guid":{"rendered":"https:\/\/onesportmallorca.com\/?post_type=product&#038;p=32009"},"modified":"2025-03-26T12:11:04","modified_gmt":"2025-03-26T11:11:04","slug":"zapatilla-hoka-rincon-3-m-bluesteel-deep-dive-1119395-bdd","status":"publish","type":"product","link":"https:\/\/onesportmallorca.com\/en\/producto\/zapatilla-hoka-rincon-3-m-bluesteel-deep-dive-1119395-bdd\/","title":{"rendered":"Zapatilla Hoka RINCON 3 M BlueSteel \/ Deep Dive (1119395 BDD)"},"content":{"rendered":"<h2 class=\"description__title\">The Rundown<\/h2>\n<div id=\"description-info\" class=\"description__info\">\n<div class=\"content\">\n<div class=\"short-description__full\">\n<p><strong>Siente la velocidad de la luz.<\/strong><\/p>\n<p>Las Rincon 3, que ofrecen la mejor relaci\u00f3n amortiguaci\u00f3n\/peso del mercado, vuelven con un modelo sorprendentemente ligero. Este nuevo dise\u00f1o presenta una leng\u00fceta asim\u00e9trica, una trabilla m\u00e1s fina y un empeine de malla con ventilaci\u00f3n para ofrecer la m\u00e1xima transpirabilidad. La espuma extraligera de la entresuela incorpora orificios din\u00e1micos y una cobertura de goma mejorada para aumentar la durabilidad.<\/p>\n<\/div>\n<\/div>\n<div class=\"model-info-secondary mb-1\"><\/div>\n<div id=\"description-info-more-content\" class=\"product-description-view-more\">\n<div class=\"description-techspecs description-techspecs--bestfor\">\n<h4 class=\"description-techspecs__title title\">Uso<\/h4>\n<div class=\"description-techspecs__items collapsible-recommendations\">\n<div class=\"description-techspecs__item\">Carretera<\/div>\n<div class=\"description-techspecs__item\">Track<\/div>\n<div><\/div>\n<\/div>\n<\/div>\n<div class=\"description-techspecs description-techspecs--features \">\n<h4 class=\"description-techspecs__title\">Caracter\u00edsticas:<\/h4>\n<div class=\"description-techspecs__items\">\n<ul class=\"features-container\">\n<li class=\"feature-item\">Empeine transpirable<\/li>\n<li class=\"feature-item\">Leng\u00fceta asim\u00e9trica<\/li>\n<li class=\"feature-item\">Entresuela de espuma moldeada por compresi\u00f3n<\/li>\n<li class=\"feature-item\">Meta-Rocker\u2122 en posici\u00f3n de fase inicial<\/li>\n<li class=\"feature-item\">Goma ligera por zonas<\/li>\n<\/ul>\n<ul class=\"features-container features-extended collapse show\">\n<li class=\"feature-item\">Veganas<\/li>\n<li class=\"feature-item\">Plantilla de EVA moldeada<\/li>\n<\/ul>\n<\/div>\n<\/div>\n<\/div>\n<\/div>\n","protected":false},"excerpt":{"rendered":"<p>The Rundown Siente la velocidad de la luz. Las Rincon 3, que ofrecen la mejor relaci\u00f3n amortiguaci\u00f3n\/peso del mercado, vuelven<\/p>\n","protected":false},"featured_media":32033,"template":"","meta":[],"product_brand":[],"product_cat":[6396,2240],"product_tag":[7169],"class_list":{"0":"post-32009","1":"product","2":"type-product","3":"status-publish","4":"has-post-thumbnail","6":"product_cat-hoka-en","7":"product_cat-footwear","8":"product_tag-outlet-en","10":"first","11":"outofstock","12":"sale","13":"taxable","14":"shipping-taxable","15":"purchasable","16":"product-type-variable","17":"rtwpvg-product"},"supplier_id":null,"supplier_sku":"","barcode":null,"atum_controlled":true,"out_stock_date":null,"out_stock_threshold":null,"inheritable":true,"inbound_stock":0,"stock_on_hold":0,"sold_today":1,"sales_last_days":1,"reserved_stock":0,"customer_returns":0,"warehouse_damage":0,"lost_in_post":0,"other_logs":0,"out_stock_days":null,"lost_sales":0,"has_location":true,"update_date":"2025-06-05T11:22:25","atum_locations":[{"id":5967,"name":"Shop Duva","slug":"shop_duva"}],"atum_stock_status":"instock","restock_status":false,"low_stock_amount":"","sales_update_date":"2025-06-05T11:22:25","calc_backorders":null,"_links":{"self":[{"href":"https:\/\/onesportmallorca.com\/en\/wp-json\/wp\/v2\/product\/32009","targetHints":{"allow":["GET"]}}],"collection":[{"href":"https:\/\/onesportmallorca.com\/en\/wp-json\/wp\/v2\/product"}],"about":[{"href":"https:\/\/onesportmallorca.com\/en\/wp-json\/wp\/v2\/types\/product"}],"wp:featuredmedia":[{"embeddable":true,"href":"https:\/\/onesportmallorca.com\/en\/wp-json\/wp\/v2\/media\/32033"}],"wp:attachment":[{"href":"https:\/\/onesportmallorca.com\/en\/wp-json\/wp\/v2\/media?parent=32009"}],"wp:term":[{"taxonomy":"product_brand","embeddable":true,"href":"https:\/\/onesportmallorca.com\/en\/wp-json\/wp\/v2\/product_brand?post=32009"},{"taxonomy":"product_cat","embeddable":true,"href":"https:\/\/onesportmallorca.com\/en\/wp-json\/wp\/v2\/product_cat?post=32009"},{"taxonomy":"product_tag","embeddable":true,"href":"https:\/\/onesportmallorca.com\/en\/wp-json\/wp\/v2\/product_tag?post=32009"}],"curies":[{"name":"wp","href":"https:\/\/api.w.org\/{rel}","templated":true}]}}