{"id":31975,"date":"2023-09-22T14:03:40","date_gmt":"2023-09-22T12:03:40","guid":{"rendered":"https:\/\/onesportmallorca.com\/?post_type=product&#038;p=31975"},"modified":"2025-05-27T11:13:06","modified_gmt":"2025-05-27T09:13:06","slug":"zapatilla-hoka-torrent-3-m-black-diva-blue-1127914-bdv","status":"publish","type":"product","link":"https:\/\/onesportmallorca.com\/en\/producto\/zapatilla-hoka-torrent-3-m-black-diva-blue-1127914-bdv\/","title":{"rendered":"Zapatilla Hoka TORRENT 3 M Black \/ Diva Blue (1127914 BDV)"},"content":{"rendered":"<h2 class=\"description__title\">The Rundown<\/h2>\n<div id=\"description-info\" class=\"description__info\">\n<div class=\"content\">\n<div class=\"short-description__full\"><strong>R\u00e1pidas. Fluidas. Divertidas.\u202f\u202f<\/strong><\/p>\n<p>Con la misma estructura de la entresuela PROFLYTM\u2122 para los aterrizajes flexibles y los despegues con propulsi\u00f3n, las Torrent 3 se han reinventado con un empeine minimalista. La malla t\u00e9cnica de doble capa pasa a una sola capa, el hilo transpirable de alto rendimiento se une a una capa de TPU para ofrecer m\u00e1s firmeza y una nueva suela de goma m\u00e1s adherente y duradera que la \u00faltima versi\u00f3n.<\/p><\/div>\n<\/div>\n<div class=\"model-info mt-1 mb-1\"><\/div>\n<div class=\"model-info-secondary mb-1\"><\/div>\n<div id=\"description-info-more-content\" class=\"product-description-view-more\">\n<div class=\"description-techspecs description-techspecs--bestfor\">\n<h4 class=\"description-techspecs__title title\">Uso<\/h4>\n<div class=\"description-techspecs__items collapsible-recommendations\">\n<div class=\"description-techspecs__item\">Trail<\/div>\n<\/div>\n<\/div>\n<div class=\"description-techspecs description-techspecs--features \">\n<h4 class=\"description-techspecs__title\">Caracter\u00edsticas:<\/h4>\n<div class=\"description-techspecs__items\">\n<ul class=\"features-container\">\n<li class=\"feature-item\">Empeine de malla de capa \u00fanica con un 35\u00a0% de poli\u00e9ster reciclado<\/li>\n<li class=\"feature-item\">Leng\u00fceta plana reforzada<\/li>\n<li class=\"feature-item\">Confecci\u00f3n ProFly\u2122<\/li>\n<li class=\"feature-item\">Meta-Rocker\u2122 en posici\u00f3n de fase inicial<\/li>\n<li class=\"feature-item\">Tacos de 4\u00a0mm en m\u00faltiples direcciones<\/li>\n<\/ul>\n<ul class=\"features-container features-extended collapse show\">\n<li class=\"feature-item\">Goma adherente<\/li>\n<li class=\"feature-item\">Cincha de la leng\u00fceta, cuello y forro de la leng\u00fceta 100\u00a0% de poli\u00e9ster reciclado<\/li>\n<li class=\"feature-item\">Forro en los ojetes con un 40\u00a0% de poli\u00e9ster reciclado<\/li>\n<li class=\"feature-item\">Tejido superior de la plantilla con un 100\u00a0% de poli\u00e9ster reciclado<\/li>\n<li class=\"feature-item\">Plantilla con construcci\u00f3n Strobel con un 87\u00a0% de poli\u00e9ster reciclado<\/li>\n<li class=\"feature-item\">Cordones con un 100\u00a0% de poli\u00e9ster reciclado (excepto el herrete)<\/li>\n<\/ul>\n<\/div>\n<\/div>\n<\/div>\n<\/div>\n","protected":false},"excerpt":{"rendered":"<p>The Rundown R\u00e1pidas. Fluidas. Divertidas.\u202f\u202f Con la misma estructura de la entresuela PROFLYTM\u2122 para los aterrizajes flexibles y los despegues<\/p>\n","protected":false},"featured_media":31886,"template":"","meta":[],"product_brand":[],"product_cat":[6396,2240],"product_tag":[],"class_list":{"0":"post-31975","1":"product","2":"type-product","3":"status-publish","4":"has-post-thumbnail","6":"product_cat-hoka-en","7":"product_cat-footwear","9":"first","10":"outofstock","11":"sale","12":"taxable","13":"shipping-taxable","14":"purchasable","15":"product-type-variable","16":"rtwpvg-product"},"supplier_id":null,"supplier_sku":"","barcode":null,"atum_controlled":true,"out_stock_date":null,"out_stock_threshold":null,"inheritable":true,"inbound_stock":0,"stock_on_hold":0,"sold_today":1,"sales_last_days":1,"reserved_stock":0,"customer_returns":0,"warehouse_damage":0,"lost_in_post":0,"other_logs":0,"out_stock_days":null,"lost_sales":0,"has_location":true,"update_date":"2026-01-09T18:30:46","atum_locations":[{"id":5967,"name":"Shop Duva","slug":"shop_duva"}],"atum_stock_status":"outofstock","restock_status":false,"low_stock_amount":"","sales_update_date":"2025-06-05T11:22:25","calc_backorders":null,"_links":{"self":[{"href":"https:\/\/onesportmallorca.com\/en\/wp-json\/wp\/v2\/product\/31975","targetHints":{"allow":["GET"]}}],"collection":[{"href":"https:\/\/onesportmallorca.com\/en\/wp-json\/wp\/v2\/product"}],"about":[{"href":"https:\/\/onesportmallorca.com\/en\/wp-json\/wp\/v2\/types\/product"}],"wp:featuredmedia":[{"embeddable":true,"href":"https:\/\/onesportmallorca.com\/en\/wp-json\/wp\/v2\/media\/31886"}],"wp:attachment":[{"href":"https:\/\/onesportmallorca.com\/en\/wp-json\/wp\/v2\/media?parent=31975"}],"wp:term":[{"taxonomy":"product_brand","embeddable":true,"href":"https:\/\/onesportmallorca.com\/en\/wp-json\/wp\/v2\/product_brand?post=31975"},{"taxonomy":"product_cat","embeddable":true,"href":"https:\/\/onesportmallorca.com\/en\/wp-json\/wp\/v2\/product_cat?post=31975"},{"taxonomy":"product_tag","embeddable":true,"href":"https:\/\/onesportmallorca.com\/en\/wp-json\/wp\/v2\/product_tag?post=31975"}],"curies":[{"name":"wp","href":"https:\/\/api.w.org\/{rel}","templated":true}]}}