{"id":31905,"date":"2023-09-22T13:33:18","date_gmt":"2023-09-22T11:33:18","guid":{"rendered":"https:\/\/onesportmallorca.com\/?post_type=product&#038;p=31905"},"modified":"2024-12-03T14:08:29","modified_gmt":"2024-12-03T13:08:29","slug":"zapatilla-hoka-m-speedgoat-5-black-evening-primrose-1123157-bepr","status":"publish","type":"product","link":"https:\/\/onesportmallorca.com\/en\/producto\/zapatilla-hoka-m-speedgoat-5-black-evening-primrose-1123157-bepr\/","title":{"rendered":"Zapatilla Hoka M SpeedGoat 5 Black \/ Evening Primrose (1123157 BEPR)"},"content":{"rendered":"<p>Las zapatillas HOKA Speedgoat 5, dise\u00f1adas para la pr\u00e1ctica del trail running, son ideales para enfrentarte a las dificultades de los terrenos m\u00e1s t\u00e9cnicos mientras corres. La suela Vibram MegaGrip te ofrecer\u00e1 un agarre y una potencia de frenado excelentes para evitar imprevistos cuando el sendero se vuelva m\u00e1s complejo. El compuesto de la entresuela, de gran ligereza, es garant\u00eda de una pisada suave y c\u00f3moda para que puedas centrarte en seguir corriendo. En la parte superior de estas zapatillas de trail running, el tejido de malla te garantizar\u00e1 una ventilaci\u00f3n constante para mantener tus pies frescos.<\/p>\n<p>&nbsp;<\/p>\n<h4>Caracter\u00edsticas:<\/h4>\n<ul>\n<li>Uso: Trail Running<\/li>\n<li>Empeine de malla mejorado que ofrece una gran transpirabilidad<\/li>\n<li>Capas impresas en 3D que proporcionan apoyo y sujeci\u00f3n adicional en la zona del pie medio<\/li>\n<li>Leng\u00fceta reforzada con orificios estrat\u00e9gicamente ubicados que favorecen la transpiraci\u00f3n<\/li>\n<li>L\u00edneas de los ojales con un refuerzo que proporciona un ajuste seguro<\/li>\n<li>Entresuela con una ligera espuma que mejora la capacidad de respuesta<\/li>\n<li>Suela Vibram MegaGrip de agarre excelente en terrenos complejos<\/li>\n<li>El antepi\u00e9 m\u00e1s ancho ofrece una zancada m\u00e1s estable y un ajuste m\u00e1s c\u00f3modo<\/li>\n<li>Tacos de 5 mm<\/li>\n<li>Fabricaci\u00f3n vegana<\/li>\n<\/ul>\n<div><\/div>\n<h4>Tecnolog\u00edas:<\/h4>\n<ul>\n<li>Vibram MegaGrip<\/li>\n<\/ul>\n<p>Es una goma extra-pegajosa de alto rendimiento. Proporciona agarre y tracci\u00f3n en superficies mojadas o secas y es el l\u00edder de la industria en caucho duradero para productos para exteriores.<\/p>\n","protected":false},"excerpt":{"rendered":"<p>Las zapatillas HOKA Speedgoat 5, dise\u00f1adas para la pr\u00e1ctica del trail running, son ideales para enfrentarte a las dificultades de<\/p>\n","protected":false},"featured_media":31932,"template":"","meta":[],"product_brand":[],"product_cat":[6396,2240],"product_tag":[],"class_list":{"0":"post-31905","1":"product","2":"type-product","3":"status-publish","4":"has-post-thumbnail","6":"product_cat-hoka-en","7":"product_cat-footwear","9":"first","10":"outofstock","11":"sale","12":"taxable","13":"shipping-taxable","14":"purchasable","15":"product-type-variable","16":"rtwpvg-product"},"supplier_id":null,"supplier_sku":"","barcode":null,"atum_controlled":true,"out_stock_date":null,"out_stock_threshold":null,"inheritable":true,"inbound_stock":0,"stock_on_hold":0,"sold_today":1,"sales_last_days":1,"reserved_stock":0,"customer_returns":0,"warehouse_damage":0,"lost_in_post":0,"other_logs":0,"out_stock_days":null,"lost_sales":0,"has_location":true,"update_date":"2025-11-09T13:13:58","atum_locations":[{"id":5967,"name":"Shop Duva","slug":"shop_duva"}],"atum_stock_status":"outofstock","restock_status":false,"low_stock_amount":"","sales_update_date":"2025-06-05T11:22:26","calc_backorders":null,"_links":{"self":[{"href":"https:\/\/onesportmallorca.com\/en\/wp-json\/wp\/v2\/product\/31905","targetHints":{"allow":["GET"]}}],"collection":[{"href":"https:\/\/onesportmallorca.com\/en\/wp-json\/wp\/v2\/product"}],"about":[{"href":"https:\/\/onesportmallorca.com\/en\/wp-json\/wp\/v2\/types\/product"}],"wp:featuredmedia":[{"embeddable":true,"href":"https:\/\/onesportmallorca.com\/en\/wp-json\/wp\/v2\/media\/31932"}],"wp:attachment":[{"href":"https:\/\/onesportmallorca.com\/en\/wp-json\/wp\/v2\/media?parent=31905"}],"wp:term":[{"taxonomy":"product_brand","embeddable":true,"href":"https:\/\/onesportmallorca.com\/en\/wp-json\/wp\/v2\/product_brand?post=31905"},{"taxonomy":"product_cat","embeddable":true,"href":"https:\/\/onesportmallorca.com\/en\/wp-json\/wp\/v2\/product_cat?post=31905"},{"taxonomy":"product_tag","embeddable":true,"href":"https:\/\/onesportmallorca.com\/en\/wp-json\/wp\/v2\/product_tag?post=31905"}],"curies":[{"name":"wp","href":"https:\/\/api.w.org\/{rel}","templated":true}]}}