{"id":27760,"date":"2023-03-21T16:01:12","date_gmt":"2023-03-21T15:01:12","guid":{"rendered":"https:\/\/onesportmallorca.com\/?post_type=product&#038;p=27760"},"modified":"2025-04-30T13:56:16","modified_gmt":"2025-04-30T11:56:16","slug":"zapatilla-adidas-terrex-trailrider-w-wonder-gw5554","status":"publish","type":"product","link":"https:\/\/onesportmallorca.com\/en\/producto\/zapatilla-adidas-terrex-trailrider-w-wonder-gw5554\/","title":{"rendered":"Zapatilla Adidas Terrex Trailrider W Wonder (GW5554)"},"content":{"rendered":"<h3 class=\"subtitle___9ljbp\">Zapatillas de trail running ligeras, hechas parcialmente con materiales reciclados<\/h3>\n<p class=\"gl-vspace\">Atr\u00e9vete a dejar atr\u00e1s el asfalto en tus salidas a correr. Estas zapatillas de trail running adidas Terrex fueron dise\u00f1adas para brindar comodidad y resistencia al desgaste sobre terrenos irregulares. La amortiguaci\u00f3n Lightstrike y la placa de protecci\u00f3n contra rocas te permiten avanzar con total tranquilidad. La suela de caucho Continental\u2122 Rubber brinda un agarre excepcional en condiciones secas y mojadas. Los revestimientos sint\u00e9ticos maximizan la durabilidad y la leng\u00fceta reforzada mantienen la suciedad en el exterior para que puedas avanzar en todo tipo de terreno.<\/p>\n<p>&nbsp;<\/p>\n<h3 class=\"highlight-text__headline___25B2G\">Ligereza. Velocidad.<\/h3>\n<p>La tecnolog\u00eda Lightsrike de adidas redefine la velocidad con su mediasuela ultraliviana que favorece el movimiento din\u00e1mico y fluido.<\/p>\n<h3><\/h3>\n<h3 class=\"highlight-text__headline___25B2G\">Producto hecho parcialmente con materiales reciclados<\/h3>\n<p>Hecho con una serie de materiales reciclados, el exterior incorpora al menos un 50% de contenido reciclado. Este producto representa solo una de nuestras soluciones para acabar con los residuos pl\u00e1sticos.<\/p>\n<p>&nbsp;<\/p>\n<div class=\"highlight-text___lgoJI\">\n<h3 class=\"highlight-text__headline___25B2G\">Suela de caucho Continental\u2122 Rubber<\/h3>\n<p>Suela de caucho Continental\u2122 Rubber para un agarre extraordinario incluso sobre terrenos mojados y secos.<\/p>\n<\/div>\n<p>&nbsp;<\/p>\n<ul>\n<li>Sistema de amarre de pasadores<\/li>\n<li>Exterior sint\u00e9tico con revestimiento de protecci\u00f3n de TPU<\/li>\n<li>Forro interior textil<\/li>\n<li>Amortiguaci\u00f3n Lightstrike<\/li>\n<li>Leng\u00fceta reforzada<\/li>\n<li>Suela de caucho Continental\u2122 Rubber<\/li>\n<li>El exterior contiene al menos un 50 % de material reciclado<\/li>\n<li>Color del art\u00edculo: Wonder Steel \/ Magic Grey Met \/ Pulse Lilac<\/li>\n<li>N\u00famero de art\u00edculo: GW5554<\/li>\n<\/ul>\n","protected":false},"excerpt":{"rendered":"<p>Zapatillas de trail running ligeras, hechas parcialmente con materiales reciclados Atr\u00e9vete a dejar atr\u00e1s el asfalto en tus salidas a<\/p>\n","protected":false},"featured_media":27805,"template":"","meta":[],"product_brand":[7193],"product_cat":[6405,2240],"product_tag":[],"class_list":{"0":"post-27760","1":"product","2":"type-product","3":"status-publish","4":"has-post-thumbnail","6":"product_brand-adidas","7":"product_cat-adidas-en","8":"product_cat-footwear","10":"first","11":"outofstock","12":"sale","13":"taxable","14":"shipping-taxable","15":"purchasable","16":"product-type-variable","17":"rtwpvg-product"},"supplier_id":null,"supplier_sku":"","barcode":null,"atum_controlled":true,"out_stock_date":null,"out_stock_threshold":null,"inheritable":true,"inbound_stock":0,"stock_on_hold":0,"sold_today":1,"sales_last_days":1,"reserved_stock":0,"customer_returns":0,"warehouse_damage":0,"lost_in_post":0,"other_logs":0,"out_stock_days":0,"lost_sales":0,"has_location":false,"update_date":"2025-06-11T17:45:30","atum_locations":[{"id":6282,"name":"Tienda Onesport","slug":"tienda_onesport"}],"atum_stock_status":"instock","restock_status":false,"low_stock_amount":"","sales_update_date":"2025-06-11T17:45:30","calc_backorders":null,"_links":{"self":[{"href":"https:\/\/onesportmallorca.com\/en\/wp-json\/wp\/v2\/product\/27760","targetHints":{"allow":["GET"]}}],"collection":[{"href":"https:\/\/onesportmallorca.com\/en\/wp-json\/wp\/v2\/product"}],"about":[{"href":"https:\/\/onesportmallorca.com\/en\/wp-json\/wp\/v2\/types\/product"}],"wp:featuredmedia":[{"embeddable":true,"href":"https:\/\/onesportmallorca.com\/en\/wp-json\/wp\/v2\/media\/27805"}],"wp:attachment":[{"href":"https:\/\/onesportmallorca.com\/en\/wp-json\/wp\/v2\/media?parent=27760"}],"wp:term":[{"taxonomy":"product_brand","embeddable":true,"href":"https:\/\/onesportmallorca.com\/en\/wp-json\/wp\/v2\/product_brand?post=27760"},{"taxonomy":"product_cat","embeddable":true,"href":"https:\/\/onesportmallorca.com\/en\/wp-json\/wp\/v2\/product_cat?post=27760"},{"taxonomy":"product_tag","embeddable":true,"href":"https:\/\/onesportmallorca.com\/en\/wp-json\/wp\/v2\/product_tag?post=27760"}],"curies":[{"name":"wp","href":"https:\/\/api.w.org\/{rel}","templated":true}]}}