{"id":27099,"date":"2023-03-09T13:37:29","date_gmt":"2023-03-09T12:37:29","guid":{"rendered":"https:\/\/onesportmallorca.com\/?post_type=product&#038;p=27099"},"modified":"2025-03-26T12:10:20","modified_gmt":"2025-03-26T11:10:20","slug":"zapatilla-hoka-w-torrent-2-purple-impress-1110497-pibt","status":"publish","type":"product","link":"https:\/\/onesportmallorca.com\/en\/producto\/zapatilla-hoka-w-torrent-2-purple-impress-1110497-pibt\/","title":{"rendered":"Zapatilla Hoka W TORRENT 2 Purple Impress (1110497 PIBT)"},"content":{"rendered":"<section id=\"PRODUCT_SIMPLE_DESCRIPTION\" class=\"ng-star-inserted active\">\n<div class=\"container py-8 ng-star-inserted\">\n<div class=\"row justify-content-center ng-star-inserted\">\n<div class=\"col-12 col-lg-8\">\n<div class=\"mb-7\">\n<div class=\"font-weight-bold\">\n<h2 class=\"description__title\">The Rundown<\/h2>\n<\/div>\n<\/div>\n<p>Las\u00a0TORRENT 2 W\u00a0son unas\u00a0zapatillas de trail para mujer. Orientado al rendimiento, te permitir\u00e1 afrontar multitud de terrenos.<\/p>\n<p>De hecho, tiene todas las mejores caracter\u00edsticas que te acompa\u00f1ar\u00e1n en tus carreras de monta\u00f1a.\u00a0Amortiguada,\u00a0\u00e1gil y ligera\u00a0gracias a la\u00a0entresuela Profly, garantizar\u00e1 tanto un\u00a0aterrizaje suave\u00a0como un\u00a0impulso din\u00e1mico. Los\u00a0refuerzos de goma y los tacos din\u00e1micos\u00a0le proporcionan\u00a0un agarre perfecto\u00a0y\u00a0una excelente durabilidad. Por \u00faltimo,\u00a0la parte superior de malla\u00a0ofrece una\u00a0excelente transpirabilidad\u00a0y un secado r\u00e1pido para una mayor comodidad.<\/p>\n<h4>Caracter\u00edsticas:<\/h4>\n<\/div>\n<\/div>\n<\/div>\n<\/section>\n<section id=\"PRODUCT_FEATURES\" class=\"ng-star-inserted\">\n<div class=\"container py-8 ng-star-inserted\">\n<div class=\"row justify-content-center ng-star-inserted\">\n<div class=\"col-12 col-lg-8\">\n<div class=\"mb-8 ng-star-inserted\">\n<div class=\"ng-star-inserted\">\n<ul>\n<li>Ca\u00edda: 5 mm (tal\u00f3n: 21 mm, mta: 16 mm)<\/li>\n<li>Construcci\u00f3n de malla transpirable<\/li>\n<li>Superposiciones protectoras en la parte media del pie y en la puntera para mejorar la sujeci\u00f3n y proteger contra la suciedad<\/li>\n<li>Entresuela de Eva sobredimensionada para una amortiguaci\u00f3n ligera<\/li>\n<li>Entresuela ProFly para un gran equilibrio de propulsi\u00f3n y protecci\u00f3n<\/li>\n<li>Goma colocada estrat\u00e9gicamente en zonas de alta abrasi\u00f3n para una durabilidad ligera<\/li>\n<li>Tacos multidireccionales para un agarre \u00f3ptimo en terrenos variados<\/li>\n<\/ul>\n<\/div>\n<\/div>\n<\/div>\n<\/div>\n<\/div>\n<\/section>\n","protected":false},"excerpt":{"rendered":"<p>The Rundown Las\u00a0TORRENT 2 W\u00a0son unas\u00a0zapatillas de trail para mujer. Orientado al rendimiento, te permitir\u00e1 afrontar multitud de terrenos. De<\/p>\n","protected":false},"featured_media":27123,"template":"","meta":[],"product_brand":[7224],"product_cat":[6396,2240],"product_tag":[],"class_list":{"0":"post-27099","1":"product","2":"type-product","3":"status-publish","4":"has-post-thumbnail","6":"product_brand-hoka","7":"product_cat-hoka-en","8":"product_cat-footwear","10":"first","11":"outofstock","12":"sale","13":"taxable","14":"shipping-taxable","15":"purchasable","16":"product-type-variable","17":"rtwpvg-product"},"supplier_id":null,"supplier_sku":"","barcode":null,"atum_controlled":true,"out_stock_date":null,"out_stock_threshold":null,"inheritable":true,"inbound_stock":0,"stock_on_hold":0,"sold_today":1,"sales_last_days":1,"reserved_stock":0,"customer_returns":0,"warehouse_damage":0,"lost_in_post":0,"other_logs":0,"out_stock_days":0,"lost_sales":0,"has_location":true,"update_date":"2025-06-05T11:22:28","atum_locations":[{"id":5967,"name":"Shop Duva","slug":"shop_duva"}],"atum_stock_status":"instock","restock_status":false,"low_stock_amount":"","sales_update_date":"2025-06-05T11:22:28","calc_backorders":null,"_links":{"self":[{"href":"https:\/\/onesportmallorca.com\/en\/wp-json\/wp\/v2\/product\/27099","targetHints":{"allow":["GET"]}}],"collection":[{"href":"https:\/\/onesportmallorca.com\/en\/wp-json\/wp\/v2\/product"}],"about":[{"href":"https:\/\/onesportmallorca.com\/en\/wp-json\/wp\/v2\/types\/product"}],"wp:featuredmedia":[{"embeddable":true,"href":"https:\/\/onesportmallorca.com\/en\/wp-json\/wp\/v2\/media\/27123"}],"wp:attachment":[{"href":"https:\/\/onesportmallorca.com\/en\/wp-json\/wp\/v2\/media?parent=27099"}],"wp:term":[{"taxonomy":"product_brand","embeddable":true,"href":"https:\/\/onesportmallorca.com\/en\/wp-json\/wp\/v2\/product_brand?post=27099"},{"taxonomy":"product_cat","embeddable":true,"href":"https:\/\/onesportmallorca.com\/en\/wp-json\/wp\/v2\/product_cat?post=27099"},{"taxonomy":"product_tag","embeddable":true,"href":"https:\/\/onesportmallorca.com\/en\/wp-json\/wp\/v2\/product_tag?post=27099"}],"curies":[{"name":"wp","href":"https:\/\/api.w.org\/{rel}","templated":true}]}}