{"id":25933,"date":"2023-01-18T22:12:03","date_gmt":"2023-01-18T21:12:03","guid":{"rendered":"https:\/\/onesportmallorca.com\/?post_type=product&#038;p=25933"},"modified":"2025-03-25T19:49:41","modified_gmt":"2025-03-25T18:49:41","slug":"zapatillas-adidas-courtjam-control-w-clay-core-black-silver-hq8474","status":"publish","type":"product","link":"https:\/\/onesportmallorca.com\/en\/producto\/zapatillas-adidas-courtjam-control-w-clay-core-black-silver-hq8474\/","title":{"rendered":"Zapatillas Adidas Courtjam Control W Clay Core Black\/Silver (HQ8474)"},"content":{"rendered":"<div class=\"product info detailed\">\n<div class=\"product data items mage-tabs-disabled\" role=\"tablist\">\n<div id=\"product.info.description.tab\" class=\"data item content\" role=\"tabpanel\" aria-labelledby=\"tab-label-product.info.description.tab\" data-role=\"content\" aria-hidden=\"false\">\n<div class=\"product attribute description\">\n<div class=\"value\">\n<h2>Adidas Courtjam Control Clay, ideal para mujeres que buscan la victoria<\/h2>\n<p>Las nuevas zapatillas\u00a0<strong>Courtjam Control Clay<\/strong>\u00a0de\u00a0<strong>Adidas\u00a0<\/strong>han sido dise\u00f1adas, espec\u00edficamente, para aquellas<strong>\u00a0jugadoras de p\u00e1del o tenis de nivel avanzado<\/strong>\u00a0que busquen un calzado que aporte alto rendimiento, control y precisi\u00f3n.<\/p>\n<p>La parte superior de este modelo de\u00a0<strong>Adidas\u00a0<\/strong>est\u00e1 compuesto por\u00a0<strong>malla t\u00e9cnica<\/strong>\u00a0y contiene, al menos, un 50% de materiales reciclados. Adem\u00e1s, la horma es cl\u00e1sica y su\u00a0<strong>cierre es de cordones<\/strong>, lo que permite un ajuste personalizado.<\/p>\n<h2>Se adapta a cualquier tipo de terreno de juego<\/h2>\n<p>Este modelo de\u00a0<strong>Adidas\u00a0<\/strong>incorpora una<strong>\u00a0suela clay<\/strong>, es decir, presenta un patr\u00f3n de espigas finas y profundas que favorecen el agarre a la superficie. Adem\u00e1s, ofrece un alto rendimiento y destaca por una gran resistencia al desgaste provocado por la abrasi\u00f3n.<\/p>\n<p>Asimismo, integra la\u00a0<strong>tecnolog\u00eda Adiwear,<\/strong>\u00a0que consiste en una resistencia de caucho que\u00a0<strong>aumenta la vida \u00fatil<\/strong>\u00a0de la zapatilla al incorporar un refuerzo en las zonas m\u00e1s propensas a sufrir desgaste.<\/p>\n<h3>Incluye una puntera Adituff<\/h3>\n<p>Por otro lado, incluye una\u00a0<strong>mediasuela\u00a0<\/strong>construida a base de\u00a0<strong><em>Bounce<\/em><\/strong>, un pol\u00edmero compacto que aporta\u00a0<strong>flexibilidad, confort y una excelente amortiguaci\u00f3n<\/strong>\u00a0en los aterrizajes.<\/p>\n<p>Y para conseguir la\u00a0<strong>m\u00e1xima estabilidad<\/strong>\u00a0en los deslizamientos, incorpora el<strong>\u00a0sistema Torsion<\/strong>, que se trata de un arco TPU r\u00edgido que une el tal\u00f3n y el antepi\u00e9 con el objetivo de que, tanto la parte delantera como la trasera operen de manera independiente.<\/p>\n<\/div>\n<\/div>\n<\/div>\n<\/div>\n<\/div>\n<div class=\"cn_content cn_content_type_inline id-3cafe87b-c408-4a41-a07b-5ce73610c176\">\n<div class=\"cn_section id-3e602945-ad00-4fe4-8997-4a35b19fce1d\">\n<div class=\"cn_block id-acb030be-85b3-48ec-be0b-1858af56e3e3\">\n<div class=\"cn_cell id-d207f408-5e76-4c36-937d-1faa7859db7e\">\n<div class=\"cn_element cn_html id-eaaf6066-cfe3-49a1-860a-053de7fadb29\"><\/div>\n<\/div>\n<\/div>\n<\/div>\n<\/div>\n","protected":false},"excerpt":{"rendered":"<p>Adidas Courtjam Control Clay, ideal para mujeres que buscan la victoria Las nuevas zapatillas\u00a0Courtjam Control Clay\u00a0de\u00a0Adidas\u00a0han sido dise\u00f1adas, espec\u00edficamente, para<\/p>\n","protected":false},"featured_media":25943,"template":"","meta":[],"product_brand":[],"product_cat":[2240,5957],"product_tag":[],"class_list":{"0":"post-25933","1":"product","2":"type-product","3":"status-publish","4":"has-post-thumbnail","6":"product_cat-footwear","7":"product_cat-outlet-en","9":"first","10":"instock","11":"sale","12":"taxable","13":"shipping-taxable","14":"purchasable","15":"product-type-variable","16":"has-default-attributes","17":"rtwpvg-product"},"supplier_id":null,"supplier_sku":"","barcode":null,"atum_controlled":true,"out_stock_date":null,"out_stock_threshold":null,"inheritable":true,"inbound_stock":0,"stock_on_hold":0,"sold_today":4,"sales_last_days":4,"reserved_stock":0,"customer_returns":0,"warehouse_damage":0,"lost_in_post":0,"other_logs":0,"out_stock_days":0,"lost_sales":0,"has_location":false,"update_date":"2025-06-20T10:02:35","atum_locations":[],"atum_stock_status":"instock","restock_status":false,"low_stock_amount":"","sales_update_date":"2025-06-20T10:02:35","calc_backorders":null,"_links":{"self":[{"href":"https:\/\/onesportmallorca.com\/en\/wp-json\/wp\/v2\/product\/25933","targetHints":{"allow":["GET"]}}],"collection":[{"href":"https:\/\/onesportmallorca.com\/en\/wp-json\/wp\/v2\/product"}],"about":[{"href":"https:\/\/onesportmallorca.com\/en\/wp-json\/wp\/v2\/types\/product"}],"wp:featuredmedia":[{"embeddable":true,"href":"https:\/\/onesportmallorca.com\/en\/wp-json\/wp\/v2\/media\/25943"}],"wp:attachment":[{"href":"https:\/\/onesportmallorca.com\/en\/wp-json\/wp\/v2\/media?parent=25933"}],"wp:term":[{"taxonomy":"product_brand","embeddable":true,"href":"https:\/\/onesportmallorca.com\/en\/wp-json\/wp\/v2\/product_brand?post=25933"},{"taxonomy":"product_cat","embeddable":true,"href":"https:\/\/onesportmallorca.com\/en\/wp-json\/wp\/v2\/product_cat?post=25933"},{"taxonomy":"product_tag","embeddable":true,"href":"https:\/\/onesportmallorca.com\/en\/wp-json\/wp\/v2\/product_tag?post=25933"}],"curies":[{"name":"wp","href":"https:\/\/api.w.org\/{rel}","templated":true}]}}