{"id":25393,"date":"2022-11-03T07:53:35","date_gmt":"2022-11-03T06:53:35","guid":{"rendered":"https:\/\/onesportmallorca.com\/tienda\/on-cloudvista-1-m-midnight-olive-64-98593-m\/"},"modified":"2024-12-09T18:41:45","modified_gmt":"2024-12-09T17:41:45","slug":"on-cloudvista-1-m-midnight-olive-64-98593-m","status":"publish","type":"product","link":"https:\/\/onesportmallorca.com\/en\/producto\/on-cloudvista-1-m-midnight-olive-64-98593-m\/","title":{"rendered":"On Cloudvista 1 M Midnight | Olive (64.98593 M)"},"content":{"rendered":"<h2 class=\"_imageTitle_1v335_89\">Llegan nuevas sensaciones<\/h2>\n<p class=\"_description_1v335_110\">Ahora el sendero es tu aliado. Esta nueva generaci\u00f3n cuenta con un rocker m\u00e1s pronunciado que aporta gran suavidad a las transiciones tal\u00f3n-puntera. Con su mayor amortiguaci\u00f3n y altura de la suela, las Cloudvista 2 te acercan a carreras m\u00e1s c\u00f3modas y una sensaci\u00f3n a\u00fan m\u00e1s agradable bajo el pie.<\/p>\n<p>&nbsp;<\/p>\n<h2 class=\"_imageTitle_1v335_89\">Reactivas y divertidas<\/h2>\n<p class=\"_description_1v335_110\">Con su dise\u00f1o minimalista de dos puntas, su nuevo Speedboard\u00ae proporciona mayor elasticidad, un rebote \u00f3ptimo y m\u00e1s capacidad de respuesta. El resultado es una carrera m\u00e1s r\u00e1pida y divertida que se disfruta al m\u00e1ximo y con estilo, porque adem\u00e1s tiene un llamativo upper transpirable.<\/p>\n<p>&nbsp;<\/p>\n<h2 class=\"_imageTitle_1v335_89\">\u00bfEres de terrenos mixtos?<\/h2>\n<p class=\"_description_1v335_110\">Disfruta en cualquier superficie y con cualquier tiempo, porque las hemos evolucionado con una suela de goma Missiongrip\u2122 que evita resbalones. Tambi\u00e9n hemos actualizado el patr\u00f3n y a\u00f1adido tacos m\u00e1s grandes y resistentes para mayor tracci\u00f3n. Ya puedes afrontar cualquier sendero pisando fuerte.<\/p>\n<p>&nbsp;<\/p>\n<h2 class=\"_title_pjr0g_58\">Detalles del producto<\/h2>\n<ul class=\"_usps_pjr0g_76\">\n<li class=\"\">\n<p class=\"_usp_pjr0g_76\">Peso: 280g<\/p>\n<\/li>\n<li class=\"\">\n<p class=\"_usp_pjr0g_76\">Zapatillas de trail vers\u00e1tiles para terreno mixto<\/p>\n<\/li>\n<li class=\"\">\n<p class=\"_usp_pjr0g_76\">Con una amortiguaci\u00f3n m\u00e1s suave y mayor altura de suela<\/p>\n<\/li>\n<li class=\"\">\n<p class=\"_usp_pjr0g_76\">Speedboard\u00ae bifurcado, redise\u00f1ado para mayor rebote<\/p>\n<\/li>\n<li class=\"\">\n<p class=\"_usp_pjr0g_76\">Suela Missiongrip\u2122 para mayor tracci\u00f3n en terrenos mixtos<\/p>\n<\/li>\n<li class=\"\">\n<p class=\"_usp_pjr0g_76\">Entresuela m\u00e1s suave de superespuma Helion\u2122<\/p>\n<\/li>\n<li class=\"\">\n<p class=\"_usp_pjr0g_76\">Para m\u00e1s velocidad y diversi\u00f3n<\/p>\n<\/li>\n<li class=\"\">\n<p class=\"_usp_pjr0g_76\">Upper transpirable de estilo minimalista<\/p>\n<\/li>\n<li class=\"\">\n<p class=\"_usp_pjr0g_76\">Se ajusta a tu talla<\/p>\n<\/li>\n<\/ul>\n","protected":false},"excerpt":{"rendered":"<p>Llegan nuevas sensaciones Ahora el sendero es tu aliado. Esta nueva generaci\u00f3n cuenta con un rocker m\u00e1s pronunciado que aporta<\/p>\n","protected":false},"featured_media":26864,"template":"","meta":[],"product_brand":[],"product_cat":[6426,2240],"product_tag":[],"class_list":{"0":"post-25393","1":"product","2":"type-product","3":"status-publish","4":"has-post-thumbnail","6":"product_cat-onr-en","7":"product_cat-footwear","9":"first","10":"outofstock","11":"taxable","12":"shipping-taxable","13":"purchasable","14":"product-type-variable","15":"has-default-attributes","16":"rtwpvg-product"},"supplier_id":null,"supplier_sku":"","barcode":null,"atum_controlled":true,"out_stock_date":null,"out_stock_threshold":null,"inheritable":true,"inbound_stock":0,"stock_on_hold":0,"sold_today":2,"sales_last_days":2,"reserved_stock":0,"customer_returns":0,"warehouse_damage":0,"lost_in_post":0,"other_logs":0,"out_stock_days":0,"lost_sales":0,"has_location":true,"update_date":"2025-11-19T15:48:51","atum_locations":[{"id":6282,"name":"Tienda Onesport","slug":"tienda_onesport"}],"atum_stock_status":"instock","restock_status":false,"low_stock_amount":"","sales_update_date":"2025-11-19T15:48:51","calc_backorders":null,"_links":{"self":[{"href":"https:\/\/onesportmallorca.com\/en\/wp-json\/wp\/v2\/product\/25393","targetHints":{"allow":["GET"]}}],"collection":[{"href":"https:\/\/onesportmallorca.com\/en\/wp-json\/wp\/v2\/product"}],"about":[{"href":"https:\/\/onesportmallorca.com\/en\/wp-json\/wp\/v2\/types\/product"}],"wp:featuredmedia":[{"embeddable":true,"href":"https:\/\/onesportmallorca.com\/en\/wp-json\/wp\/v2\/media\/26864"}],"wp:attachment":[{"href":"https:\/\/onesportmallorca.com\/en\/wp-json\/wp\/v2\/media?parent=25393"}],"wp:term":[{"taxonomy":"product_brand","embeddable":true,"href":"https:\/\/onesportmallorca.com\/en\/wp-json\/wp\/v2\/product_brand?post=25393"},{"taxonomy":"product_cat","embeddable":true,"href":"https:\/\/onesportmallorca.com\/en\/wp-json\/wp\/v2\/product_cat?post=25393"},{"taxonomy":"product_tag","embeddable":true,"href":"https:\/\/onesportmallorca.com\/en\/wp-json\/wp\/v2\/product_tag?post=25393"}],"curies":[{"name":"wp","href":"https:\/\/api.w.org\/{rel}","templated":true}]}}