{"id":25330,"date":"2022-11-03T07:53:43","date_gmt":"2022-11-03T06:53:43","guid":{"rendered":"https:\/\/onesportmallorca.com\/tienda\/on-cloudgo-1-men-turmeric-aloe-55-98631-m\/"},"modified":"2024-12-09T18:39:26","modified_gmt":"2024-12-09T17:39:26","slug":"on-cloudgo-1-men-turmeric-aloe-55-98631-m","status":"publish","type":"product","link":"https:\/\/onesportmallorca.com\/en\/producto\/on-cloudgo-1-men-turmeric-aloe-55-98631-m\/","title":{"rendered":"On Cloudgo 1 Men Turmeric | Aloe (55.98631 M)"},"content":{"rendered":"<p><strong>Mejora tu comodidad<\/strong><br \/>\nDesde tu primera carrera hasta la n\u00famero 50, las Cloudgo ofrecen una comodidad de nivel superior en cada paso. Con la tecnolog\u00eda de amortiguaci\u00f3n CloudTec\u00ae y el potente retorno de energ\u00eda del nuevo TPU Speedboard\u00ae, estas zapatillas ligeras est\u00e1n dise\u00f1adas para que sigas en tu juego y te ayuden a alcanzar el siguiente nivel.<\/p>\n<p><strong>Tecnolog\u00eda de nivel superior<\/strong><br \/>\nTecnolog\u00edas innovadoras como la amortiguaci\u00f3n CloudTec\u00ae y el TPU Speedboard\u00ae le dan a las Cloudgo sus aterrizajes suaves, protecci\u00f3n contra impactos y retorno de energ\u00eda. Adem\u00e1s, hemos aumentado el nivel de sostenibilidad con una malla de poli\u00e9ster dise\u00f1ada con un 85-90 % de materiales reciclados.<\/p>\n<p><strong>Maestro de la motivaci\u00f3n<\/strong><br \/>\nComenzar a correr, o esforzarse por alcanzar un nuevo objetivo, puede ser dif\u00edcil. Por eso, las Cloudgo fueron dise\u00f1adas para brindarte ese impulso de energ\u00eda que necesitas para llegar m\u00e1s lejos. Desde una amortiguaci\u00f3n suave hasta el balanc\u00edn en el antepi\u00e9 para un movimiento de rodadura suave, las Cloudgo est\u00e1n dise\u00f1adas para todos los que quieren mejorar su juego de carrera. A jugar.<\/p>\n<p><em><strong>Caracter\u00edsticas principales<\/strong><\/em><br \/>\nPeso: 256 g<\/p>\n<p>CloudTec\u00ae para una amortiguaci\u00f3n suave y un gran retorno de energ\u00eda.<\/p>\n<p>Materiales livianos y una gran comodidad en cada paso.<\/p>\n<p>Nuevo Speedboard\u00ae de TPU y balanc\u00edn en el antepi\u00e9 para un deslizamiento suave.<\/p>\n<p>Malla de poli\u00e9ster dise\u00f1ada m\u00e1s una suela exterior cerrada.<\/p>\n<p>La superespuma Helion\u2122 ofrece capacidad de respuesta y comodidad.<\/p>\n","protected":false},"excerpt":{"rendered":"<p>Mejora tu comodidad Desde tu primera carrera hasta la n\u00famero 50, las Cloudgo ofrecen una comodidad de nivel superior en<\/p>\n","protected":false},"featured_media":14754,"template":"","meta":[],"product_brand":[],"product_cat":[6426,2240],"product_tag":[],"class_list":{"0":"post-25330","1":"product","2":"type-product","3":"status-publish","4":"has-post-thumbnail","6":"product_cat-onr-en","7":"product_cat-footwear","9":"first","10":"outofstock","11":"sale","12":"taxable","13":"shipping-taxable","14":"purchasable","15":"product-type-variable","16":"has-default-attributes","17":"rtwpvg-product"},"supplier_id":null,"supplier_sku":"","barcode":null,"atum_controlled":true,"out_stock_date":null,"out_stock_threshold":null,"inheritable":true,"inbound_stock":0,"stock_on_hold":0,"sold_today":2,"sales_last_days":2,"reserved_stock":0,"customer_returns":0,"warehouse_damage":0,"lost_in_post":0,"other_logs":0,"out_stock_days":0,"lost_sales":0,"has_location":true,"update_date":"2025-10-02T16:42:52","atum_locations":[{"id":6282,"name":"Tienda Onesport","slug":"tienda_onesport"}],"atum_stock_status":"instock","restock_status":false,"low_stock_amount":"","sales_update_date":"2025-10-02T16:42:52","calc_backorders":null,"_links":{"self":[{"href":"https:\/\/onesportmallorca.com\/en\/wp-json\/wp\/v2\/product\/25330","targetHints":{"allow":["GET"]}}],"collection":[{"href":"https:\/\/onesportmallorca.com\/en\/wp-json\/wp\/v2\/product"}],"about":[{"href":"https:\/\/onesportmallorca.com\/en\/wp-json\/wp\/v2\/types\/product"}],"wp:featuredmedia":[{"embeddable":true,"href":"https:\/\/onesportmallorca.com\/en\/wp-json\/wp\/v2\/media\/14754"}],"wp:attachment":[{"href":"https:\/\/onesportmallorca.com\/en\/wp-json\/wp\/v2\/media?parent=25330"}],"wp:term":[{"taxonomy":"product_brand","embeddable":true,"href":"https:\/\/onesportmallorca.com\/en\/wp-json\/wp\/v2\/product_brand?post=25330"},{"taxonomy":"product_cat","embeddable":true,"href":"https:\/\/onesportmallorca.com\/en\/wp-json\/wp\/v2\/product_cat?post=25330"},{"taxonomy":"product_tag","embeddable":true,"href":"https:\/\/onesportmallorca.com\/en\/wp-json\/wp\/v2\/product_tag?post=25330"}],"curies":[{"name":"wp","href":"https:\/\/api.w.org\/{rel}","templated":true}]}}