{"id":25124,"date":"2022-11-03T07:54:28","date_gmt":"2022-11-03T06:54:28","guid":{"rendered":"https:\/\/onesportmallorca.com\/tienda\/zapatilla-supernova-m-indleg-ftwbla\/"},"modified":"2024-12-09T18:21:31","modified_gmt":"2024-12-09T17:21:31","slug":"zapatilla-supernova-m-indleg-ftwbla","status":"publish","type":"product","link":"https:\/\/onesportmallorca.com\/en\/producto\/zapatilla-supernova-m-indleg-ftwbla\/","title":{"rendered":"Zapatilla Supernova M Indleg\/FTWBLA (GX2962)"},"content":{"rendered":"<h3 class=\"subtitle___9ljbp\">SUPERNOVA. ENERG\u00cdA Y COMODIDAD.<\/h3>\n<p class=\"gl-vspace\">Ya sea que retomes tu rutina de running o que comiences desde cero, experimenta la energ\u00eda y comodidad de adidas Supernova. Una mezcla precisa de Bounce y Boost en la mediasuela te ofrece confort y un retorno de energ\u00eda inigualable. El refuerzo acolchado del tal\u00f3n te brinda una sensaci\u00f3n de comodidad y mayor visibilidad desde el primer uso. Dise\u00f1adas con una mediasuela h\u00edbrida y un exterior de malla ajustado, las Supernova ofrecen comodidad y retorno de energ\u00eda en cada paso.<\/p>\n<p>&nbsp;<\/p>\n<div class=\"accordion__header-text___2o9Im\">\n<h2 class=\"accordion-title___2sTgR\">Detalles<\/h2>\n<\/div>\n<div class=\"accordion__header-icon___2FuRa\"><\/div>\n<div class=\"accordion__content___29x9h\">\n<div class=\"content-padding___2kVWQ\">\n<div class=\"bullets___3bsSs\" data-auto-id=\"specifications-section\">\n<ul class=\"gl-list\">\n<li class=\"gl-vspace-bpall-small\">Sistema de amarre de pasadores<\/li>\n<li class=\"gl-vspace-bpall-small\">Exterior de malla t\u00e9cnica con las 3 Tiras reflectantes<\/li>\n<li class=\"gl-vspace-bpall-small\">Amortiguaci\u00f3n BOOST en el tal\u00f3n<\/li>\n<li class=\"gl-vspace-bpall-small\">Amortiguaci\u00f3n Bounce en el antepi\u00e9<\/li>\n<li class=\"gl-vspace-bpall-small\">Peso: 315 g (Talla PE 42)<\/li>\n<\/ul>\n<ul class=\"gl-list\">\n<li class=\"gl-vspace-bpall-small\">Diferencial mediasuela: 10 mm (tal\u00f3n: 32 mm \/ empeine: 22 mm)<\/li>\n<li class=\"gl-vspace-bpall-small\">Suela de caucho<\/li>\n<li class=\"gl-vspace-bpall-small\">El exterior contiene al menos un 50 % de material reciclado<\/li>\n<li class=\"gl-vspace-bpall-small\">Color del art\u00edculo: Legacy Indigo \/ Cloud White \/ Blue Rush<\/li>\n<li class=\"gl-vspace-bpall-small\">N\u00famero de art\u00edculo: GX2962<\/li>\n<\/ul>\n<div class=\"accordion__header-text___2o9Im\">\n<h2 class=\"accordion-title___2sTgR\">Tecnolog\u00eda<\/h2>\n<\/div>\n<div class=\"accordion__content___29x9h\">\n<div class=\"content-padding___2kVWQ\">\n<div class=\"technologies-section___3gZqW technologies-section--no-img___B_YZF\">\n<div class=\"technologies-content-container--no-img___wNKqW\">\n<div class=\"technologies-content-name___kkx_0\">BOOST<\/div>\n<div class=\"technologies-content-title___moWj6\">Energ\u00eda Ilimitada<\/div>\n<p class=\"technologies-content-subtitle___2bGCf\">La amortiguaci\u00f3n adidas BOOST te proporciona m\u00e1ximo retorno de energ\u00eda y comodidad en cada paso.<\/p>\n<\/div>\n<\/div>\n<div class=\"technologies-section___3gZqW technologies-section--no-img___B_YZF\">\n<div class=\"technologies-content-container--no-img___wNKqW\">\n<div class=\"technologies-content-name___kkx_0\">BOUNCE (CLOUDFOAM +)<\/div>\n<div class=\"technologies-content-title___moWj6\">Comodidad en todo momento y en todo lugar<\/div>\n<p class=\"technologies-content-subtitle___2bGCf\">Una mediasuela con amortiguaci\u00f3n suave y din\u00e1mica para m\u00e1xima comodidad.<\/p>\n<\/div>\n<div class=\"accordion__header-text___2o9Im\">\n<h2 class=\"accordion-title___2sTgR\">Caracter\u00edsticas<\/h2>\n<\/div>\n<div class=\"accordion__header-icon___2FuRa\"><\/div>\n<div class=\"accordion__content___29x9h\">\n<div class=\"content-padding___2kVWQ\">\n<div class=\"features-section___1pumR\">\n<div class=\"item___1X-1_\">\n<p><img decoding=\"async\" class=\"img_with_fallback___2aHBu feature-icon___3S9eQ\" src=\"https:\/\/brand.assets.adidas.com\/image\/upload\/road_24f719a743.png\" srcset=\"\" alt=\"\" data-auto-id=\"image\" \/><\/p>\n<p class=\"feature-icon-text___3Owgv\">Correr en asfalto<\/p>\n<\/div>\n<div class=\"item___1X-1_\">\n<p><img decoding=\"async\" class=\"img_with_fallback___2aHBu feature-icon___3S9eQ\" src=\"https:\/\/brand.assets.adidas.com\/image\/upload\/neutral_16b16d1637.png\" srcset=\"\" alt=\"\" data-auto-id=\"image\" \/><\/p>\n<p class=\"feature-icon-text___3Owgv\">Neutro<\/p>\n<\/div>\n<div class=\"item___1X-1_\">\n<p><img decoding=\"async\" class=\"img_with_fallback___2aHBu feature-icon___3S9eQ\" src=\"https:\/\/brand.assets.adidas.com\/image\/upload\/regular_a176d1f2d6.png\" srcset=\"\" alt=\"\" data-auto-id=\"image\" \/><\/p>\n<p class=\"feature-icon-text___3Owgv\">Horma cl\u00e1sica Hombre<\/p>\n<\/div>\n<div class=\"special-item___2Ohsx\">\n<p class=\"feature-icon-summary-small___31Rc0\">Talla UK 8.5<\/p>\n<\/div>\n<\/div>\n<\/div>\n<\/div>\n<\/div>\n<\/div>\n<\/div>\n<\/div>\n<\/div>\n<\/div>\n","protected":false},"excerpt":{"rendered":"<p>SUPERNOVA. ENERG\u00cdA Y COMODIDAD. Ya sea que retomes tu rutina de running o que comiences desde cero, experimenta la energ\u00eda<\/p>\n","protected":false},"featured_media":14910,"template":"","meta":[],"product_brand":[],"product_cat":[2240],"product_tag":[],"class_list":{"0":"post-25124","1":"product","2":"type-product","3":"status-publish","4":"has-post-thumbnail","6":"product_cat-footwear","8":"first","9":"outofstock","10":"sale","11":"taxable","12":"shipping-taxable","13":"purchasable","14":"product-type-variable","15":"rtwpvg-product"},"supplier_id":null,"supplier_sku":"","barcode":null,"atum_controlled":true,"out_stock_date":null,"out_stock_threshold":null,"inheritable":true,"inbound_stock":0,"stock_on_hold":0,"sold_today":3,"sales_last_days":3,"reserved_stock":0,"customer_returns":0,"warehouse_damage":0,"lost_in_post":0,"other_logs":0,"out_stock_days":0,"lost_sales":0,"has_location":false,"update_date":"2025-03-26T17:00:24","atum_locations":[],"atum_stock_status":"outofstock","restock_status":false,"low_stock_amount":"","sales_update_date":"2025-03-26T17:00:24","calc_backorders":null,"_links":{"self":[{"href":"https:\/\/onesportmallorca.com\/en\/wp-json\/wp\/v2\/product\/25124","targetHints":{"allow":["GET"]}}],"collection":[{"href":"https:\/\/onesportmallorca.com\/en\/wp-json\/wp\/v2\/product"}],"about":[{"href":"https:\/\/onesportmallorca.com\/en\/wp-json\/wp\/v2\/types\/product"}],"wp:featuredmedia":[{"embeddable":true,"href":"https:\/\/onesportmallorca.com\/en\/wp-json\/wp\/v2\/media\/14910"}],"wp:attachment":[{"href":"https:\/\/onesportmallorca.com\/en\/wp-json\/wp\/v2\/media?parent=25124"}],"wp:term":[{"taxonomy":"product_brand","embeddable":true,"href":"https:\/\/onesportmallorca.com\/en\/wp-json\/wp\/v2\/product_brand?post=25124"},{"taxonomy":"product_cat","embeddable":true,"href":"https:\/\/onesportmallorca.com\/en\/wp-json\/wp\/v2\/product_cat?post=25124"},{"taxonomy":"product_tag","embeddable":true,"href":"https:\/\/onesportmallorca.com\/en\/wp-json\/wp\/v2\/product_tag?post=25124"}],"curies":[{"name":"wp","href":"https:\/\/api.w.org\/{rel}","templated":true}]}}