{"id":24524,"date":"2022-11-03T07:56:58","date_gmt":"2022-11-03T06:56:58","guid":{"rendered":"https:\/\/onesportmallorca.com\/tienda\/zapatillas-adidas-gamecourt-2-m-core-black-beam-hr0755\/"},"modified":"2024-12-03T10:06:25","modified_gmt":"2024-12-03T09:06:25","slug":"zapatillas-adidas-gamecourt-2-m-core-black-beam-hr0755","status":"publish","type":"product","link":"https:\/\/onesportmallorca.com\/en\/producto\/zapatillas-adidas-gamecourt-2-m-core-black-beam-hr0755\/","title":{"rendered":"Zapatillas Adidas GameCourt 2 M Core Black\/Beam (HR0755)"},"content":{"rendered":"<h2><strong>VE A POR LA VICTORIA DESDE EL PRIMER JUEGO<\/strong><\/h2>\n<p><strong>No pierdas ni un gramo de confianza. La parte superior de malla ligera y el tal\u00f3n acolchado de la zapatilla adidas Gamecourt 2.0 la convierten en la compa\u00f1era perfecta en la pista. La mediasuela de EVA te permite cubrir con comodidad todos los \u00e1ngulos. La suela Adiwear garantiza una excelente tracci\u00f3n y resistencia al desgaste en los cambios de direcci\u00f3n en pistas duras.<\/strong><\/p>\n<p><strong>CONFECCIONADA PARCIALMENTE CON MATERIALES RECICLADOS<\/strong><\/p>\n<p><strong>La parte superior contiene al menos un 50% de materiales reciclados. Su objetivo es plantear otra soluci\u00f3n m\u00e1s que ayude a eliminar los residuos pl\u00e1sticos.<\/strong><\/p>\n<p><strong>AMORTIGUACI\u00d3N LIGERA<\/strong><\/p>\n<p><strong>La mediasuela de EVA te ofrece amortiguaci\u00f3n y comodidad.<\/strong><\/p>\n<p><strong>PARTE SUPERIOR DE MALLA LIGERA<\/strong><\/p>\n<p><strong>Su dise\u00f1o te permite moverte con total libertad y ofrece un ajuste seguro en el mediopi\u00e9.<\/strong><\/p>\n<p><strong>SUELA PARA PISTAS<\/strong><\/p>\n<p><strong>La suela Adiwear con dibujo de espiga te proporciona un equilibrio perfecto entre tracci\u00f3n y resistencia al desgaste en pistas duras.<\/strong><\/p>\n<p><strong>Detalles<\/strong><\/p>\n<ul>\n<li><strong>Horma cl\u00e1sica<\/strong><\/li>\n<li><strong>Cierre de cordones<\/strong><\/li>\n<li><strong>Parte superior de malla perforada<\/strong><\/li>\n<li><strong>Panel acolchado en el tobillo<\/strong><\/li>\n<li><strong>Forro textil<\/strong><\/li>\n<li><strong>Mediasuela de EVA<\/strong><\/li>\n<li><strong>Suela Adiwear<\/strong><\/li>\n<li><strong>La parte superior contiene al menos un 50% de material reciclado<\/strong><\/li>\n<li><strong>Color: Negro \/ Verde<\/strong><\/li>\n<li><strong>Referencia: HR0755<\/strong><\/li>\n<\/ul>\n","protected":false},"excerpt":{"rendered":"<p>VE A POR LA VICTORIA DESDE EL PRIMER JUEGO No pierdas ni un gramo de confianza. La parte superior de<\/p>\n","protected":false},"featured_media":15366,"template":"","meta":[],"product_brand":[],"product_cat":[2240],"product_tag":[],"class_list":{"0":"post-24524","1":"product","2":"type-product","3":"status-publish","4":"has-post-thumbnail","6":"product_cat-footwear","8":"first","9":"instock","10":"taxable","11":"shipping-taxable","12":"purchasable","13":"product-type-variable","14":"rtwpvg-product"},"supplier_id":null,"supplier_sku":"","barcode":null,"atum_controlled":true,"out_stock_date":null,"out_stock_threshold":null,"inheritable":true,"inbound_stock":0,"stock_on_hold":0,"sold_today":2,"sales_last_days":2,"reserved_stock":0,"customer_returns":0,"warehouse_damage":0,"lost_in_post":0,"other_logs":0,"out_stock_days":0,"lost_sales":0,"has_location":false,"update_date":"2025-06-20T10:02:39","atum_locations":[],"atum_stock_status":"instock","restock_status":false,"low_stock_amount":"","sales_update_date":"2025-06-20T10:02:39","calc_backorders":null,"_links":{"self":[{"href":"https:\/\/onesportmallorca.com\/en\/wp-json\/wp\/v2\/product\/24524","targetHints":{"allow":["GET"]}}],"collection":[{"href":"https:\/\/onesportmallorca.com\/en\/wp-json\/wp\/v2\/product"}],"about":[{"href":"https:\/\/onesportmallorca.com\/en\/wp-json\/wp\/v2\/types\/product"}],"wp:featuredmedia":[{"embeddable":true,"href":"https:\/\/onesportmallorca.com\/en\/wp-json\/wp\/v2\/media\/15366"}],"wp:attachment":[{"href":"https:\/\/onesportmallorca.com\/en\/wp-json\/wp\/v2\/media?parent=24524"}],"wp:term":[{"taxonomy":"product_brand","embeddable":true,"href":"https:\/\/onesportmallorca.com\/en\/wp-json\/wp\/v2\/product_brand?post=24524"},{"taxonomy":"product_cat","embeddable":true,"href":"https:\/\/onesportmallorca.com\/en\/wp-json\/wp\/v2\/product_cat?post=24524"},{"taxonomy":"product_tag","embeddable":true,"href":"https:\/\/onesportmallorca.com\/en\/wp-json\/wp\/v2\/product_tag?post=24524"}],"curies":[{"name":"wp","href":"https:\/\/api.w.org\/{rel}","templated":true}]}}