{"id":24399,"date":"2022-11-03T07:57:19","date_gmt":"2022-11-03T06:57:19","guid":{"rendered":"https:\/\/onesportmallorca.com\/tienda\/zapatilla-courtjam-control-m-clay-core-black-beam-gw4220\/"},"modified":"2025-04-30T13:42:45","modified_gmt":"2025-04-30T11:42:45","slug":"zapatilla-courtjam-control-m-clay-core-black-beam-gw4220","status":"publish","type":"product","link":"https:\/\/onesportmallorca.com\/en\/producto\/zapatilla-courtjam-control-m-clay-core-black-beam-gw4220\/","title":{"rendered":"Zapatilla CourtJam Control M Clay Core Black\/Beam (GW4220)"},"content":{"rendered":"<p><strong>Sube de nivel con las zapatillas Adidas Courtjam Control Clay.<\/strong><br \/>\nLas Adidas Courtjam Control Clay son unas zapatillas para hombre adulto que incorporan una suela de espiga, tambi\u00e9n conocida como suela clay, ideal para pistas de p\u00e1del o tierra batida por el magn\u00edfico agarre que ofrecen.<\/p>\n<p>En cuanto al dise\u00f1o, podemos destacar su sencillez y elegancia, ya que combina el negro en el tejido y la suela, el blanco en la entresuela y el verde en el logo y la ca\u00f1a.<\/p>\n<p>El upper de esta zapatilla est\u00e1 fabricado en malla t\u00e9cnica y contiene al menos un 50% de materiales reciclados. La puntera cuenta con refuerzo Adituff para proteger la zona y conseguir una mayor resistencia.<\/p>\n<p><strong>Rendimiento, precisi\u00f3n y buen agarre<\/strong><br \/>\nEste tipo de suela est\u00e1 especialmente indicada para jugadores principiantes que a\u00fan no dominan ciertos movimientos y quieren un plus de seguridad y comodidad en sus pisadas.<\/p>\n<p>Adem\u00e1s, la suela incluye la tecnolog\u00eda Adiwear, que consiste en una resistencia de goma cuya principal funci\u00f3n es aumentar la durabilidad y vida \u00fatil de las zapatillas reforzando las zonas m\u00e1s propensas a la abrasi\u00f3n.<\/p>\n<p>Por otro lado, la mediasuela est\u00e1 fabricada en Bounce, un pol\u00edmero de alta calidad que ofrece comodidad, flexibilidad y gran amortiguaci\u00f3n en el aterrizaje. Adem\u00e1s, incorpora el sistema Torsion, una tecnolog\u00eda que une el tal\u00f3n y el antepi\u00e9 que aporta mayor estabilidad.<\/p>\n","protected":false},"excerpt":{"rendered":"<p>Sube de nivel con las zapatillas Adidas Courtjam Control Clay. Las Adidas Courtjam Control Clay son unas zapatillas para hombre<\/p>\n","protected":false},"featured_media":15457,"template":"","meta":[],"product_brand":[],"product_cat":[2240],"product_tag":[],"class_list":{"0":"post-24399","1":"product","2":"type-product","3":"status-publish","4":"has-post-thumbnail","6":"product_cat-footwear","8":"first","9":"instock","10":"taxable","11":"shipping-taxable","12":"purchasable","13":"product-type-variable","14":"rtwpvg-product"},"supplier_id":null,"supplier_sku":"","barcode":null,"atum_controlled":true,"out_stock_date":null,"out_stock_threshold":null,"inheritable":true,"inbound_stock":0,"stock_on_hold":0,"sold_today":1,"sales_last_days":1,"reserved_stock":0,"customer_returns":0,"warehouse_damage":0,"lost_in_post":0,"other_logs":0,"out_stock_days":0,"lost_sales":0,"has_location":false,"update_date":"2025-06-20T10:02:35","atum_locations":[],"atum_stock_status":"instock","restock_status":false,"low_stock_amount":"","sales_update_date":"2025-06-20T10:02:35","calc_backorders":null,"_links":{"self":[{"href":"https:\/\/onesportmallorca.com\/en\/wp-json\/wp\/v2\/product\/24399","targetHints":{"allow":["GET"]}}],"collection":[{"href":"https:\/\/onesportmallorca.com\/en\/wp-json\/wp\/v2\/product"}],"about":[{"href":"https:\/\/onesportmallorca.com\/en\/wp-json\/wp\/v2\/types\/product"}],"wp:featuredmedia":[{"embeddable":true,"href":"https:\/\/onesportmallorca.com\/en\/wp-json\/wp\/v2\/media\/15457"}],"wp:attachment":[{"href":"https:\/\/onesportmallorca.com\/en\/wp-json\/wp\/v2\/media?parent=24399"}],"wp:term":[{"taxonomy":"product_brand","embeddable":true,"href":"https:\/\/onesportmallorca.com\/en\/wp-json\/wp\/v2\/product_brand?post=24399"},{"taxonomy":"product_cat","embeddable":true,"href":"https:\/\/onesportmallorca.com\/en\/wp-json\/wp\/v2\/product_cat?post=24399"},{"taxonomy":"product_tag","embeddable":true,"href":"https:\/\/onesportmallorca.com\/en\/wp-json\/wp\/v2\/product_tag?post=24399"}],"curies":[{"name":"wp","href":"https:\/\/api.w.org\/{rel}","templated":true}]}}