{"id":154796,"date":"2026-04-21T10:24:35","date_gmt":"2026-04-21T08:24:35","guid":{"rendered":"https:\/\/onesportmallorca.com\/?post_type=product&#038;p=154796"},"modified":"2026-04-21T13:13:10","modified_gmt":"2026-04-21T11:13:10","slug":"pantalon-adidas-w-corto-de-running-adi365-seasonal-jz0610","status":"publish","type":"product","link":"https:\/\/onesportmallorca.com\/en\/producto\/pantalon-adidas-w-corto-de-running-adi365-seasonal-jz0610\/","title":{"rendered":"Pantal\u00f3n Adidas W Corto de Running Adi365 Seasonal (JZ0610)"},"content":{"rendered":"<h3 class=\"description_subtitle__5h3_L\">Pantal\u00f3n corto de running con forro interior y cintura alta para una cobertura c\u00f3moda.<\/h3>\n<p class=\"description_margin__cBW26\">Los pantalones cortos de running adi365 Seasonal son una opci\u00f3n sofisticada y elegante para quienes buscan tender un puente entre feminidad y funcionalidad. Este pantal\u00f3n corto tiene un corte holgado, que permite un movimiento sin restricciones, mientras que la cintura de talle alto proporciona un ajuste seguro y c\u00f3modo. La tecnolog\u00eda Climacool absorbe y dispersa el sudor para un rendimiento fresco, seco y sin distracciones. La tecnolog\u00eda Feel Fresh incorpora fibras de secado r\u00e1pido para una sensaci\u00f3n de piel fresca. El forro interior integrado a\u00f1ade m\u00e1s comodidad, mientras que el bolsillo trasero con cremallera que se mantiene abajo ayuda a mantener tu tel\u00e9fono y otros objetos esenciales seguros. adidas entiende las necesidades del corredor moderno y estos pantalones cortos son una prueba de ello. Tanto si vas a la pista como a los senderos, te sentir\u00e1s seguro con la zapatilla.<\/p>\n","protected":false},"excerpt":{"rendered":"<p>Pantal\u00f3n corto de running con forro interior y cintura alta para una cobertura c\u00f3moda. Los pantalones cortos de running adi365<\/p>\n","protected":false},"featured_media":0,"template":"","meta":[],"product_brand":[7193],"product_cat":[6405,2679],"product_tag":[],"class_list":{"0":"post-154796","1":"product","2":"type-product","3":"status-publish","5":"product_brand-adidas","6":"product_cat-adidas-en","7":"product_cat-pantalon-en","9":"first","10":"outofstock","11":"taxable","12":"shipping-taxable","13":"purchasable","14":"product-type-variable","15":"has-default-attributes","16":"rtwpvg-product"},"supplier_id":null,"supplier_sku":"","barcode":null,"atum_controlled":true,"out_stock_date":null,"out_stock_threshold":null,"inheritable":true,"inbound_stock":null,"stock_on_hold":null,"sold_today":null,"sales_last_days":null,"reserved_stock":null,"customer_returns":null,"warehouse_damage":null,"lost_in_post":null,"other_logs":null,"out_stock_days":null,"lost_sales":null,"has_location":false,"update_date":"2026-04-21T11:13:12","atum_locations":[],"atum_stock_status":"outofstock","restock_status":false,"low_stock_amount":"","sales_update_date":"2025-08-06T21:57:47","calc_backorders":null,"_links":{"self":[{"href":"https:\/\/onesportmallorca.com\/en\/wp-json\/wp\/v2\/product\/154796","targetHints":{"allow":["GET"]}}],"collection":[{"href":"https:\/\/onesportmallorca.com\/en\/wp-json\/wp\/v2\/product"}],"about":[{"href":"https:\/\/onesportmallorca.com\/en\/wp-json\/wp\/v2\/types\/product"}],"wp:attachment":[{"href":"https:\/\/onesportmallorca.com\/en\/wp-json\/wp\/v2\/media?parent=154796"}],"wp:term":[{"taxonomy":"product_brand","embeddable":true,"href":"https:\/\/onesportmallorca.com\/en\/wp-json\/wp\/v2\/product_brand?post=154796"},{"taxonomy":"product_cat","embeddable":true,"href":"https:\/\/onesportmallorca.com\/en\/wp-json\/wp\/v2\/product_cat?post=154796"},{"taxonomy":"product_tag","embeddable":true,"href":"https:\/\/onesportmallorca.com\/en\/wp-json\/wp\/v2\/product_tag?post=154796"}],"curies":[{"name":"wp","href":"https:\/\/api.w.org\/{rel}","templated":true}]}}